{"id":131,"date":"2015-12-03T02:45:41","date_gmt":"2015-12-03T02:45:41","guid":{"rendered":"https:\/\/teresalaiz.com\/web\/?page_id=131"},"modified":"2015-12-29T23:52:47","modified_gmt":"2015-12-29T23:52:47","slug":"solista","status":"publish","type":"page","link":"https:\/\/teresalaiz.com\/web\/conciertos\/solista\/","title":{"rendered":"Solista"},"content":{"rendered":"<p style=\"text-align: justify;\">Teresa Laiz ofrece conciertos de casta\u00f1uelas como solista invitada en Orquestas y Bandas de M\u00fasica u otras formaciones musicales, seleccionando las piezas de su repertorio cl\u00e1sico, espa\u00f1ol y popular que mejor se adapten al programa requerido en cada ocasi\u00f3n.<\/p>\n","protected":false},"excerpt":{"rendered":"<p>Teresa Laiz ofrece conciertos de casta\u00f1uelas como solista invitada en Orquestas y Bandas de M\u00fasica u otras formaciones musicales, seleccionando las piezas de su repertorio cl\u00e1sico, espa\u00f1ol y popular que mejor se adapten al programa requerido en cada ocasi\u00f3n.<\/p>\n","protected":false},"author":1,"featured_media":223,"parent":117,"menu_order":0,"comment_status":"closed","ping_status":"closed","template":"templates\/full-width.php","meta":{"footnotes":""},"yoast_head":"<!-- This site is optimized with the Yoast SEO plugin v22.7 - https:\/\/yoast.com\/wordpress\/plugins\/seo\/ -->\n<title>Solista - Teresa Laiz<\/title>\n<meta name=\"robots\" content=\"index, follow, max-snippet:-1, max-image-preview:large, max-video-preview:-1\" \/>\n<link rel=\"canonical\" href=\"https:\/\/teresalaiz.com\/web\/conciertos\/solista\/\" \/>\n<meta property=\"og:locale\" content=\"es_ES\" \/>\n<meta property=\"og:type\" content=\"article\" \/>\n<meta property=\"og:title\" content=\"Solista - Teresa Laiz\" \/>\n<meta property=\"og:description\" content=\"Teresa Laiz ofrece conciertos de casta\u00f1uelas como solista invitada en Orquestas y Bandas de M\u00fasica u otras formaciones musicales, seleccionando las piezas de su repertorio cl\u00e1sico, espa\u00f1ol y popular que mejor se adapten al programa requerido en cada ocasi\u00f3n.\" \/>\n<meta property=\"og:url\" content=\"https:\/\/teresalaiz.com\/web\/conciertos\/solista\/\" \/>\n<meta property=\"og:site_name\" content=\"Teresa Laiz\" \/>\n<meta property=\"article:modified_time\" content=\"2015-12-29T23:52:47+00:00\" \/>\n<meta property=\"og:image\" content=\"https:\/\/teresalaiz.com\/web\/wp-content\/uploads\/2015\/12\/0f93f0228b2554051b632159873015ad.jpg\" \/>\n\t<meta property=\"og:image:width\" content=\"841\" \/>\n\t<meta property=\"og:image:height\" content=\"420\" \/>\n\t<meta property=\"og:image:type\" content=\"image\/jpeg\" \/>\n<meta name=\"twitter:card\" content=\"summary_large_image\" \/>\n<script type=\"application\/ld+json\" class=\"yoast-schema-graph\">{\"@context\":\"https:\/\/schema.org\",\"@graph\":[{\"@type\":\"WebPage\",\"@id\":\"https:\/\/teresalaiz.com\/web\/conciertos\/solista\/\",\"url\":\"https:\/\/teresalaiz.com\/web\/conciertos\/solista\/\",\"name\":\"Solista - Teresa Laiz\",\"isPartOf\":{\"@id\":\"https:\/\/teresalaiz.com\/web\/#website\"},\"primaryImageOfPage\":{\"@id\":\"https:\/\/teresalaiz.com\/web\/conciertos\/solista\/#primaryimage\"},\"image\":{\"@id\":\"https:\/\/teresalaiz.com\/web\/conciertos\/solista\/#primaryimage\"},\"thumbnailUrl\":\"https:\/\/teresalaiz.com\/web\/wp-content\/uploads\/2015\/12\/0f93f0228b2554051b632159873015ad.jpg\",\"datePublished\":\"2015-12-03T02:45:41+00:00\",\"dateModified\":\"2015-12-29T23:52:47+00:00\",\"breadcrumb\":{\"@id\":\"https:\/\/teresalaiz.com\/web\/conciertos\/solista\/#breadcrumb\"},\"inLanguage\":\"es\",\"potentialAction\":[{\"@type\":\"ReadAction\",\"target\":[\"https:\/\/teresalaiz.com\/web\/conciertos\/solista\/\"]}]},{\"@type\":\"ImageObject\",\"inLanguage\":\"es\",\"@id\":\"https:\/\/teresalaiz.com\/web\/conciertos\/solista\/#primaryimage\",\"url\":\"https:\/\/teresalaiz.com\/web\/wp-content\/uploads\/2015\/12\/0f93f0228b2554051b632159873015ad.jpg\",\"contentUrl\":\"https:\/\/teresalaiz.com\/web\/wp-content\/uploads\/2015\/12\/0f93f0228b2554051b632159873015ad.jpg\",\"width\":841,\"height\":420,\"caption\":\"Solista de Casta\u00f1uelas Teresa Laiz\"},{\"@type\":\"BreadcrumbList\",\"@id\":\"https:\/\/teresalaiz.com\/web\/conciertos\/solista\/#breadcrumb\",\"itemListElement\":[{\"@type\":\"ListItem\",\"position\":1,\"name\":\"Portada\",\"item\":\"https:\/\/teresalaiz.com\/web\/\"},{\"@type\":\"ListItem\",\"position\":2,\"name\":\"Conciertos\",\"item\":\"https:\/\/teresalaiz.com\/web\/conciertos\/\"},{\"@type\":\"ListItem\",\"position\":3,\"name\":\"Solista\"}]},{\"@type\":\"WebSite\",\"@id\":\"https:\/\/teresalaiz.com\/web\/#website\",\"url\":\"https:\/\/teresalaiz.com\/web\/\",\"name\":\"Teresa Laiz\",\"description\":\"Casta\u00f1uelas, Conciertos de Casta\u00f1uelas, Cursos de Casta\u00f1uelas, Festival Internacional de Casta\u00f1uelas, M\u00e9todo de Casta\u00f1uelas, Castanets, Castagnettes, Kastagnetten, \u30ab\u30b9\u30bf\u30cd\u30c3\u30c8\",\"potentialAction\":[{\"@type\":\"SearchAction\",\"target\":{\"@type\":\"EntryPoint\",\"urlTemplate\":\"https:\/\/teresalaiz.com\/web\/?s={search_term_string}\"},\"query-input\":\"required name=search_term_string\"}],\"inLanguage\":\"es\"}]}<\/script>\n<!-- \/ Yoast SEO plugin. -->","yoast_head_json":{"title":"Solista - Teresa Laiz","robots":{"index":"index","follow":"follow","max-snippet":"max-snippet:-1","max-image-preview":"max-image-preview:large","max-video-preview":"max-video-preview:-1"},"canonical":"https:\/\/teresalaiz.com\/web\/conciertos\/solista\/","og_locale":"es_ES","og_type":"article","og_title":"Solista - Teresa Laiz","og_description":"Teresa Laiz ofrece conciertos de casta\u00f1uelas como solista invitada en Orquestas y Bandas de M\u00fasica u otras formaciones musicales, seleccionando las piezas de su repertorio cl\u00e1sico, espa\u00f1ol y popular que mejor se adapten al programa requerido en cada ocasi\u00f3n.","og_url":"https:\/\/teresalaiz.com\/web\/conciertos\/solista\/","og_site_name":"Teresa Laiz","article_modified_time":"2015-12-29T23:52:47+00:00","og_image":[{"width":841,"height":420,"url":"https:\/\/teresalaiz.com\/web\/wp-content\/uploads\/2015\/12\/0f93f0228b2554051b632159873015ad.jpg","type":"image\/jpeg"}],"twitter_card":"summary_large_image","schema":{"@context":"https:\/\/schema.org","@graph":[{"@type":"WebPage","@id":"https:\/\/teresalaiz.com\/web\/conciertos\/solista\/","url":"https:\/\/teresalaiz.com\/web\/conciertos\/solista\/","name":"Solista - Teresa Laiz","isPartOf":{"@id":"https:\/\/teresalaiz.com\/web\/#website"},"primaryImageOfPage":{"@id":"https:\/\/teresalaiz.com\/web\/conciertos\/solista\/#primaryimage"},"image":{"@id":"https:\/\/teresalaiz.com\/web\/conciertos\/solista\/#primaryimage"},"thumbnailUrl":"https:\/\/teresalaiz.com\/web\/wp-content\/uploads\/2015\/12\/0f93f0228b2554051b632159873015ad.jpg","datePublished":"2015-12-03T02:45:41+00:00","dateModified":"2015-12-29T23:52:47+00:00","breadcrumb":{"@id":"https:\/\/teresalaiz.com\/web\/conciertos\/solista\/#breadcrumb"},"inLanguage":"es","potentialAction":[{"@type":"ReadAction","target":["https:\/\/teresalaiz.com\/web\/conciertos\/solista\/"]}]},{"@type":"ImageObject","inLanguage":"es","@id":"https:\/\/teresalaiz.com\/web\/conciertos\/solista\/#primaryimage","url":"https:\/\/teresalaiz.com\/web\/wp-content\/uploads\/2015\/12\/0f93f0228b2554051b632159873015ad.jpg","contentUrl":"https:\/\/teresalaiz.com\/web\/wp-content\/uploads\/2015\/12\/0f93f0228b2554051b632159873015ad.jpg","width":841,"height":420,"caption":"Solista de Casta\u00f1uelas Teresa Laiz"},{"@type":"BreadcrumbList","@id":"https:\/\/teresalaiz.com\/web\/conciertos\/solista\/#breadcrumb","itemListElement":[{"@type":"ListItem","position":1,"name":"Portada","item":"https:\/\/teresalaiz.com\/web\/"},{"@type":"ListItem","position":2,"name":"Conciertos","item":"https:\/\/teresalaiz.com\/web\/conciertos\/"},{"@type":"ListItem","position":3,"name":"Solista"}]},{"@type":"WebSite","@id":"https:\/\/teresalaiz.com\/web\/#website","url":"https:\/\/teresalaiz.com\/web\/","name":"Teresa Laiz","description":"Casta\u00f1uelas, Conciertos de Casta\u00f1uelas, Cursos de Casta\u00f1uelas, Festival Internacional de Casta\u00f1uelas, M\u00e9todo de Casta\u00f1uelas, Castanets, Castagnettes, Kastagnetten, \u30ab\u30b9\u30bf\u30cd\u30c3\u30c8","potentialAction":[{"@type":"SearchAction","target":{"@type":"EntryPoint","urlTemplate":"https:\/\/teresalaiz.com\/web\/?s={search_term_string}"},"query-input":"required name=search_term_string"}],"inLanguage":"es"}]}},"jetpack_sharing_enabled":true,"jetpack_shortlink":"https:\/\/wp.me\/P702QQ-27","jetpack_likes_enabled":true,"_links":{"self":[{"href":"https:\/\/teresalaiz.com\/web\/wp-json\/wp\/v2\/pages\/131"}],"collection":[{"href":"https:\/\/teresalaiz.com\/web\/wp-json\/wp\/v2\/pages"}],"about":[{"href":"https:\/\/teresalaiz.com\/web\/wp-json\/wp\/v2\/types\/page"}],"author":[{"embeddable":true,"href":"https:\/\/teresalaiz.com\/web\/wp-json\/wp\/v2\/users\/1"}],"replies":[{"embeddable":true,"href":"https:\/\/teresalaiz.com\/web\/wp-json\/wp\/v2\/comments?post=131"}],"version-history":[{"count":0,"href":"https:\/\/teresalaiz.com\/web\/wp-json\/wp\/v2\/pages\/131\/revisions"}],"up":[{"embeddable":true,"href":"https:\/\/teresalaiz.com\/web\/wp-json\/wp\/v2\/pages\/117"}],"wp:featuredmedia":[{"embeddable":true,"href":"https:\/\/teresalaiz.com\/web\/wp-json\/wp\/v2\/media\/223"}],"wp:attachment":[{"href":"https:\/\/teresalaiz.com\/web\/wp-json\/wp\/v2\/media?parent=131"}],"curies":[{"name":"wp","href":"https:\/\/api.w.org\/{rel}","templated":true}]}}