{"id":156,"date":"2015-12-03T14:29:14","date_gmt":"2015-12-03T14:29:14","guid":{"rendered":"https:\/\/teresalaiz.com\/web\/?page_id=156"},"modified":"2025-09-16T18:59:06","modified_gmt":"2025-09-16T18:59:06","slug":"cuarteto-de-cuerda-castanuelas","status":"publish","type":"page","link":"https:\/\/teresalaiz.com\/web\/cuarteto-de-cuerda-castanuelas\/","title":{"rendered":"Cuarteto de Cuerdas &#038; Casta\u00f1uelas"},"content":{"rendered":"<h4 style=\"text-align: center;\"><\/h4>\n<h4 style=\"text-align: center;\"><strong><i>Teresa Laiz\u00a0<\/i>\u00a0<i>&amp;<\/i>\u00a0<i>Cuarteto de Cuerdas<\/i><\/strong><\/h4>\n<p style=\"text-align: center;\">Un\u00a0 repertorio ecl\u00e9ctico y al alcance de todos, con m\u00fasicos de primera.<\/p>\n<p style=\"text-align: center;\">M\u00fasica antigua, m\u00fasica cl\u00e1sica, espa\u00f1ola y popular de varios pa\u00edses.<\/p>\n<p style=\"text-align: center;\">Adaptamos el repertorio a cada ocasi\u00f3n.<\/p>\n","protected":false},"excerpt":{"rendered":"<p>Teresa Laiz\u00a0\u00a0&amp;\u00a0Cuarteto de Cuerdas Un\u00a0 repertorio ecl\u00e9ctico y al alcance de todos, con m\u00fasicos de primera. M\u00fasica antigua, m\u00fasica cl\u00e1sica, espa\u00f1ola y popular de varios pa\u00edses. Adaptamos el repertorio a cada ocasi\u00f3n.<\/p>\n","protected":false},"author":1,"featured_media":226,"parent":0,"menu_order":0,"comment_status":"closed","ping_status":"closed","template":"templates\/full-width.php","meta":{"footnotes":""},"yoast_head":"<!-- This site is optimized with the Yoast SEO plugin v22.7 - https:\/\/yoast.com\/wordpress\/plugins\/seo\/ -->\n<title>Cuarteto de Cuerdas &amp; Casta\u00f1uelas - Teresa Laiz<\/title>\n<meta name=\"robots\" content=\"index, follow, max-snippet:-1, max-image-preview:large, max-video-preview:-1\" \/>\n<link rel=\"canonical\" href=\"https:\/\/teresalaiz.com\/web\/cuarteto-de-cuerda-castanuelas\/\" \/>\n<meta property=\"og:locale\" content=\"es_ES\" \/>\n<meta property=\"og:type\" content=\"article\" \/>\n<meta property=\"og:title\" content=\"Cuarteto de Cuerdas &amp; Casta\u00f1uelas - Teresa Laiz\" \/>\n<meta property=\"og:description\" content=\"Teresa Laiz\u00a0\u00a0&amp;\u00a0Cuarteto de Cuerdas Un\u00a0 repertorio ecl\u00e9ctico y al alcance de todos, con m\u00fasicos de primera. M\u00fasica antigua, m\u00fasica cl\u00e1sica, espa\u00f1ola y popular de varios pa\u00edses. Adaptamos el repertorio a cada ocasi\u00f3n.\" \/>\n<meta property=\"og:url\" content=\"https:\/\/teresalaiz.com\/web\/cuarteto-de-cuerda-castanuelas\/\" \/>\n<meta property=\"og:site_name\" content=\"Teresa Laiz\" \/>\n<meta property=\"article:modified_time\" content=\"2025-09-16T18:59:06+00:00\" \/>\n<meta property=\"og:image\" content=\"https:\/\/teresalaiz.com\/web\/wp-content\/uploads\/2015\/12\/fb8caaffb91725ee98612a3135606502.jpg\" \/>\n\t<meta property=\"og:image:width\" content=\"632\" \/>\n\t<meta property=\"og:image:height\" content=\"420\" \/>\n\t<meta property=\"og:image:type\" content=\"image\/jpeg\" \/>\n<meta name=\"twitter:card\" content=\"summary_large_image\" \/>\n<meta name=\"twitter:label1\" content=\"Tiempo de lectura\" \/>\n\t<meta name=\"twitter:data1\" content=\"1 minuto\" \/>\n<script type=\"application\/ld+json\" class=\"yoast-schema-graph\">{\"@context\":\"https:\/\/schema.org\",\"@graph\":[{\"@type\":\"WebPage\",\"@id\":\"https:\/\/teresalaiz.com\/web\/cuarteto-de-cuerda-castanuelas\/\",\"url\":\"https:\/\/teresalaiz.com\/web\/cuarteto-de-cuerda-castanuelas\/\",\"name\":\"Cuarteto de Cuerdas & Casta\u00f1uelas - Teresa Laiz\",\"isPartOf\":{\"@id\":\"https:\/\/teresalaiz.com\/web\/#website\"},\"primaryImageOfPage\":{\"@id\":\"https:\/\/teresalaiz.com\/web\/cuarteto-de-cuerda-castanuelas\/#primaryimage\"},\"image\":{\"@id\":\"https:\/\/teresalaiz.com\/web\/cuarteto-de-cuerda-castanuelas\/#primaryimage\"},\"thumbnailUrl\":\"https:\/\/teresalaiz.com\/web\/wp-content\/uploads\/2015\/12\/fb8caaffb91725ee98612a3135606502.jpg\",\"datePublished\":\"2015-12-03T14:29:14+00:00\",\"dateModified\":\"2025-09-16T18:59:06+00:00\",\"breadcrumb\":{\"@id\":\"https:\/\/teresalaiz.com\/web\/cuarteto-de-cuerda-castanuelas\/#breadcrumb\"},\"inLanguage\":\"es\",\"potentialAction\":[{\"@type\":\"ReadAction\",\"target\":[\"https:\/\/teresalaiz.com\/web\/cuarteto-de-cuerda-castanuelas\/\"]}]},{\"@type\":\"ImageObject\",\"inLanguage\":\"es\",\"@id\":\"https:\/\/teresalaiz.com\/web\/cuarteto-de-cuerda-castanuelas\/#primaryimage\",\"url\":\"https:\/\/teresalaiz.com\/web\/wp-content\/uploads\/2015\/12\/fb8caaffb91725ee98612a3135606502.jpg\",\"contentUrl\":\"https:\/\/teresalaiz.com\/web\/wp-content\/uploads\/2015\/12\/fb8caaffb91725ee98612a3135606502.jpg\",\"width\":632,\"height\":420,\"caption\":\"Quartet S\u00f3nor & Teresa Laiz - Concierto de Casta\u00f1uelas\"},{\"@type\":\"BreadcrumbList\",\"@id\":\"https:\/\/teresalaiz.com\/web\/cuarteto-de-cuerda-castanuelas\/#breadcrumb\",\"itemListElement\":[{\"@type\":\"ListItem\",\"position\":1,\"name\":\"Portada\",\"item\":\"https:\/\/teresalaiz.com\/web\/\"},{\"@type\":\"ListItem\",\"position\":2,\"name\":\"Cuarteto de Cuerdas &#038; Casta\u00f1uelas\"}]},{\"@type\":\"WebSite\",\"@id\":\"https:\/\/teresalaiz.com\/web\/#website\",\"url\":\"https:\/\/teresalaiz.com\/web\/\",\"name\":\"Teresa Laiz\",\"description\":\"Casta\u00f1uelas, Conciertos de Casta\u00f1uelas, Cursos de Casta\u00f1uelas, Festival Internacional de Casta\u00f1uelas, M\u00e9todo de Casta\u00f1uelas, Castanets, Castagnettes, Kastagnetten, \u30ab\u30b9\u30bf\u30cd\u30c3\u30c8\",\"potentialAction\":[{\"@type\":\"SearchAction\",\"target\":{\"@type\":\"EntryPoint\",\"urlTemplate\":\"https:\/\/teresalaiz.com\/web\/?s={search_term_string}\"},\"query-input\":\"required name=search_term_string\"}],\"inLanguage\":\"es\"}]}<\/script>\n<!-- \/ Yoast SEO plugin. -->","yoast_head_json":{"title":"Cuarteto de Cuerdas & Casta\u00f1uelas - Teresa Laiz","robots":{"index":"index","follow":"follow","max-snippet":"max-snippet:-1","max-image-preview":"max-image-preview:large","max-video-preview":"max-video-preview:-1"},"canonical":"https:\/\/teresalaiz.com\/web\/cuarteto-de-cuerda-castanuelas\/","og_locale":"es_ES","og_type":"article","og_title":"Cuarteto de Cuerdas & Casta\u00f1uelas - Teresa Laiz","og_description":"Teresa Laiz\u00a0\u00a0&amp;\u00a0Cuarteto de Cuerdas Un\u00a0 repertorio ecl\u00e9ctico y al alcance de todos, con m\u00fasicos de primera. M\u00fasica antigua, m\u00fasica cl\u00e1sica, espa\u00f1ola y popular de varios pa\u00edses. Adaptamos el repertorio a cada ocasi\u00f3n.","og_url":"https:\/\/teresalaiz.com\/web\/cuarteto-de-cuerda-castanuelas\/","og_site_name":"Teresa Laiz","article_modified_time":"2025-09-16T18:59:06+00:00","og_image":[{"width":632,"height":420,"url":"https:\/\/teresalaiz.com\/web\/wp-content\/uploads\/2015\/12\/fb8caaffb91725ee98612a3135606502.jpg","type":"image\/jpeg"}],"twitter_card":"summary_large_image","twitter_misc":{"Tiempo de lectura":"1 minuto"},"schema":{"@context":"https:\/\/schema.org","@graph":[{"@type":"WebPage","@id":"https:\/\/teresalaiz.com\/web\/cuarteto-de-cuerda-castanuelas\/","url":"https:\/\/teresalaiz.com\/web\/cuarteto-de-cuerda-castanuelas\/","name":"Cuarteto de Cuerdas & Casta\u00f1uelas - Teresa Laiz","isPartOf":{"@id":"https:\/\/teresalaiz.com\/web\/#website"},"primaryImageOfPage":{"@id":"https:\/\/teresalaiz.com\/web\/cuarteto-de-cuerda-castanuelas\/#primaryimage"},"image":{"@id":"https:\/\/teresalaiz.com\/web\/cuarteto-de-cuerda-castanuelas\/#primaryimage"},"thumbnailUrl":"https:\/\/teresalaiz.com\/web\/wp-content\/uploads\/2015\/12\/fb8caaffb91725ee98612a3135606502.jpg","datePublished":"2015-12-03T14:29:14+00:00","dateModified":"2025-09-16T18:59:06+00:00","breadcrumb":{"@id":"https:\/\/teresalaiz.com\/web\/cuarteto-de-cuerda-castanuelas\/#breadcrumb"},"inLanguage":"es","potentialAction":[{"@type":"ReadAction","target":["https:\/\/teresalaiz.com\/web\/cuarteto-de-cuerda-castanuelas\/"]}]},{"@type":"ImageObject","inLanguage":"es","@id":"https:\/\/teresalaiz.com\/web\/cuarteto-de-cuerda-castanuelas\/#primaryimage","url":"https:\/\/teresalaiz.com\/web\/wp-content\/uploads\/2015\/12\/fb8caaffb91725ee98612a3135606502.jpg","contentUrl":"https:\/\/teresalaiz.com\/web\/wp-content\/uploads\/2015\/12\/fb8caaffb91725ee98612a3135606502.jpg","width":632,"height":420,"caption":"Quartet S\u00f3nor & Teresa Laiz - Concierto de Casta\u00f1uelas"},{"@type":"BreadcrumbList","@id":"https:\/\/teresalaiz.com\/web\/cuarteto-de-cuerda-castanuelas\/#breadcrumb","itemListElement":[{"@type":"ListItem","position":1,"name":"Portada","item":"https:\/\/teresalaiz.com\/web\/"},{"@type":"ListItem","position":2,"name":"Cuarteto de Cuerdas &#038; Casta\u00f1uelas"}]},{"@type":"WebSite","@id":"https:\/\/teresalaiz.com\/web\/#website","url":"https:\/\/teresalaiz.com\/web\/","name":"Teresa Laiz","description":"Casta\u00f1uelas, Conciertos de Casta\u00f1uelas, Cursos de Casta\u00f1uelas, Festival Internacional de Casta\u00f1uelas, M\u00e9todo de Casta\u00f1uelas, Castanets, Castagnettes, Kastagnetten, \u30ab\u30b9\u30bf\u30cd\u30c3\u30c8","potentialAction":[{"@type":"SearchAction","target":{"@type":"EntryPoint","urlTemplate":"https:\/\/teresalaiz.com\/web\/?s={search_term_string}"},"query-input":"required name=search_term_string"}],"inLanguage":"es"}]}},"jetpack_sharing_enabled":true,"jetpack_shortlink":"https:\/\/wp.me\/P702QQ-2w","jetpack_likes_enabled":true,"_links":{"self":[{"href":"https:\/\/teresalaiz.com\/web\/wp-json\/wp\/v2\/pages\/156"}],"collection":[{"href":"https:\/\/teresalaiz.com\/web\/wp-json\/wp\/v2\/pages"}],"about":[{"href":"https:\/\/teresalaiz.com\/web\/wp-json\/wp\/v2\/types\/page"}],"author":[{"embeddable":true,"href":"https:\/\/teresalaiz.com\/web\/wp-json\/wp\/v2\/users\/1"}],"replies":[{"embeddable":true,"href":"https:\/\/teresalaiz.com\/web\/wp-json\/wp\/v2\/comments?post=156"}],"version-history":[{"count":3,"href":"https:\/\/teresalaiz.com\/web\/wp-json\/wp\/v2\/pages\/156\/revisions"}],"predecessor-version":[{"id":4255,"href":"https:\/\/teresalaiz.com\/web\/wp-json\/wp\/v2\/pages\/156\/revisions\/4255"}],"wp:featuredmedia":[{"embeddable":true,"href":"https:\/\/teresalaiz.com\/web\/wp-json\/wp\/v2\/media\/226"}],"wp:attachment":[{"href":"https:\/\/teresalaiz.com\/web\/wp-json\/wp\/v2\/media?parent=156"}],"curies":[{"name":"wp","href":"https:\/\/api.w.org\/{rel}","templated":true}]}}