{"id":1832,"date":"2020-10-18T23:38:21","date_gmt":"2020-10-18T23:38:21","guid":{"rendered":"https:\/\/teresalaiz.com\/web\/?page_id=1832"},"modified":"2021-10-26T18:29:13","modified_gmt":"2021-10-26T18:29:13","slug":"blog","status":"publish","type":"page","link":"https:\/\/teresalaiz.com\/web\/blog\/","title":{"rendered":"Blog"},"content":{"rendered":"<h2 style=\"text-align: center;\"><strong>Todo sobre las Casta\u00f1uelas<\/strong><\/h2>\n<h4 style=\"text-align: center;\"><strong>Historia, Personajes, Instrumento, Tutoriales, Curiosidades, An\u00e9cdotas, Preguntas, Entrevistas&#8230;<\/strong><\/h4>\n<p style=\"text-align: center;\">por Teresa Laiz<\/p>\n<figure id=\"attachment_1840\" aria-describedby=\"caption-attachment-1840\" style=\"width: 400px\" class=\"wp-caption aligncenter\"><a href=\"https:\/\/escuela.teresalaiz.com\/blogEscuela\" target=\"_blank\" rel=\"noopener noreferrer\"><img loading=\"lazy\" decoding=\"async\" class=\"wp-image-1840 size-full\" src=\"https:\/\/teresalaiz.com\/web\/wp-content\/uploads\/2020\/10\/10.-Blog.jpg\" alt=\"Entra en el Blog\" width=\"400\" height=\"400\" srcset=\"https:\/\/teresalaiz.com\/web\/wp-content\/uploads\/2020\/10\/10.-Blog.jpg 400w, https:\/\/teresalaiz.com\/web\/wp-content\/uploads\/2020\/10\/10.-Blog-300x300.jpg 300w, https:\/\/teresalaiz.com\/web\/wp-content\/uploads\/2020\/10\/10.-Blog-150x150.jpg 150w\" sizes=\"auto, (max-width: 400px) 100vw, 400px\" \/><\/a><figcaption id=\"caption-attachment-1840\" class=\"wp-caption-text\"><span style=\"color: #0000ff;\"><a style=\"color: #0000ff;\" href=\"https:\/\/escuela.teresalaiz.com\/blogEscuela\" target=\"_blank\" rel=\"noopener noreferrer\"><span style=\"font-size: 14pt;\"><strong><span style=\"color: #3366ff;\"><span style=\"font-size: 18pt;\"><span style=\"font-size: 14pt;\">Entra en el Blog<\/span><\/span><\/span><\/strong><\/span><\/a><\/span><\/figcaption><\/figure>\n","protected":false},"excerpt":{"rendered":"<p>Todo sobre las Casta\u00f1uelas Historia, Personajes, Instrumento, Tutoriales, Curiosidades, An\u00e9cdotas, Preguntas, Entrevistas&#8230; por Teresa Laiz<\/p>\n","protected":false},"author":1,"featured_media":0,"parent":0,"menu_order":0,"comment_status":"closed","ping_status":"closed","template":"templates\/full-width.php","meta":{"footnotes":""},"class_list":["post-1832","page","type-page","status-publish","hentry"],"yoast_head":"<!-- This site is optimized with the Yoast SEO plugin v27.6 - https:\/\/yoast.com\/product\/yoast-seo-wordpress\/ -->\n<title>Blog - Teresa Laiz<\/title>\n<meta name=\"description\" content=\"Blog sobre Casta\u00f1uelas por Escuela de Casta\u00f1uelas Teresa Laiz\" \/>\n<meta name=\"robots\" content=\"index, follow, max-snippet:-1, max-image-preview:large, max-video-preview:-1\" \/>\n<link rel=\"canonical\" href=\"https:\/\/teresalaiz.com\/web\/blog\/\" \/>\n<meta property=\"og:locale\" content=\"es_ES\" \/>\n<meta property=\"og:type\" content=\"article\" \/>\n<meta property=\"og:title\" content=\"Blog - Teresa Laiz\" \/>\n<meta property=\"og:description\" content=\"Blog sobre Casta\u00f1uelas por Escuela de Casta\u00f1uelas Teresa Laiz\" \/>\n<meta property=\"og:url\" content=\"https:\/\/teresalaiz.com\/web\/blog\/\" \/>\n<meta property=\"og:site_name\" content=\"Teresa Laiz\" \/>\n<meta property=\"article:modified_time\" content=\"2021-10-26T18:29:13+00:00\" \/>\n<meta property=\"og:image\" content=\"https:\/\/teresalaiz.com\/web\/wp-content\/uploads\/2020\/10\/10.-Blog.jpg\" \/>\n<meta name=\"twitter:card\" content=\"summary_large_image\" \/>\n<meta name=\"twitter:label1\" content=\"Tiempo de lectura\" \/>\n\t<meta name=\"twitter:data1\" content=\"1 minuto\" \/>\n<script type=\"application\/ld+json\" class=\"yoast-schema-graph\">{\"@context\":\"https:\\\/\\\/schema.org\",\"@graph\":[{\"@type\":\"WebPage\",\"@id\":\"https:\\\/\\\/teresalaiz.com\\\/web\\\/blog\\\/\",\"url\":\"https:\\\/\\\/teresalaiz.com\\\/web\\\/blog\\\/\",\"name\":\"Blog - Teresa Laiz\",\"isPartOf\":{\"@id\":\"https:\\\/\\\/teresalaiz.com\\\/web\\\/#website\"},\"primaryImageOfPage\":{\"@id\":\"https:\\\/\\\/teresalaiz.com\\\/web\\\/blog\\\/#primaryimage\"},\"image\":{\"@id\":\"https:\\\/\\\/teresalaiz.com\\\/web\\\/blog\\\/#primaryimage\"},\"thumbnailUrl\":\"https:\\\/\\\/teresalaiz.com\\\/web\\\/wp-content\\\/uploads\\\/2020\\\/10\\\/10.-Blog.jpg\",\"datePublished\":\"2020-10-18T23:38:21+00:00\",\"dateModified\":\"2021-10-26T18:29:13+00:00\",\"description\":\"Blog sobre Casta\u00f1uelas por Escuela de Casta\u00f1uelas Teresa Laiz\",\"breadcrumb\":{\"@id\":\"https:\\\/\\\/teresalaiz.com\\\/web\\\/blog\\\/#breadcrumb\"},\"inLanguage\":\"es\",\"potentialAction\":[{\"@type\":\"ReadAction\",\"target\":[\"https:\\\/\\\/teresalaiz.com\\\/web\\\/blog\\\/\"]}]},{\"@type\":\"ImageObject\",\"inLanguage\":\"es\",\"@id\":\"https:\\\/\\\/teresalaiz.com\\\/web\\\/blog\\\/#primaryimage\",\"url\":\"https:\\\/\\\/teresalaiz.com\\\/web\\\/wp-content\\\/uploads\\\/2020\\\/10\\\/10.-Blog.jpg\",\"contentUrl\":\"https:\\\/\\\/teresalaiz.com\\\/web\\\/wp-content\\\/uploads\\\/2020\\\/10\\\/10.-Blog.jpg\",\"width\":400,\"height\":400,\"caption\":\"Entra en el Blog\"},{\"@type\":\"BreadcrumbList\",\"@id\":\"https:\\\/\\\/teresalaiz.com\\\/web\\\/blog\\\/#breadcrumb\",\"itemListElement\":[{\"@type\":\"ListItem\",\"position\":1,\"name\":\"Portada\",\"item\":\"https:\\\/\\\/teresalaiz.com\\\/web\\\/\"},{\"@type\":\"ListItem\",\"position\":2,\"name\":\"Blog\"}]},{\"@type\":\"WebSite\",\"@id\":\"https:\\\/\\\/teresalaiz.com\\\/web\\\/#website\",\"url\":\"https:\\\/\\\/teresalaiz.com\\\/web\\\/\",\"name\":\"Teresa Laiz\",\"description\":\"Casta\u00f1uelas, Conciertos de Casta\u00f1uelas, Cursos de Casta\u00f1uelas, Festival Internacional de Casta\u00f1uelas, M\u00e9todo de Casta\u00f1uelas, Castanets, Castagnettes, Kastagnetten, \u30ab\u30b9\u30bf\u30cd\u30c3\u30c8\",\"potentialAction\":[{\"@type\":\"SearchAction\",\"target\":{\"@type\":\"EntryPoint\",\"urlTemplate\":\"https:\\\/\\\/teresalaiz.com\\\/web\\\/?s={search_term_string}\"},\"query-input\":{\"@type\":\"PropertyValueSpecification\",\"valueRequired\":true,\"valueName\":\"search_term_string\"}}],\"inLanguage\":\"es\"}]}<\/script>\n<!-- \/ Yoast SEO plugin. -->","yoast_head_json":{"title":"Blog - Teresa Laiz","description":"Blog sobre Casta\u00f1uelas por Escuela de Casta\u00f1uelas Teresa Laiz","robots":{"index":"index","follow":"follow","max-snippet":"max-snippet:-1","max-image-preview":"max-image-preview:large","max-video-preview":"max-video-preview:-1"},"canonical":"https:\/\/teresalaiz.com\/web\/blog\/","og_locale":"es_ES","og_type":"article","og_title":"Blog - Teresa Laiz","og_description":"Blog sobre Casta\u00f1uelas por Escuela de Casta\u00f1uelas Teresa Laiz","og_url":"https:\/\/teresalaiz.com\/web\/blog\/","og_site_name":"Teresa Laiz","article_modified_time":"2021-10-26T18:29:13+00:00","og_image":[{"url":"https:\/\/teresalaiz.com\/web\/wp-content\/uploads\/2020\/10\/10.-Blog.jpg","type":"","width":"","height":""}],"twitter_card":"summary_large_image","twitter_misc":{"Tiempo de lectura":"1 minuto"},"schema":{"@context":"https:\/\/schema.org","@graph":[{"@type":"WebPage","@id":"https:\/\/teresalaiz.com\/web\/blog\/","url":"https:\/\/teresalaiz.com\/web\/blog\/","name":"Blog - Teresa Laiz","isPartOf":{"@id":"https:\/\/teresalaiz.com\/web\/#website"},"primaryImageOfPage":{"@id":"https:\/\/teresalaiz.com\/web\/blog\/#primaryimage"},"image":{"@id":"https:\/\/teresalaiz.com\/web\/blog\/#primaryimage"},"thumbnailUrl":"https:\/\/teresalaiz.com\/web\/wp-content\/uploads\/2020\/10\/10.-Blog.jpg","datePublished":"2020-10-18T23:38:21+00:00","dateModified":"2021-10-26T18:29:13+00:00","description":"Blog sobre Casta\u00f1uelas por Escuela de Casta\u00f1uelas Teresa Laiz","breadcrumb":{"@id":"https:\/\/teresalaiz.com\/web\/blog\/#breadcrumb"},"inLanguage":"es","potentialAction":[{"@type":"ReadAction","target":["https:\/\/teresalaiz.com\/web\/blog\/"]}]},{"@type":"ImageObject","inLanguage":"es","@id":"https:\/\/teresalaiz.com\/web\/blog\/#primaryimage","url":"https:\/\/teresalaiz.com\/web\/wp-content\/uploads\/2020\/10\/10.-Blog.jpg","contentUrl":"https:\/\/teresalaiz.com\/web\/wp-content\/uploads\/2020\/10\/10.-Blog.jpg","width":400,"height":400,"caption":"Entra en el Blog"},{"@type":"BreadcrumbList","@id":"https:\/\/teresalaiz.com\/web\/blog\/#breadcrumb","itemListElement":[{"@type":"ListItem","position":1,"name":"Portada","item":"https:\/\/teresalaiz.com\/web\/"},{"@type":"ListItem","position":2,"name":"Blog"}]},{"@type":"WebSite","@id":"https:\/\/teresalaiz.com\/web\/#website","url":"https:\/\/teresalaiz.com\/web\/","name":"Teresa Laiz","description":"Casta\u00f1uelas, Conciertos de Casta\u00f1uelas, Cursos de Casta\u00f1uelas, Festival Internacional de Casta\u00f1uelas, M\u00e9todo de Casta\u00f1uelas, Castanets, Castagnettes, Kastagnetten, \u30ab\u30b9\u30bf\u30cd\u30c3\u30c8","potentialAction":[{"@type":"SearchAction","target":{"@type":"EntryPoint","urlTemplate":"https:\/\/teresalaiz.com\/web\/?s={search_term_string}"},"query-input":{"@type":"PropertyValueSpecification","valueRequired":true,"valueName":"search_term_string"}}],"inLanguage":"es"}]}},"jetpack_sharing_enabled":true,"jetpack_shortlink":"https:\/\/wp.me\/P702QQ-ty","jetpack_likes_enabled":true,"_links":{"self":[{"href":"https:\/\/teresalaiz.com\/web\/wp-json\/wp\/v2\/pages\/1832","targetHints":{"allow":["GET"]}}],"collection":[{"href":"https:\/\/teresalaiz.com\/web\/wp-json\/wp\/v2\/pages"}],"about":[{"href":"https:\/\/teresalaiz.com\/web\/wp-json\/wp\/v2\/types\/page"}],"author":[{"embeddable":true,"href":"https:\/\/teresalaiz.com\/web\/wp-json\/wp\/v2\/users\/1"}],"replies":[{"embeddable":true,"href":"https:\/\/teresalaiz.com\/web\/wp-json\/wp\/v2\/comments?post=1832"}],"version-history":[{"count":0,"href":"https:\/\/teresalaiz.com\/web\/wp-json\/wp\/v2\/pages\/1832\/revisions"}],"wp:attachment":[{"href":"https:\/\/teresalaiz.com\/web\/wp-json\/wp\/v2\/media?parent=1832"}],"curies":[{"name":"wp","href":"https:\/\/api.w.org\/{rel}","templated":true}]}}