{"id":2108,"date":"2021-10-21T16:02:31","date_gmt":"2021-10-21T16:02:31","guid":{"rendered":"https:\/\/teresalaiz.com\/web\/?page_id=2108"},"modified":"2021-10-21T16:21:28","modified_gmt":"2021-10-21T16:21:28","slug":"audios","status":"publish","type":"page","link":"https:\/\/teresalaiz.com\/web\/media\/audios\/","title":{"rendered":"Audios"},"content":{"rendered":"<div class=\"cue-playlist-container\">\n<div class=\"cue-playlist cue-theme-default\" itemscope itemtype=\"http:\/\/schema.org\/MusicPlaylist\">\n\t\n\t<meta itemprop=\"numTracks\" content=\"7\" \/>\n\n\t<audio src=\"https:\/\/teresalaiz.com\/web\/wp-content\/uploads\/2015\/12\/La-Boda-de-Luis-Alonso-Intermedio.mp3\" controls preload=\"none\" class=\"cue-audio\" style=\"width: 100%; height: auto\"><\/audio>\n\n\t<ol class=\"cue-tracks\">\n\t\t\t\t\t<li class=\"cue-track\" itemprop=\"track\" itemscope itemtype=\"http:\/\/schema.org\/MusicRecording\">\n\t\t\t\t\n\t\t\t\t<span class=\"cue-track-details cue-track-cell\">\n\t\t\t\t\t<span class=\"cue-track-title\" itemprop=\"name\">La Boda de Luis Alonso<\/span>\n\t\t\t\t\t<span class=\"cue-track-artist\" itemprop=\"byArtist\">Teresa Laiz<\/span>\n\t\t\t\t<\/span>\n\n\t\t\t\t<span class=\"cue-track-actions cue-track-cell\"><\/span>\n\t\t\t\t<span class=\"cue-track-length cue-track-cell\">5:27<\/span>\n\n\t\t\t\t\t\t\t<\/li>\n\t\t\t\t\t<li class=\"cue-track\" itemprop=\"track\" itemscope itemtype=\"http:\/\/schema.org\/MusicRecording\">\n\t\t\t\t\n\t\t\t\t<span class=\"cue-track-details cue-track-cell\">\n\t\t\t\t\t<span class=\"cue-track-title\" itemprop=\"name\">Tico-Tico No Fub\u00e1<\/span>\n\t\t\t\t\t<span class=\"cue-track-artist\" itemprop=\"byArtist\">Teresa Laiz<\/span>\n\t\t\t\t<\/span>\n\n\t\t\t\t<span class=\"cue-track-actions cue-track-cell\"><\/span>\n\t\t\t\t<span class=\"cue-track-length cue-track-cell\">2:16<\/span>\n\n\t\t\t\t\t\t\t<\/li>\n\t\t\t\t\t<li class=\"cue-track\" itemprop=\"track\" itemscope itemtype=\"http:\/\/schema.org\/MusicRecording\">\n\t\t\t\t\n\t\t\t\t<span class=\"cue-track-details cue-track-cell\">\n\t\t\t\t\t<span class=\"cue-track-title\" itemprop=\"name\">Sinfon\u00eda n\u00ba 40 (Mozart)<\/span>\n\t\t\t\t\t<span class=\"cue-track-artist\" itemprop=\"byArtist\">Teresa Laiz<\/span>\n\t\t\t\t<\/span>\n\n\t\t\t\t<span class=\"cue-track-actions cue-track-cell\"><\/span>\n\t\t\t\t<span class=\"cue-track-length cue-track-cell\">0:49<\/span>\n\n\t\t\t\t\t\t\t<\/li>\n\t\t\t\t\t<li class=\"cue-track\" itemprop=\"track\" itemscope itemtype=\"http:\/\/schema.org\/MusicRecording\">\n\t\t\t\t\n\t\t\t\t<span class=\"cue-track-details cue-track-cell\">\n\t\t\t\t\t<span class=\"cue-track-title\" itemprop=\"name\">Marcha Radetzky (J. Strauss)<\/span>\n\t\t\t\t\t<span class=\"cue-track-artist\" itemprop=\"byArtist\">Teresa Laiz<\/span>\n\t\t\t\t<\/span>\n\n\t\t\t\t<span class=\"cue-track-actions cue-track-cell\"><\/span>\n\t\t\t\t<span class=\"cue-track-length cue-track-cell\">0:57<\/span>\n\n\t\t\t\t\t\t\t<\/li>\n\t\t\t\t\t<li class=\"cue-track\" itemprop=\"track\" itemscope itemtype=\"http:\/\/schema.org\/MusicRecording\">\n\t\t\t\t\n\t\t\t\t<span class=\"cue-track-details cue-track-cell\">\n\t\t\t\t\t<span class=\"cue-track-title\" itemprop=\"name\">La vie en rose (Jazz)<\/span>\n\t\t\t\t\t<span class=\"cue-track-artist\" itemprop=\"byArtist\">Teresa Laiz<\/span>\n\t\t\t\t<\/span>\n\n\t\t\t\t<span class=\"cue-track-actions cue-track-cell\"><\/span>\n\t\t\t\t<span class=\"cue-track-length cue-track-cell\">2:07<\/span>\n\n\t\t\t\t\t\t\t<\/li>\n\t\t\t\t\t<li class=\"cue-track\" itemprop=\"track\" itemscope itemtype=\"http:\/\/schema.org\/MusicRecording\">\n\t\t\t\t\n\t\t\t\t<span class=\"cue-track-details cue-track-cell\">\n\t\t\t\t\t<span class=\"cue-track-title\" itemprop=\"name\">Soleares por Buler\u00edas.mp3<\/span>\n\t\t\t\t\t<span class=\"cue-track-artist\" itemprop=\"byArtist\"><\/span>\n\t\t\t\t<\/span>\n\n\t\t\t\t<span class=\"cue-track-actions cue-track-cell\"><\/span>\n\t\t\t\t<span class=\"cue-track-length cue-track-cell\">3:34<\/span>\n\n\t\t\t\t\t\t\t<\/li>\n\t\t\t\t\t<li class=\"cue-track\" itemprop=\"track\" itemscope itemtype=\"http:\/\/schema.org\/MusicRecording\">\n\t\t\t\t\n\t\t\t\t<span class=\"cue-track-details cue-track-cell\">\n\t\t\t\t\t<span class=\"cue-track-title\" itemprop=\"name\">Sevillanas<\/span>\n\t\t\t\t\t<span class=\"cue-track-artist\" itemprop=\"byArtist\">Teresa Laiz<\/span>\n\t\t\t\t<\/span>\n\n\t\t\t\t<span class=\"cue-track-actions cue-track-cell\"><\/span>\n\t\t\t\t<span class=\"cue-track-length cue-track-cell\">3:53<\/span>\n\n\t\t\t\t\t\t\t<\/li>\n\t\t\t<\/ol>\n\n\t\t\t<div class=\"cue-share-dialog\">\n\t\t\t<h2 class=\"cue-share-dialog-title\">Embed<\/h2>\n\t\t\t<p>\n\t\t\t\tCopy and paste this code to your site to embed.\t\t\t<\/p>\n\t\t\t<p>\n\t\t\t\t<textarea rows=\"3\" onclick=\"this.select();\" readonly>&lt;iframe class=&quot;cue-embed&quot; src=&quot;https:\/\/teresalaiz.com\/web\/?cue_embed=repicando-el-alma&amp;#038;cue_theme=default&quot; frameborder=&quot;0&quot; marginwidth=&quot;0&quot; marginheight=&quot;0&quot; width=&quot;100%&quot; height=&quot;400&quot;&gt;&lt;\/iframe&gt;&lt;script src=&quot;https:\/\/teresalaiz.com\/web\/wp-content\/plugins\/cuepro\/assets\/js\/embed.min.js&quot;&gt;&lt;\/script&gt;<\/textarea>\n\t\t\t<\/p>\n\t\t\t<button class=\"cue-share-dialog-close js-close\" title=\"Close\">\n\t\t\t\t<svg xmlns=\"http:\/\/www.w3.org\/2000\/svg\" xmlns:xlink=\"http:\/\/www.w3.org\/1999\/xlink\" viewBox=\"0 0 24 24\">\n\t\t\t\t\t<path d=\"M21,4.41L19.59,3L12,10.59L4.41,3L3,4.41L10.59,12L3,19.59L4.41,21L12,13.41L19.59,21L21,19.59L13.41,12L21,4.41z\"\/>\n\t\t\t\t<\/svg>\n\t\t\t<\/button>\n\t\t<\/div>\n\t\t<\/div>\n\t\t<script type=\"application\/json\" class=\"cue-playlist-data\">{\"embed_link\":\"https:\\\/\\\/teresalaiz.com\\\/web\\\/?cue_embed=repicando-el-alma&cue_theme=default\",\"permalink\":\"https:\\\/\\\/teresalaiz.com\\\/web\\\/?cue_playlist=repicando-el-alma\",\"skin\":\"cue-skin-default\",\"thumbnail\":\"\",\"tracks\":[{\"artist\":\"Teresa Laiz\",\"artworkId\":0,\"artworkUrl\":\"\",\"audioId\":671,\"audioUrl\":\"https:\\\/\\\/teresalaiz.com\\\/web\\\/wp-content\\\/uploads\\\/2015\\\/12\\\/La-Boda-de-Luis-Alonso-Intermedio.mp3\",\"format\":\"\",\"length\":\"5:27\",\"title\":\"La Boda de Luis Alonso\",\"order\":0,\"mp3\":\"https:\\\/\\\/teresalaiz.com\\\/web\\\/wp-content\\\/uploads\\\/2015\\\/12\\\/La-Boda-de-Luis-Alonso-Intermedio.mp3\",\"downloadUrl\":\"\",\"purchaseText\":\"Buy\",\"purchaseUrl\":\"\",\"meta\":{\"artist\":\"Teresa Laiz\",\"length_formatted\":\"5:27\"},\"src\":\"https:\\\/\\\/teresalaiz.com\\\/web\\\/wp-content\\\/uploads\\\/2015\\\/12\\\/La-Boda-de-Luis-Alonso-Intermedio.mp3\",\"thumb\":{\"src\":\"\"}},{\"artist\":\"Teresa Laiz\",\"artworkId\":0,\"artworkUrl\":\"\",\"audioId\":672,\"audioUrl\":\"https:\\\/\\\/teresalaiz.com\\\/web\\\/wp-content\\\/uploads\\\/2015\\\/12\\\/Tico-Tico.mp3\",\"format\":\"\",\"length\":\"2:16\",\"title\":\"Tico-Tico No Fub\\u00e1\",\"order\":1,\"mp3\":\"https:\\\/\\\/teresalaiz.com\\\/web\\\/wp-content\\\/uploads\\\/2015\\\/12\\\/Tico-Tico.mp3\",\"downloadUrl\":\"\",\"purchaseText\":\"Buy\",\"purchaseUrl\":\"\",\"meta\":{\"artist\":\"Teresa Laiz\",\"length_formatted\":\"2:16\"},\"src\":\"https:\\\/\\\/teresalaiz.com\\\/web\\\/wp-content\\\/uploads\\\/2015\\\/12\\\/Tico-Tico.mp3\",\"thumb\":{\"src\":\"\"}},{\"artist\":\"Teresa Laiz\",\"artworkId\":0,\"artworkUrl\":\"\",\"audioId\":688,\"audioUrl\":\"https:\\\/\\\/teresalaiz.com\\\/web\\\/wp-content\\\/uploads\\\/2016\\\/01\\\/9172d9b9524839acae541038af799f2f.mp3\",\"format\":\"\",\"length\":\"0:49\",\"title\":\"Sinfon\\u00eda n\\u00ba 40 (Mozart)\",\"order\":2,\"mp3\":\"https:\\\/\\\/teresalaiz.com\\\/web\\\/wp-content\\\/uploads\\\/2016\\\/01\\\/9172d9b9524839acae541038af799f2f.mp3\",\"downloadUrl\":\"\",\"purchaseText\":\"Buy\",\"purchaseUrl\":\"\",\"meta\":{\"artist\":\"Teresa Laiz\",\"length_formatted\":\"0:49\"},\"src\":\"https:\\\/\\\/teresalaiz.com\\\/web\\\/wp-content\\\/uploads\\\/2016\\\/01\\\/9172d9b9524839acae541038af799f2f.mp3\",\"thumb\":{\"src\":\"\"}},{\"artist\":\"Teresa Laiz\",\"artworkId\":0,\"artworkUrl\":\"\",\"audioId\":687,\"audioUrl\":\"https:\\\/\\\/teresalaiz.com\\\/web\\\/wp-content\\\/uploads\\\/2016\\\/01\\\/Marcha-Radetzky-Fragmento.mp3\",\"format\":\"\",\"length\":\"0:57\",\"title\":\"Marcha Radetzky (J. Strauss)\",\"order\":3,\"mp3\":\"https:\\\/\\\/teresalaiz.com\\\/web\\\/wp-content\\\/uploads\\\/2016\\\/01\\\/Marcha-Radetzky-Fragmento.mp3\",\"downloadUrl\":\"\",\"purchaseText\":\"Buy\",\"purchaseUrl\":\"\",\"meta\":{\"artist\":\"Teresa Laiz\",\"length_formatted\":\"0:57\"},\"src\":\"https:\\\/\\\/teresalaiz.com\\\/web\\\/wp-content\\\/uploads\\\/2016\\\/01\\\/Marcha-Radetzky-Fragmento.mp3\",\"thumb\":{\"src\":\"\"}},{\"artist\":\"Teresa Laiz\",\"artworkId\":0,\"artworkUrl\":\"\",\"audioId\":689,\"audioUrl\":\"https:\\\/\\\/teresalaiz.com\\\/web\\\/wp-content\\\/uploads\\\/2016\\\/01\\\/La-vie-en-rose.mp3\",\"format\":\"\",\"length\":\"2:07\",\"title\":\"La vie en rose (Jazz)\",\"order\":4,\"mp3\":\"https:\\\/\\\/teresalaiz.com\\\/web\\\/wp-content\\\/uploads\\\/2016\\\/01\\\/La-vie-en-rose.mp3\",\"downloadUrl\":\"\",\"purchaseText\":\"Buy\",\"purchaseUrl\":\"\",\"meta\":{\"artist\":\"Teresa Laiz\",\"length_formatted\":\"2:07\"},\"src\":\"https:\\\/\\\/teresalaiz.com\\\/web\\\/wp-content\\\/uploads\\\/2016\\\/01\\\/La-vie-en-rose.mp3\",\"thumb\":{\"src\":\"\"}},{\"artist\":\"\",\"artworkId\":0,\"artworkUrl\":\"\",\"audioId\":684,\"audioUrl\":\"https:\\\/\\\/teresalaiz.com\\\/web\\\/wp-content\\\/uploads\\\/2016\\\/01\\\/6b13518e06454fba634cfa0dd8af54dd.mp3\",\"format\":\"mp3\",\"length\":\"3:34\",\"title\":\"Soleares por Buler\\u00edas.mp3\",\"order\":5,\"mp3\":\"https:\\\/\\\/teresalaiz.com\\\/web\\\/wp-content\\\/uploads\\\/2016\\\/01\\\/6b13518e06454fba634cfa0dd8af54dd.mp3\",\"downloadUrl\":\"\",\"purchaseText\":\"Buy\",\"purchaseUrl\":\"\",\"meta\":{\"artist\":\"\",\"length_formatted\":\"3:34\"},\"src\":\"https:\\\/\\\/teresalaiz.com\\\/web\\\/wp-content\\\/uploads\\\/2016\\\/01\\\/6b13518e06454fba634cfa0dd8af54dd.mp3\",\"thumb\":{\"src\":\"\"}},{\"artist\":\"Teresa Laiz\",\"artworkId\":0,\"artworkUrl\":\"\",\"audioId\":690,\"audioUrl\":\"https:\\\/\\\/teresalaiz.com\\\/web\\\/wp-content\\\/uploads\\\/2016\\\/01\\\/Sevillanas.mp3\",\"format\":\"\",\"length\":\"3:53\",\"title\":\"Sevillanas\",\"order\":6,\"mp3\":\"https:\\\/\\\/teresalaiz.com\\\/web\\\/wp-content\\\/uploads\\\/2016\\\/01\\\/Sevillanas.mp3\",\"downloadUrl\":\"\",\"purchaseText\":\"Buy\",\"purchaseUrl\":\"\",\"meta\":{\"artist\":\"Teresa Laiz\",\"length_formatted\":\"3:53\"},\"src\":\"https:\\\/\\\/teresalaiz.com\\\/web\\\/wp-content\\\/uploads\\\/2016\\\/01\\\/Sevillanas.mp3\",\"thumb\":{\"src\":\"\"}}]}<\/script>\n\t\t<\/div>\n","protected":false},"excerpt":{"rendered":"","protected":false},"author":1,"featured_media":0,"parent":2105,"menu_order":0,"comment_status":"closed","ping_status":"closed","template":"templates\/full-width.php","meta":{"footnotes":""},"yoast_head":"<!-- This site is optimized with the Yoast SEO plugin v22.7 - https:\/\/yoast.com\/wordpress\/plugins\/seo\/ -->\n<title>Audios - Teresa Laiz<\/title>\n<meta name=\"description\" content=\"Audios Casta\u00f1uelas Teresa Laiz\" \/>\n<meta name=\"robots\" content=\"index, follow, max-snippet:-1, max-image-preview:large, max-video-preview:-1\" \/>\n<link rel=\"canonical\" href=\"https:\/\/teresalaiz.com\/web\/media\/audios\/\" \/>\n<meta property=\"og:locale\" content=\"es_ES\" \/>\n<meta property=\"og:type\" content=\"article\" \/>\n<meta property=\"og:title\" content=\"Audios - Teresa Laiz\" \/>\n<meta property=\"og:description\" content=\"Audios Casta\u00f1uelas Teresa Laiz\" \/>\n<meta property=\"og:url\" content=\"https:\/\/teresalaiz.com\/web\/media\/audios\/\" \/>\n<meta property=\"og:site_name\" content=\"Teresa Laiz\" \/>\n<meta property=\"article:modified_time\" content=\"2021-10-21T16:21:28+00:00\" \/>\n<meta name=\"twitter:card\" content=\"summary_large_image\" \/>\n<meta name=\"twitter:label1\" content=\"Tiempo de lectura\" \/>\n\t<meta name=\"twitter:data1\" content=\"1 minuto\" \/>\n<script type=\"application\/ld+json\" class=\"yoast-schema-graph\">{\"@context\":\"https:\/\/schema.org\",\"@graph\":[{\"@type\":\"WebPage\",\"@id\":\"https:\/\/teresalaiz.com\/web\/media\/audios\/\",\"url\":\"https:\/\/teresalaiz.com\/web\/media\/audios\/\",\"name\":\"Audios - Teresa Laiz\",\"isPartOf\":{\"@id\":\"https:\/\/teresalaiz.com\/web\/#website\"},\"datePublished\":\"2021-10-21T16:02:31+00:00\",\"dateModified\":\"2021-10-21T16:21:28+00:00\",\"description\":\"Audios Casta\u00f1uelas Teresa Laiz\",\"breadcrumb\":{\"@id\":\"https:\/\/teresalaiz.com\/web\/media\/audios\/#breadcrumb\"},\"inLanguage\":\"es\",\"potentialAction\":[{\"@type\":\"ReadAction\",\"target\":[\"https:\/\/teresalaiz.com\/web\/media\/audios\/\"]}]},{\"@type\":\"BreadcrumbList\",\"@id\":\"https:\/\/teresalaiz.com\/web\/media\/audios\/#breadcrumb\",\"itemListElement\":[{\"@type\":\"ListItem\",\"position\":1,\"name\":\"Portada\",\"item\":\"https:\/\/teresalaiz.com\/web\/\"},{\"@type\":\"ListItem\",\"position\":2,\"name\":\"MULTIMEDIA\",\"item\":\"https:\/\/teresalaiz.com\/web\/media\/\"},{\"@type\":\"ListItem\",\"position\":3,\"name\":\"Audios\"}]},{\"@type\":\"WebSite\",\"@id\":\"https:\/\/teresalaiz.com\/web\/#website\",\"url\":\"https:\/\/teresalaiz.com\/web\/\",\"name\":\"Teresa Laiz\",\"description\":\"Casta\u00f1uelas, Conciertos de Casta\u00f1uelas, Cursos de Casta\u00f1uelas, Festival Internacional de Casta\u00f1uelas, M\u00e9todo de Casta\u00f1uelas, Castanets, Castagnettes, Kastagnetten, \u30ab\u30b9\u30bf\u30cd\u30c3\u30c8\",\"potentialAction\":[{\"@type\":\"SearchAction\",\"target\":{\"@type\":\"EntryPoint\",\"urlTemplate\":\"https:\/\/teresalaiz.com\/web\/?s={search_term_string}\"},\"query-input\":\"required name=search_term_string\"}],\"inLanguage\":\"es\"}]}<\/script>\n<!-- \/ Yoast SEO plugin. -->","yoast_head_json":{"title":"Audios - Teresa Laiz","description":"Audios Casta\u00f1uelas Teresa Laiz","robots":{"index":"index","follow":"follow","max-snippet":"max-snippet:-1","max-image-preview":"max-image-preview:large","max-video-preview":"max-video-preview:-1"},"canonical":"https:\/\/teresalaiz.com\/web\/media\/audios\/","og_locale":"es_ES","og_type":"article","og_title":"Audios - Teresa Laiz","og_description":"Audios Casta\u00f1uelas Teresa Laiz","og_url":"https:\/\/teresalaiz.com\/web\/media\/audios\/","og_site_name":"Teresa Laiz","article_modified_time":"2021-10-21T16:21:28+00:00","twitter_card":"summary_large_image","twitter_misc":{"Tiempo de lectura":"1 minuto"},"schema":{"@context":"https:\/\/schema.org","@graph":[{"@type":"WebPage","@id":"https:\/\/teresalaiz.com\/web\/media\/audios\/","url":"https:\/\/teresalaiz.com\/web\/media\/audios\/","name":"Audios - Teresa Laiz","isPartOf":{"@id":"https:\/\/teresalaiz.com\/web\/#website"},"datePublished":"2021-10-21T16:02:31+00:00","dateModified":"2021-10-21T16:21:28+00:00","description":"Audios Casta\u00f1uelas Teresa Laiz","breadcrumb":{"@id":"https:\/\/teresalaiz.com\/web\/media\/audios\/#breadcrumb"},"inLanguage":"es","potentialAction":[{"@type":"ReadAction","target":["https:\/\/teresalaiz.com\/web\/media\/audios\/"]}]},{"@type":"BreadcrumbList","@id":"https:\/\/teresalaiz.com\/web\/media\/audios\/#breadcrumb","itemListElement":[{"@type":"ListItem","position":1,"name":"Portada","item":"https:\/\/teresalaiz.com\/web\/"},{"@type":"ListItem","position":2,"name":"MULTIMEDIA","item":"https:\/\/teresalaiz.com\/web\/media\/"},{"@type":"ListItem","position":3,"name":"Audios"}]},{"@type":"WebSite","@id":"https:\/\/teresalaiz.com\/web\/#website","url":"https:\/\/teresalaiz.com\/web\/","name":"Teresa Laiz","description":"Casta\u00f1uelas, Conciertos de Casta\u00f1uelas, Cursos de Casta\u00f1uelas, Festival Internacional de Casta\u00f1uelas, M\u00e9todo de Casta\u00f1uelas, Castanets, Castagnettes, Kastagnetten, \u30ab\u30b9\u30bf\u30cd\u30c3\u30c8","potentialAction":[{"@type":"SearchAction","target":{"@type":"EntryPoint","urlTemplate":"https:\/\/teresalaiz.com\/web\/?s={search_term_string}"},"query-input":"required name=search_term_string"}],"inLanguage":"es"}]}},"jetpack_sharing_enabled":true,"jetpack_shortlink":"https:\/\/wp.me\/P702QQ-y0","jetpack_likes_enabled":true,"_links":{"self":[{"href":"https:\/\/teresalaiz.com\/web\/wp-json\/wp\/v2\/pages\/2108"}],"collection":[{"href":"https:\/\/teresalaiz.com\/web\/wp-json\/wp\/v2\/pages"}],"about":[{"href":"https:\/\/teresalaiz.com\/web\/wp-json\/wp\/v2\/types\/page"}],"author":[{"embeddable":true,"href":"https:\/\/teresalaiz.com\/web\/wp-json\/wp\/v2\/users\/1"}],"replies":[{"embeddable":true,"href":"https:\/\/teresalaiz.com\/web\/wp-json\/wp\/v2\/comments?post=2108"}],"version-history":[{"count":0,"href":"https:\/\/teresalaiz.com\/web\/wp-json\/wp\/v2\/pages\/2108\/revisions"}],"up":[{"embeddable":true,"href":"https:\/\/teresalaiz.com\/web\/wp-json\/wp\/v2\/pages\/2105"}],"wp:attachment":[{"href":"https:\/\/teresalaiz.com\/web\/wp-json\/wp\/v2\/media?parent=2108"}],"curies":[{"name":"wp","href":"https:\/\/api.w.org\/{rel}","templated":true}]}}