{"id":250,"date":"2015-12-08T20:33:18","date_gmt":"2015-12-08T20:33:18","guid":{"rendered":"https:\/\/teresalaiz.com\/web\/?page_id=250"},"modified":"2021-10-23T22:02:36","modified_gmt":"2021-10-23T22:02:36","slug":"guitarra-castanuelas","status":"publish","type":"page","link":"https:\/\/teresalaiz.com\/web\/guitarra-castanuelas\/","title":{"rendered":"Guitarra &#038; Casta\u00f1uelas"},"content":{"rendered":"<h4 style=\"text-align: center;\"><strong>Concierto de Guitarra &amp; Casta\u00f1uelas<\/strong><br \/>\n<strong><em>\u00abCl\u00e1sicos y Flamencos\u00bb<\/em><\/strong><\/h4>\n<p style=\"text-align: center;\"><strong><em>Antonio Reyes &amp; Teresa Laiz<\/em><\/strong><\/p>\n<p style=\"text-align: center;\">Un d\u00fao que fluye y desprende emoci\u00f3n, garra y saber hacer, que hacen vibrar al p\u00fablico con su \u00abduende\u00bb.<br \/>\nUn concierto de guitarra con uno de los guitarristas de m\u00e1s trayectoria en el mundo del flamenco.<\/p>\n<p style=\"text-align: center;\">Un concierto especial de flamenco, donde hay espacios para solos de guitarra y donde las casta\u00f1uelas intervienen a momentos como instrumento solista o acompa\u00f1ando algunas pinceladas de baile,<br \/>\nsalpicado con algunas piezas totalmente cl\u00e1sicas.<\/p>\n<p style=\"text-align: center;\"><strong>Antonio Reyes<br \/>\n<\/strong>Primer Premio de guitarra flamenca \u201cRam\u00f3n de Algeciras\u201d.<br \/>\nFinalista del Premio Nacional de la Uni\u00f3n.<\/p>\n<p style=\"text-align: center;\">Ha colaborado con grandes artistas como Rafael Riqueni, Enrique de Melchor, Ni\u00f1a Pastori, Jos\u00e9 Menese, Lolita, Roc\u00edo Jurado, El Lebrijano, Los del R\u00edo, Chaquet\u00f3n, Manolo Escobar, Rafael de C\u00f3rdova.<br \/>\n<a href=\"https:\/\/teresalaiz.com\/web\/wp-content\/uploads\/2021\/10\/Resumen-CV-Antonio-Reyes.pdf\" target=\"_blank\" rel=\"noopener\"><span style=\"font-size: 12pt;\">CV Antonio Reyes<\/span><\/a><\/p>\n<hr \/>\n<hr \/>\n<p><img loading=\"lazy\" decoding=\"async\" class=\"aligncenter wp-image-272 size-full\" src=\"https:\/\/teresalaiz.com\/web\/wp-content\/uploads\/2015\/12\/Ricao-Teresa-Laiz.jpg\" alt=\"Concierto casta\u00f1uelas y guitarra flamenca\" width=\"560\" height=\"420\" srcset=\"https:\/\/teresalaiz.com\/web\/wp-content\/uploads\/2015\/12\/Ricao-Teresa-Laiz.jpg 560w, https:\/\/teresalaiz.com\/web\/wp-content\/uploads\/2015\/12\/Ricao-Teresa-Laiz-300x225.jpg 300w\" sizes=\"(max-width: 560px) 100vw, 560px\" \/><\/p>\n<h4 style=\"text-align: center;\"><strong>Concierto de Guitarra, Cante &amp; Casta\u00f1uelas<\/strong><br \/>\n<strong><em>\u00abNoche Flamenca Tr\u00edo\u00bb<\/em><\/strong><\/h4>\n<p style=\"text-align: center;\"><strong><em>Ricao &amp; Teresa Laiz<\/em><\/strong><\/p>\n<p style=\"text-align: center;\">\u00a0\u00a0Concierto del reconocido cantante y guitarrista RICAO, acompa\u00f1ado al baile y las casta\u00f1uelas por Teresa Laiz.<\/p>\n<p style=\"text-align: center;\">Una velada m\u00e1gica llena de emociones y sabor puramente Gypsy.<\/p>\n<p style=\"text-align: center;\">Ricao Bissiere &#8211; Voz y Guitarra; Teresa Laiz &#8211; Baile, Palmas y Casta\u00f1uelas; 2\u00aa Guitarra.<\/p>\n<p style=\"text-align: center;\"><strong>Ricao Bissiere<br \/>\n<\/strong>Es un artista completo: autor, compositor, int\u00e9rprete y guitarrista de talento y estilo excepcional.<br \/>\nFiel a sus ra\u00edces y tradiciones gitanas, crea sus composiciones donde cohabitan tradici\u00f3n y ritmo sin igual.<br \/>\nSu talento, su aura, su gusto por la libertad y su accesibilidad hace que sea apreciado por todos.<\/p>\n<p>Ricao reside en Montpellier, trabaja tanto en Francia como en otros pa\u00edses (Espa\u00f1a, Suiza, Alemani, M\u00f3naco \u2026),<br \/>\nrealiza conciertos privados a la vez que es invitado a numerosos Festivales.<br \/>\nTiene 13 trabajos discogr\u00e1ficos en el mercado y ha compuesto algunos de los temas m\u00e1s famosos de los Gypsy Kings.<\/p>\n<p style=\"text-align: center;\"><b>Escucha<br \/>\n<\/b><b>Ricao:\u00a0 <\/b><strong><a href=\"https:\/\/www.youtube.com\/watch?v=xBFE0Wh-6ns\" target=\"_blank\" rel=\"noopener\">T\u00fa no lo sab\u00edas<\/a>\u00a0\u00a0\u00a0\u00a0\u00a0 <a href=\"https:\/\/www.youtube.com\/watch?v=5sThZjXuQVc\" target=\"_blank\" rel=\"noopener\">Barcelona yo me voy<\/a>\u00a0\u00a0\u00a0\u00a0\u00a0 <a href=\"https:\/\/www.youtube.com\/watch?v=gzsWC-aV-Hw\" target=\"_blank\" rel=\"noopener\">Mais dit lui que je l&#8217;aime<\/a><\/strong><\/p>\n<p style=\"text-align: center;\"><b>Ricao &amp; Teresa Laiz:\u00a0 <a href=\"https:\/\/www.youtube.com\/watch?v=f3QFdun0Fx8\" target=\"_blank\" rel=\"noopener\">Sole\u00e1 por Buler\u00edas<\/a><\/b><\/p>\n","protected":false},"excerpt":{"rendered":"<p>Concierto de Guitarra &amp; Casta\u00f1uelas \u00abCl\u00e1sicos y Flamencos\u00bb Antonio Reyes &amp; Teresa Laiz Un d\u00fao que fluye y desprende emoci\u00f3n, garra y saber hacer, que hacen vibrar al p\u00fablico con su \u00abduende\u00bb. Un concierto de guitarra con uno de los guitarristas de m\u00e1s trayectoria en el mundo del flamenco. Un concierto especial de flamenco, donde hay espacios para solos de guitarra y donde las casta\u00f1uelas intervienen a momentos como instrumento solista o acompa\u00f1ando algunas pinceladas de baile, salpicado con algunas piezas totalmente cl\u00e1sicas. Antonio Reyes Primer Premio de guitarra flamenca \u201cRam\u00f3n de Algeciras\u201d. Finalista del Premio Nacional de la Uni\u00f3n. Ha colaborado con grandes artistas como Rafael Riqueni, Enrique de [&hellip;]<\/p>\n","protected":false},"author":1,"featured_media":480,"parent":0,"menu_order":0,"comment_status":"closed","ping_status":"closed","template":"templates\/full-width.php","meta":{"footnotes":""},"yoast_head":"<!-- This site is optimized with the Yoast SEO plugin v22.7 - https:\/\/yoast.com\/wordpress\/plugins\/seo\/ -->\n<title>Guitarra &amp; Casta\u00f1uelas - Teresa Laiz<\/title>\n<meta name=\"description\" content=\"Concierto de Guitarra y Casta\u00f1uelas, repertorio cl\u00e1sico y flamenco. Teresa Laiz y Antonio Reyes; Teresa Laiz y Ricao Bissiere.\" \/>\n<meta name=\"robots\" content=\"index, follow, max-snippet:-1, max-image-preview:large, max-video-preview:-1\" \/>\n<link rel=\"canonical\" href=\"https:\/\/teresalaiz.com\/web\/guitarra-castanuelas\/\" \/>\n<meta property=\"og:locale\" content=\"es_ES\" \/>\n<meta property=\"og:type\" content=\"article\" \/>\n<meta property=\"og:title\" content=\"Guitarra &amp; Casta\u00f1uelas - Teresa Laiz\" \/>\n<meta property=\"og:description\" content=\"Concierto de Guitarra y Casta\u00f1uelas, repertorio cl\u00e1sico y flamenco. Teresa Laiz y Antonio Reyes; Teresa Laiz y Ricao Bissiere.\" \/>\n<meta property=\"og:url\" content=\"https:\/\/teresalaiz.com\/web\/guitarra-castanuelas\/\" \/>\n<meta property=\"og:site_name\" content=\"Teresa Laiz\" \/>\n<meta property=\"article:modified_time\" content=\"2021-10-23T22:02:36+00:00\" \/>\n<meta property=\"og:image\" content=\"https:\/\/teresalaiz.com\/web\/wp-content\/uploads\/2015\/12\/f48d3a1b4c8edaaaac39154254d2572b.jpg\" \/>\n\t<meta property=\"og:image:width\" content=\"626\" \/>\n\t<meta property=\"og:image:height\" content=\"420\" \/>\n\t<meta property=\"og:image:type\" content=\"image\/jpeg\" \/>\n<meta name=\"twitter:card\" content=\"summary_large_image\" \/>\n<meta name=\"twitter:label1\" content=\"Tiempo de lectura\" \/>\n\t<meta name=\"twitter:data1\" content=\"2 minutos\" \/>\n<script type=\"application\/ld+json\" class=\"yoast-schema-graph\">{\"@context\":\"https:\/\/schema.org\",\"@graph\":[{\"@type\":\"WebPage\",\"@id\":\"https:\/\/teresalaiz.com\/web\/guitarra-castanuelas\/\",\"url\":\"https:\/\/teresalaiz.com\/web\/guitarra-castanuelas\/\",\"name\":\"Guitarra & Casta\u00f1uelas - Teresa Laiz\",\"isPartOf\":{\"@id\":\"https:\/\/teresalaiz.com\/web\/#website\"},\"primaryImageOfPage\":{\"@id\":\"https:\/\/teresalaiz.com\/web\/guitarra-castanuelas\/#primaryimage\"},\"image\":{\"@id\":\"https:\/\/teresalaiz.com\/web\/guitarra-castanuelas\/#primaryimage\"},\"thumbnailUrl\":\"https:\/\/teresalaiz.com\/web\/wp-content\/uploads\/2015\/12\/f48d3a1b4c8edaaaac39154254d2572b.jpg\",\"datePublished\":\"2015-12-08T20:33:18+00:00\",\"dateModified\":\"2021-10-23T22:02:36+00:00\",\"description\":\"Concierto de Guitarra y Casta\u00f1uelas, repertorio cl\u00e1sico y flamenco. Teresa Laiz y Antonio Reyes; Teresa Laiz y Ricao Bissiere.\",\"breadcrumb\":{\"@id\":\"https:\/\/teresalaiz.com\/web\/guitarra-castanuelas\/#breadcrumb\"},\"inLanguage\":\"es\",\"potentialAction\":[{\"@type\":\"ReadAction\",\"target\":[\"https:\/\/teresalaiz.com\/web\/guitarra-castanuelas\/\"]}]},{\"@type\":\"ImageObject\",\"inLanguage\":\"es\",\"@id\":\"https:\/\/teresalaiz.com\/web\/guitarra-castanuelas\/#primaryimage\",\"url\":\"https:\/\/teresalaiz.com\/web\/wp-content\/uploads\/2015\/12\/f48d3a1b4c8edaaaac39154254d2572b.jpg\",\"contentUrl\":\"https:\/\/teresalaiz.com\/web\/wp-content\/uploads\/2015\/12\/f48d3a1b4c8edaaaac39154254d2572b.jpg\",\"width\":626,\"height\":420,\"caption\":\"Casta\u00f1uelas y Guitarra\"},{\"@type\":\"BreadcrumbList\",\"@id\":\"https:\/\/teresalaiz.com\/web\/guitarra-castanuelas\/#breadcrumb\",\"itemListElement\":[{\"@type\":\"ListItem\",\"position\":1,\"name\":\"Portada\",\"item\":\"https:\/\/teresalaiz.com\/web\/\"},{\"@type\":\"ListItem\",\"position\":2,\"name\":\"Guitarra &#038; Casta\u00f1uelas\"}]},{\"@type\":\"WebSite\",\"@id\":\"https:\/\/teresalaiz.com\/web\/#website\",\"url\":\"https:\/\/teresalaiz.com\/web\/\",\"name\":\"Teresa Laiz\",\"description\":\"Casta\u00f1uelas, Conciertos de Casta\u00f1uelas, Cursos de Casta\u00f1uelas, Festival Internacional de Casta\u00f1uelas, M\u00e9todo de Casta\u00f1uelas, Castanets, Castagnettes, Kastagnetten, \u30ab\u30b9\u30bf\u30cd\u30c3\u30c8\",\"potentialAction\":[{\"@type\":\"SearchAction\",\"target\":{\"@type\":\"EntryPoint\",\"urlTemplate\":\"https:\/\/teresalaiz.com\/web\/?s={search_term_string}\"},\"query-input\":\"required name=search_term_string\"}],\"inLanguage\":\"es\"}]}<\/script>\n<!-- \/ Yoast SEO plugin. -->","yoast_head_json":{"title":"Guitarra & Casta\u00f1uelas - Teresa Laiz","description":"Concierto de Guitarra y Casta\u00f1uelas, repertorio cl\u00e1sico y flamenco. Teresa Laiz y Antonio Reyes; Teresa Laiz y Ricao Bissiere.","robots":{"index":"index","follow":"follow","max-snippet":"max-snippet:-1","max-image-preview":"max-image-preview:large","max-video-preview":"max-video-preview:-1"},"canonical":"https:\/\/teresalaiz.com\/web\/guitarra-castanuelas\/","og_locale":"es_ES","og_type":"article","og_title":"Guitarra & Casta\u00f1uelas - Teresa Laiz","og_description":"Concierto de Guitarra y Casta\u00f1uelas, repertorio cl\u00e1sico y flamenco. Teresa Laiz y Antonio Reyes; Teresa Laiz y Ricao Bissiere.","og_url":"https:\/\/teresalaiz.com\/web\/guitarra-castanuelas\/","og_site_name":"Teresa Laiz","article_modified_time":"2021-10-23T22:02:36+00:00","og_image":[{"width":626,"height":420,"url":"https:\/\/teresalaiz.com\/web\/wp-content\/uploads\/2015\/12\/f48d3a1b4c8edaaaac39154254d2572b.jpg","type":"image\/jpeg"}],"twitter_card":"summary_large_image","twitter_misc":{"Tiempo de lectura":"2 minutos"},"schema":{"@context":"https:\/\/schema.org","@graph":[{"@type":"WebPage","@id":"https:\/\/teresalaiz.com\/web\/guitarra-castanuelas\/","url":"https:\/\/teresalaiz.com\/web\/guitarra-castanuelas\/","name":"Guitarra & Casta\u00f1uelas - Teresa Laiz","isPartOf":{"@id":"https:\/\/teresalaiz.com\/web\/#website"},"primaryImageOfPage":{"@id":"https:\/\/teresalaiz.com\/web\/guitarra-castanuelas\/#primaryimage"},"image":{"@id":"https:\/\/teresalaiz.com\/web\/guitarra-castanuelas\/#primaryimage"},"thumbnailUrl":"https:\/\/teresalaiz.com\/web\/wp-content\/uploads\/2015\/12\/f48d3a1b4c8edaaaac39154254d2572b.jpg","datePublished":"2015-12-08T20:33:18+00:00","dateModified":"2021-10-23T22:02:36+00:00","description":"Concierto de Guitarra y Casta\u00f1uelas, repertorio cl\u00e1sico y flamenco. Teresa Laiz y Antonio Reyes; Teresa Laiz y Ricao Bissiere.","breadcrumb":{"@id":"https:\/\/teresalaiz.com\/web\/guitarra-castanuelas\/#breadcrumb"},"inLanguage":"es","potentialAction":[{"@type":"ReadAction","target":["https:\/\/teresalaiz.com\/web\/guitarra-castanuelas\/"]}]},{"@type":"ImageObject","inLanguage":"es","@id":"https:\/\/teresalaiz.com\/web\/guitarra-castanuelas\/#primaryimage","url":"https:\/\/teresalaiz.com\/web\/wp-content\/uploads\/2015\/12\/f48d3a1b4c8edaaaac39154254d2572b.jpg","contentUrl":"https:\/\/teresalaiz.com\/web\/wp-content\/uploads\/2015\/12\/f48d3a1b4c8edaaaac39154254d2572b.jpg","width":626,"height":420,"caption":"Casta\u00f1uelas y Guitarra"},{"@type":"BreadcrumbList","@id":"https:\/\/teresalaiz.com\/web\/guitarra-castanuelas\/#breadcrumb","itemListElement":[{"@type":"ListItem","position":1,"name":"Portada","item":"https:\/\/teresalaiz.com\/web\/"},{"@type":"ListItem","position":2,"name":"Guitarra &#038; Casta\u00f1uelas"}]},{"@type":"WebSite","@id":"https:\/\/teresalaiz.com\/web\/#website","url":"https:\/\/teresalaiz.com\/web\/","name":"Teresa Laiz","description":"Casta\u00f1uelas, Conciertos de Casta\u00f1uelas, Cursos de Casta\u00f1uelas, Festival Internacional de Casta\u00f1uelas, M\u00e9todo de Casta\u00f1uelas, Castanets, Castagnettes, Kastagnetten, \u30ab\u30b9\u30bf\u30cd\u30c3\u30c8","potentialAction":[{"@type":"SearchAction","target":{"@type":"EntryPoint","urlTemplate":"https:\/\/teresalaiz.com\/web\/?s={search_term_string}"},"query-input":"required name=search_term_string"}],"inLanguage":"es"}]}},"jetpack_sharing_enabled":true,"jetpack_shortlink":"https:\/\/wp.me\/P702QQ-42","jetpack_likes_enabled":true,"_links":{"self":[{"href":"https:\/\/teresalaiz.com\/web\/wp-json\/wp\/v2\/pages\/250"}],"collection":[{"href":"https:\/\/teresalaiz.com\/web\/wp-json\/wp\/v2\/pages"}],"about":[{"href":"https:\/\/teresalaiz.com\/web\/wp-json\/wp\/v2\/types\/page"}],"author":[{"embeddable":true,"href":"https:\/\/teresalaiz.com\/web\/wp-json\/wp\/v2\/users\/1"}],"replies":[{"embeddable":true,"href":"https:\/\/teresalaiz.com\/web\/wp-json\/wp\/v2\/comments?post=250"}],"version-history":[{"count":0,"href":"https:\/\/teresalaiz.com\/web\/wp-json\/wp\/v2\/pages\/250\/revisions"}],"wp:featuredmedia":[{"embeddable":true,"href":"https:\/\/teresalaiz.com\/web\/wp-json\/wp\/v2\/media\/480"}],"wp:attachment":[{"href":"https:\/\/teresalaiz.com\/web\/wp-json\/wp\/v2\/media?parent=250"}],"curies":[{"name":"wp","href":"https:\/\/api.w.org\/{rel}","templated":true}]}}