{"id":2619,"date":"2021-12-14T03:19:08","date_gmt":"2021-12-14T03:19:08","guid":{"rendered":"https:\/\/teresalaiz.com\/web\/?page_id=2619"},"modified":"2021-12-14T04:00:13","modified_gmt":"2021-12-14T04:00:13","slug":"compania-espanola-de-canto-y-palillos","status":"publish","type":"page","link":"https:\/\/teresalaiz.com\/web\/compania-espanola-de-canto-y-palillos\/","title":{"rendered":"Compa\u00f1\u00eda Espa\u00f1ola de Canto y Palillos"},"content":{"rendered":"<p style=\"text-align: center;\"><img loading=\"lazy\" decoding=\"async\" class=\"aligncenter wp-image-2606 size-large\" src=\"https:\/\/teresalaiz.com\/web\/wp-content\/uploads\/2021\/12\/Cartel-Compania-Espanola-de-Canto-y-Palillos-pequeno-717x1024.jpg\" alt=\"Compan\u00eda espa\u00f1ola de canto y casta\u00f1uelas\" width=\"717\" height=\"1024\" srcset=\"https:\/\/teresalaiz.com\/web\/wp-content\/uploads\/2021\/12\/Cartel-Compania-Espanola-de-Canto-y-Palillos-pequeno-717x1024.jpg 717w, https:\/\/teresalaiz.com\/web\/wp-content\/uploads\/2021\/12\/Cartel-Compania-Espanola-de-Canto-y-Palillos-pequeno-210x300.jpg 210w, https:\/\/teresalaiz.com\/web\/wp-content\/uploads\/2021\/12\/Cartel-Compania-Espanola-de-Canto-y-Palillos-pequeno-768x1097.jpg 768w, https:\/\/teresalaiz.com\/web\/wp-content\/uploads\/2021\/12\/Cartel-Compania-Espanola-de-Canto-y-Palillos-pequeno-1075x1536.jpg 1075w, https:\/\/teresalaiz.com\/web\/wp-content\/uploads\/2021\/12\/Cartel-Compania-Espanola-de-Canto-y-Palillos-pequeno-1433x2048.jpg 1433w, https:\/\/teresalaiz.com\/web\/wp-content\/uploads\/2021\/12\/Cartel-Compania-Espanola-de-Canto-y-Palillos-pequeno.jpg 1344w\" sizes=\"auto, (max-width: 717px) 100vw, 717px\" \/><\/p>\n<p style=\"text-align: center;\">La Soprano Marta Casas y la Concertista de Casta\u00f1uelas Teresa Laiz son la piedra angular de este proyecto, en el que se destila la esencia espa\u00f1ola tan rica por su gran diversidad.<\/p>\n<p style=\"text-align: center;\">La voz y las casta\u00f1uelas, que unas veces act\u00faan como elemento de acompa\u00f1amiento y otras como instrumento solista tan desconocido en esta faceta para la gran mayor\u00eda, est\u00e1n acompa\u00f1adas por excelentes m\u00fasicos como la Pianista Eva Pav\u00f3n Quemener Kerloc\u2019h y el Guitarrista \u00c1lvaro Rodr\u00edguez F. J., que juntos recorren la geograf\u00eda de nuestro pa\u00eds, as\u00ed como las diferentes etapas de nuestra Historia, a trav\u00e9s de fragmentos de m\u00fasica cl\u00e1sica, zarzuela, copla o canciones populares.<\/p>\n<p style=\"text-align: center;\">Este elenco de artistas no s\u00f3lo son lo que parecen, sino tambi\u00e9n \u2026 mucho m\u00e1s.<\/p>\n<p style=\"text-align: center;\"><span style=\"font-size: 18pt;\"><strong><span style=\"text-decoration: underline;\"><em>Proyectos<\/em><\/span><\/strong><\/span><\/p>\n<h2 style=\"text-align: center;\"><img loading=\"lazy\" decoding=\"async\" class=\"aligncenter wp-image-2627 size-large\" src=\"https:\/\/teresalaiz.com\/web\/wp-content\/uploads\/2021\/12\/Mapa-regiones-de-Espana-1024x768.jpg\" alt=\"Mapa de Espa\u00f1a por Comunidades\" width=\"720\" height=\"540\" srcset=\"https:\/\/teresalaiz.com\/web\/wp-content\/uploads\/2021\/12\/Mapa-regiones-de-Espana-1024x768.jpg 1024w, https:\/\/teresalaiz.com\/web\/wp-content\/uploads\/2021\/12\/Mapa-regiones-de-Espana-300x225.jpg 300w, https:\/\/teresalaiz.com\/web\/wp-content\/uploads\/2021\/12\/Mapa-regiones-de-Espana-768x576.jpg 768w, https:\/\/teresalaiz.com\/web\/wp-content\/uploads\/2021\/12\/Mapa-regiones-de-Espana-1536x1152.jpg 1536w, https:\/\/teresalaiz.com\/web\/wp-content\/uploads\/2021\/12\/Mapa-regiones-de-Espana.jpg 1920w\" sizes=\"auto, (max-width: 720px) 100vw, 720px\" \/><strong>Mapa<\/strong><\/h2>\n<p style=\"text-align: center;\">Es un concierto en el que se recorren las diferentes regiones de Espa\u00f1a,<br \/>\nponiendo en relieve el car\u00e1cter de cada una de ellas a trav\u00e9s de su m\u00fasica.<\/p>\n<p style=\"text-align: center;\">El programa se basa en una cuidadosa selecci\u00f3n de piezas representativas de cada una de las<br \/>\n17 comunidades aut\u00f3nomas espa\u00f1olas:<\/p>\n<p style=\"text-align: center;\">Galicia, Principado de Asturias, Cantabria, Pa\u00eds Vasco, Navarra, Arag\u00f3n, Catalu\u00f1a, Castilla y Le\u00f3n, La Rioja,<br \/>\nComunidad de Madrid, Extremadura, Castilla- La Mancha, Comunidad Valenciana, Islas Baleares,<br \/>\nAndaluc\u00eda, Regi\u00f3n de Murcia, e Islas Canarias.<\/p>\n<hr \/>\n<h2 style=\"text-align: center;\"><img loading=\"lazy\" decoding=\"async\" class=\"aligncenter wp-image-2635 size-full\" src=\"https:\/\/teresalaiz.com\/web\/wp-content\/uploads\/2021\/12\/Reloj-de-arena-copia.jpg\" alt=\"Reloj de arena\" width=\"299\" height=\"500\" srcset=\"https:\/\/teresalaiz.com\/web\/wp-content\/uploads\/2021\/12\/Reloj-de-arena-copia.jpg 299w, https:\/\/teresalaiz.com\/web\/wp-content\/uploads\/2021\/12\/Reloj-de-arena-copia-179x300.jpg 179w\" sizes=\"auto, (max-width: 299px) 100vw, 299px\" \/><strong>Cronos<\/strong><\/h2>\n<p style=\"text-align: center;\">Dios del \u00abtiempo humano\u00bb, es decir, los calendarios, las estaciones y las cosechas; seg\u00fan la mitolog\u00eda griega.<br \/>\nDe su mano repasaremos las etapas m\u00e1s significativas de nuestra cronolog\u00eda a trav\u00e9s de canciones y<br \/>\npiezas musicales representativas de cada \u00e9poca.<\/p>\n<hr \/>\n<p style=\"text-align: center;\"><img loading=\"lazy\" decoding=\"async\" class=\"wp-image-2640 size-large\" src=\"https:\/\/teresalaiz.com\/web\/wp-content\/uploads\/2021\/12\/Caracter-espanol-pequeno-826x1024.jpg\" alt=\"Concierto de la Compa\u00f1\u00eda Espa\u00f1ola de Canto y Palillos\" width=\"720\" height=\"893\" srcset=\"https:\/\/teresalaiz.com\/web\/wp-content\/uploads\/2021\/12\/Caracter-espanol-pequeno-826x1024.jpg 826w, https:\/\/teresalaiz.com\/web\/wp-content\/uploads\/2021\/12\/Caracter-espanol-pequeno-242x300.jpg 242w, https:\/\/teresalaiz.com\/web\/wp-content\/uploads\/2021\/12\/Caracter-espanol-pequeno-768x952.jpg 768w, https:\/\/teresalaiz.com\/web\/wp-content\/uploads\/2021\/12\/Caracter-espanol-pequeno-1239x1536.jpg 1239w, https:\/\/teresalaiz.com\/web\/wp-content\/uploads\/2021\/12\/Caracter-espanol-pequeno-1652x2048.jpg 1652w, https:\/\/teresalaiz.com\/web\/wp-content\/uploads\/2021\/12\/Caracter-espanol-pequeno.jpg 1548w\" sizes=\"auto, (max-width: 720px) 100vw, 720px\" \/><\/p>\n<h2 style=\"text-align: center;\"><strong>Car\u00e1cter espa\u00f1ol<\/strong><\/h2>\n<p style=\"text-align: center;\">Es un concierto con car\u00e1cter y espa\u00f1ol, y de car\u00e1cter espa\u00f1ol.<br \/>\nLo m\u00e1s t\u00edpico de nuestra m\u00fasica junto a lo m\u00e1s inesperado se hacen cabida en este encuentro musical<br \/>\nde diferentes culturas, tiempos y estilos, cuya intersecci\u00f3n inspira un rico sabor espa\u00f1ol.<\/p>\n<p style=\"text-align: center;\">Una amalgama que te conmover\u00e1, te har\u00e1 vibrar, sentir y sobre todo disfrutar.<\/p>\n<hr \/>\n<h2 style=\"text-align: center;\"><strong>Contrataciones:<\/strong><\/h2>\n<p style=\"text-align: center;\">Marta Casas \u2013 Tf. 636 10 26 58 &#8211; casasvazquezmarta@gmail.com<br \/>\nTeresa Laiz \u2013 Tf. 636 73 93 77 \u2013 info@teresalaiz.com<\/p>\n","protected":false},"excerpt":{"rendered":"<p>La Soprano Marta Casas y la Concertista de Casta\u00f1uelas Teresa Laiz son la piedra angular de este proyecto, en el que se destila la esencia espa\u00f1ola tan rica por su gran diversidad. La voz y las casta\u00f1uelas, que unas veces act\u00faan como elemento de acompa\u00f1amiento y otras como instrumento solista tan desconocido en esta faceta para la gran mayor\u00eda, est\u00e1n acompa\u00f1adas por excelentes m\u00fasicos como la Pianista Eva Pav\u00f3n Quemener Kerloc\u2019h y el Guitarrista \u00c1lvaro Rodr\u00edguez F. J., que juntos recorren la geograf\u00eda de nuestro pa\u00eds, as\u00ed como las diferentes etapas de nuestra Historia, a trav\u00e9s de fragmentos de m\u00fasica cl\u00e1sica, zarzuela, copla o canciones populares. Este elenco de artistas [&hellip;]<\/p>\n","protected":false},"author":1,"featured_media":0,"parent":0,"menu_order":0,"comment_status":"closed","ping_status":"closed","template":"templates\/full-width.php","meta":{"footnotes":""},"class_list":["post-2619","page","type-page","status-publish","hentry"],"yoast_head":"<!-- This site is optimized with the Yoast SEO plugin v27.6 - https:\/\/yoast.com\/product\/yoast-seo-wordpress\/ -->\n<title>Compa\u00f1\u00eda Espa\u00f1ola de Canto y Palillos - Teresa Laiz<\/title>\n<meta name=\"robots\" content=\"index, follow, max-snippet:-1, max-image-preview:large, max-video-preview:-1\" \/>\n<link rel=\"canonical\" href=\"https:\/\/teresalaiz.com\/web\/compania-espanola-de-canto-y-palillos\/\" \/>\n<meta property=\"og:locale\" content=\"es_ES\" \/>\n<meta property=\"og:type\" content=\"article\" \/>\n<meta property=\"og:title\" content=\"Compa\u00f1\u00eda Espa\u00f1ola de Canto y Palillos - Teresa Laiz\" \/>\n<meta property=\"og:description\" content=\"La Soprano Marta Casas y la Concertista de Casta\u00f1uelas Teresa Laiz son la piedra angular de este proyecto, en el que se destila la esencia espa\u00f1ola tan rica por su gran diversidad. La voz y las casta\u00f1uelas, que unas veces act\u00faan como elemento de acompa\u00f1amiento y otras como instrumento solista tan desconocido en esta faceta para la gran mayor\u00eda, est\u00e1n acompa\u00f1adas por excelentes m\u00fasicos como la Pianista Eva Pav\u00f3n Quemener Kerloc\u2019h y el Guitarrista \u00c1lvaro Rodr\u00edguez F. J., que juntos recorren la geograf\u00eda de nuestro pa\u00eds, as\u00ed como las diferentes etapas de nuestra Historia, a trav\u00e9s de fragmentos de m\u00fasica cl\u00e1sica, zarzuela, copla o canciones populares. Este elenco de artistas [&hellip;]\" \/>\n<meta property=\"og:url\" content=\"https:\/\/teresalaiz.com\/web\/compania-espanola-de-canto-y-palillos\/\" \/>\n<meta property=\"og:site_name\" content=\"Teresa Laiz\" \/>\n<meta property=\"article:modified_time\" content=\"2021-12-14T04:00:13+00:00\" \/>\n<meta property=\"og:image\" content=\"https:\/\/teresalaiz.com\/web\/wp-content\/uploads\/2021\/12\/Cartel-Compania-Espanola-de-Canto-y-Palillos-pequeno-717x1024.jpg\" \/>\n<meta name=\"twitter:card\" content=\"summary_large_image\" \/>\n<meta name=\"twitter:label1\" content=\"Tiempo de lectura\" \/>\n\t<meta name=\"twitter:data1\" content=\"3 minutos\" \/>\n<script type=\"application\/ld+json\" class=\"yoast-schema-graph\">{\"@context\":\"https:\\\/\\\/schema.org\",\"@graph\":[{\"@type\":\"WebPage\",\"@id\":\"https:\\\/\\\/teresalaiz.com\\\/web\\\/compania-espanola-de-canto-y-palillos\\\/\",\"url\":\"https:\\\/\\\/teresalaiz.com\\\/web\\\/compania-espanola-de-canto-y-palillos\\\/\",\"name\":\"Compa\u00f1\u00eda Espa\u00f1ola de Canto y Palillos - Teresa Laiz\",\"isPartOf\":{\"@id\":\"https:\\\/\\\/teresalaiz.com\\\/web\\\/#website\"},\"primaryImageOfPage\":{\"@id\":\"https:\\\/\\\/teresalaiz.com\\\/web\\\/compania-espanola-de-canto-y-palillos\\\/#primaryimage\"},\"image\":{\"@id\":\"https:\\\/\\\/teresalaiz.com\\\/web\\\/compania-espanola-de-canto-y-palillos\\\/#primaryimage\"},\"thumbnailUrl\":\"https:\\\/\\\/teresalaiz.com\\\/web\\\/wp-content\\\/uploads\\\/2021\\\/12\\\/Cartel-Compania-Espanola-de-Canto-y-Palillos-pequeno-717x1024.jpg\",\"datePublished\":\"2021-12-14T03:19:08+00:00\",\"dateModified\":\"2021-12-14T04:00:13+00:00\",\"breadcrumb\":{\"@id\":\"https:\\\/\\\/teresalaiz.com\\\/web\\\/compania-espanola-de-canto-y-palillos\\\/#breadcrumb\"},\"inLanguage\":\"es\",\"potentialAction\":[{\"@type\":\"ReadAction\",\"target\":[\"https:\\\/\\\/teresalaiz.com\\\/web\\\/compania-espanola-de-canto-y-palillos\\\/\"]}]},{\"@type\":\"ImageObject\",\"inLanguage\":\"es\",\"@id\":\"https:\\\/\\\/teresalaiz.com\\\/web\\\/compania-espanola-de-canto-y-palillos\\\/#primaryimage\",\"url\":\"https:\\\/\\\/teresalaiz.com\\\/web\\\/wp-content\\\/uploads\\\/2021\\\/12\\\/Cartel-Compania-Espanola-de-Canto-y-Palillos-pequeno.jpg\",\"contentUrl\":\"https:\\\/\\\/teresalaiz.com\\\/web\\\/wp-content\\\/uploads\\\/2021\\\/12\\\/Cartel-Compania-Espanola-de-Canto-y-Palillos-pequeno.jpg\",\"width\":1344,\"height\":1920,\"caption\":\"Compan\u00eda espa\u00f1ola de canto y casta\u00f1uelas\"},{\"@type\":\"BreadcrumbList\",\"@id\":\"https:\\\/\\\/teresalaiz.com\\\/web\\\/compania-espanola-de-canto-y-palillos\\\/#breadcrumb\",\"itemListElement\":[{\"@type\":\"ListItem\",\"position\":1,\"name\":\"Portada\",\"item\":\"https:\\\/\\\/teresalaiz.com\\\/web\\\/\"},{\"@type\":\"ListItem\",\"position\":2,\"name\":\"Compa\u00f1\u00eda Espa\u00f1ola de Canto y Palillos\"}]},{\"@type\":\"WebSite\",\"@id\":\"https:\\\/\\\/teresalaiz.com\\\/web\\\/#website\",\"url\":\"https:\\\/\\\/teresalaiz.com\\\/web\\\/\",\"name\":\"Teresa Laiz\",\"description\":\"Casta\u00f1uelas, Conciertos de Casta\u00f1uelas, Cursos de Casta\u00f1uelas, Festival Internacional de Casta\u00f1uelas, M\u00e9todo de Casta\u00f1uelas, Castanets, Castagnettes, Kastagnetten, \u30ab\u30b9\u30bf\u30cd\u30c3\u30c8\",\"potentialAction\":[{\"@type\":\"SearchAction\",\"target\":{\"@type\":\"EntryPoint\",\"urlTemplate\":\"https:\\\/\\\/teresalaiz.com\\\/web\\\/?s={search_term_string}\"},\"query-input\":{\"@type\":\"PropertyValueSpecification\",\"valueRequired\":true,\"valueName\":\"search_term_string\"}}],\"inLanguage\":\"es\"}]}<\/script>\n<!-- \/ Yoast SEO plugin. -->","yoast_head_json":{"title":"Compa\u00f1\u00eda Espa\u00f1ola de Canto y Palillos - Teresa Laiz","robots":{"index":"index","follow":"follow","max-snippet":"max-snippet:-1","max-image-preview":"max-image-preview:large","max-video-preview":"max-video-preview:-1"},"canonical":"https:\/\/teresalaiz.com\/web\/compania-espanola-de-canto-y-palillos\/","og_locale":"es_ES","og_type":"article","og_title":"Compa\u00f1\u00eda Espa\u00f1ola de Canto y Palillos - Teresa Laiz","og_description":"La Soprano Marta Casas y la Concertista de Casta\u00f1uelas Teresa Laiz son la piedra angular de este proyecto, en el que se destila la esencia espa\u00f1ola tan rica por su gran diversidad. La voz y las casta\u00f1uelas, que unas veces act\u00faan como elemento de acompa\u00f1amiento y otras como instrumento solista tan desconocido en esta faceta para la gran mayor\u00eda, est\u00e1n acompa\u00f1adas por excelentes m\u00fasicos como la Pianista Eva Pav\u00f3n Quemener Kerloc\u2019h y el Guitarrista \u00c1lvaro Rodr\u00edguez F. J., que juntos recorren la geograf\u00eda de nuestro pa\u00eds, as\u00ed como las diferentes etapas de nuestra Historia, a trav\u00e9s de fragmentos de m\u00fasica cl\u00e1sica, zarzuela, copla o canciones populares. Este elenco de artistas [&hellip;]","og_url":"https:\/\/teresalaiz.com\/web\/compania-espanola-de-canto-y-palillos\/","og_site_name":"Teresa Laiz","article_modified_time":"2021-12-14T04:00:13+00:00","og_image":[{"url":"https:\/\/teresalaiz.com\/web\/wp-content\/uploads\/2021\/12\/Cartel-Compania-Espanola-de-Canto-y-Palillos-pequeno-717x1024.jpg","type":"","width":"","height":""}],"twitter_card":"summary_large_image","twitter_misc":{"Tiempo de lectura":"3 minutos"},"schema":{"@context":"https:\/\/schema.org","@graph":[{"@type":"WebPage","@id":"https:\/\/teresalaiz.com\/web\/compania-espanola-de-canto-y-palillos\/","url":"https:\/\/teresalaiz.com\/web\/compania-espanola-de-canto-y-palillos\/","name":"Compa\u00f1\u00eda Espa\u00f1ola de Canto y Palillos - Teresa Laiz","isPartOf":{"@id":"https:\/\/teresalaiz.com\/web\/#website"},"primaryImageOfPage":{"@id":"https:\/\/teresalaiz.com\/web\/compania-espanola-de-canto-y-palillos\/#primaryimage"},"image":{"@id":"https:\/\/teresalaiz.com\/web\/compania-espanola-de-canto-y-palillos\/#primaryimage"},"thumbnailUrl":"https:\/\/teresalaiz.com\/web\/wp-content\/uploads\/2021\/12\/Cartel-Compania-Espanola-de-Canto-y-Palillos-pequeno-717x1024.jpg","datePublished":"2021-12-14T03:19:08+00:00","dateModified":"2021-12-14T04:00:13+00:00","breadcrumb":{"@id":"https:\/\/teresalaiz.com\/web\/compania-espanola-de-canto-y-palillos\/#breadcrumb"},"inLanguage":"es","potentialAction":[{"@type":"ReadAction","target":["https:\/\/teresalaiz.com\/web\/compania-espanola-de-canto-y-palillos\/"]}]},{"@type":"ImageObject","inLanguage":"es","@id":"https:\/\/teresalaiz.com\/web\/compania-espanola-de-canto-y-palillos\/#primaryimage","url":"https:\/\/teresalaiz.com\/web\/wp-content\/uploads\/2021\/12\/Cartel-Compania-Espanola-de-Canto-y-Palillos-pequeno.jpg","contentUrl":"https:\/\/teresalaiz.com\/web\/wp-content\/uploads\/2021\/12\/Cartel-Compania-Espanola-de-Canto-y-Palillos-pequeno.jpg","width":1344,"height":1920,"caption":"Compan\u00eda espa\u00f1ola de canto y casta\u00f1uelas"},{"@type":"BreadcrumbList","@id":"https:\/\/teresalaiz.com\/web\/compania-espanola-de-canto-y-palillos\/#breadcrumb","itemListElement":[{"@type":"ListItem","position":1,"name":"Portada","item":"https:\/\/teresalaiz.com\/web\/"},{"@type":"ListItem","position":2,"name":"Compa\u00f1\u00eda Espa\u00f1ola de Canto y Palillos"}]},{"@type":"WebSite","@id":"https:\/\/teresalaiz.com\/web\/#website","url":"https:\/\/teresalaiz.com\/web\/","name":"Teresa Laiz","description":"Casta\u00f1uelas, Conciertos de Casta\u00f1uelas, Cursos de Casta\u00f1uelas, Festival Internacional de Casta\u00f1uelas, M\u00e9todo de Casta\u00f1uelas, Castanets, Castagnettes, Kastagnetten, \u30ab\u30b9\u30bf\u30cd\u30c3\u30c8","potentialAction":[{"@type":"SearchAction","target":{"@type":"EntryPoint","urlTemplate":"https:\/\/teresalaiz.com\/web\/?s={search_term_string}"},"query-input":{"@type":"PropertyValueSpecification","valueRequired":true,"valueName":"search_term_string"}}],"inLanguage":"es"}]}},"jetpack_sharing_enabled":true,"jetpack_shortlink":"https:\/\/wp.me\/P702QQ-Gf","jetpack_likes_enabled":true,"_links":{"self":[{"href":"https:\/\/teresalaiz.com\/web\/wp-json\/wp\/v2\/pages\/2619","targetHints":{"allow":["GET"]}}],"collection":[{"href":"https:\/\/teresalaiz.com\/web\/wp-json\/wp\/v2\/pages"}],"about":[{"href":"https:\/\/teresalaiz.com\/web\/wp-json\/wp\/v2\/types\/page"}],"author":[{"embeddable":true,"href":"https:\/\/teresalaiz.com\/web\/wp-json\/wp\/v2\/users\/1"}],"replies":[{"embeddable":true,"href":"https:\/\/teresalaiz.com\/web\/wp-json\/wp\/v2\/comments?post=2619"}],"version-history":[{"count":0,"href":"https:\/\/teresalaiz.com\/web\/wp-json\/wp\/v2\/pages\/2619\/revisions"}],"wp:attachment":[{"href":"https:\/\/teresalaiz.com\/web\/wp-json\/wp\/v2\/media?parent=2619"}],"curies":[{"name":"wp","href":"https:\/\/api.w.org\/{rel}","templated":true}]}}