{"id":3733,"date":"2024-03-12T03:13:40","date_gmt":"2024-03-12T03:13:40","guid":{"rendered":"https:\/\/teresalaiz.com\/web\/?page_id=3733"},"modified":"2024-03-12T03:26:23","modified_gmt":"2024-03-12T03:26:23","slug":"convocatoria-pianista-nueva-york-2024","status":"publish","type":"page","link":"https:\/\/teresalaiz.com\/web\/convocatoria-pianista-nueva-york-2024\/","title":{"rendered":"Convocatoria Pianista &#8211; Nueva York 2024 &#8211;"},"content":{"rendered":"<p><a href=\"https:\/\/teresalaiz.com\/web\/wp-content\/uploads\/2024\/03\/Audicion-de-Piano-Bases.pdf\" target=\"_blank\" rel=\"noopener\"><img loading=\"lazy\" decoding=\"async\" class=\"aligncenter wp-image-3734 size-large\" src=\"https:\/\/teresalaiz.com\/web\/wp-content\/uploads\/2024\/03\/Audicion-de-Piano-Cartel-724x1024.jpg\" alt=\"Convocatoria Pianista\" width=\"720\" height=\"1018\" srcset=\"https:\/\/teresalaiz.com\/web\/wp-content\/uploads\/2024\/03\/Audicion-de-Piano-Cartel-724x1024.jpg 724w, https:\/\/teresalaiz.com\/web\/wp-content\/uploads\/2024\/03\/Audicion-de-Piano-Cartel-212x300.jpg 212w, https:\/\/teresalaiz.com\/web\/wp-content\/uploads\/2024\/03\/Audicion-de-Piano-Cartel-768x1086.jpg 768w, https:\/\/teresalaiz.com\/web\/wp-content\/uploads\/2024\/03\/Audicion-de-Piano-Cartel-1087x1536.jpg 1087w, https:\/\/teresalaiz.com\/web\/wp-content\/uploads\/2024\/03\/Audicion-de-Piano-Cartel-1449x2048.jpg 1449w, https:\/\/teresalaiz.com\/web\/wp-content\/uploads\/2024\/03\/Audicion-de-Piano-Cartel-scaled.jpg 1811w\" sizes=\"(max-width: 720px) 100vw, 720px\" \/><\/a><\/p>\n","protected":false},"excerpt":{"rendered":"","protected":false},"author":1,"featured_media":0,"parent":0,"menu_order":0,"comment_status":"closed","ping_status":"closed","template":"templates\/full-width.php","meta":{"footnotes":""},"yoast_head":"<!-- This site is optimized with the Yoast SEO plugin v22.7 - https:\/\/yoast.com\/wordpress\/plugins\/seo\/ -->\n<title>Convocatoria Pianista - Nueva York 2024 - Teresa Laiz<\/title>\n<meta name=\"description\" content=\"Conciertos en Nueva York: Carnegie Hall, etc. Convocatoria para Audici\u00f3n de Pianista acompa\u00f1ante de Casta\u00f1uelas de Concierto y Soprano.\" \/>\n<meta name=\"robots\" content=\"index, follow, max-snippet:-1, max-image-preview:large, max-video-preview:-1\" \/>\n<link rel=\"canonical\" href=\"https:\/\/teresalaiz.com\/web\/convocatoria-pianista-nueva-york-2024\/\" \/>\n<meta property=\"og:locale\" content=\"es_ES\" \/>\n<meta property=\"og:type\" content=\"article\" \/>\n<meta property=\"og:title\" content=\"Convocatoria Audici\u00f3n para Pianista acompa\u00f1ante de Casta\u00f1uelas de Concierto y Soprano.\" \/>\n<meta property=\"og:description\" content=\"Conciertos en Nueva York: Carnegie Hall, Thalia Spanish Theatre, etc.\" \/>\n<meta property=\"og:url\" content=\"https:\/\/teresalaiz.com\/web\/convocatoria-pianista-nueva-york-2024\/\" \/>\n<meta property=\"og:site_name\" content=\"Teresa Laiz\" \/>\n<meta property=\"article:modified_time\" content=\"2024-03-12T03:26:23+00:00\" \/>\n<meta property=\"og:image\" content=\"https:\/\/teresalaiz.com\/web\/wp-content\/uploads\/2024\/03\/Audicion-de-Piano-Cartel-scaled.jpg\" \/>\n\t<meta property=\"og:image:width\" content=\"1811\" \/>\n\t<meta property=\"og:image:height\" content=\"2560\" \/>\n\t<meta property=\"og:image:type\" content=\"image\/jpeg\" \/>\n<meta name=\"twitter:card\" content=\"summary_large_image\" \/>\n<meta name=\"twitter:label1\" content=\"Tiempo de lectura\" \/>\n\t<meta name=\"twitter:data1\" content=\"1 minuto\" \/>\n<script type=\"application\/ld+json\" class=\"yoast-schema-graph\">{\"@context\":\"https:\/\/schema.org\",\"@graph\":[{\"@type\":\"WebPage\",\"@id\":\"https:\/\/teresalaiz.com\/web\/convocatoria-pianista-nueva-york-2024\/\",\"url\":\"https:\/\/teresalaiz.com\/web\/convocatoria-pianista-nueva-york-2024\/\",\"name\":\"Convocatoria Pianista - Nueva York 2024 - Teresa Laiz\",\"isPartOf\":{\"@id\":\"https:\/\/teresalaiz.com\/web\/#website\"},\"primaryImageOfPage\":{\"@id\":\"https:\/\/teresalaiz.com\/web\/convocatoria-pianista-nueva-york-2024\/#primaryimage\"},\"image\":{\"@id\":\"https:\/\/teresalaiz.com\/web\/convocatoria-pianista-nueva-york-2024\/#primaryimage\"},\"thumbnailUrl\":\"https:\/\/teresalaiz.com\/web\/wp-content\/uploads\/2024\/03\/Audicion-de-Piano-Cartel-724x1024.jpg\",\"datePublished\":\"2024-03-12T03:13:40+00:00\",\"dateModified\":\"2024-03-12T03:26:23+00:00\",\"description\":\"Conciertos en Nueva York: Carnegie Hall, etc. Convocatoria para Audici\u00f3n de Pianista acompa\u00f1ante de Casta\u00f1uelas de Concierto y Soprano.\",\"breadcrumb\":{\"@id\":\"https:\/\/teresalaiz.com\/web\/convocatoria-pianista-nueva-york-2024\/#breadcrumb\"},\"inLanguage\":\"es\",\"potentialAction\":[{\"@type\":\"ReadAction\",\"target\":[\"https:\/\/teresalaiz.com\/web\/convocatoria-pianista-nueva-york-2024\/\"]}]},{\"@type\":\"ImageObject\",\"inLanguage\":\"es\",\"@id\":\"https:\/\/teresalaiz.com\/web\/convocatoria-pianista-nueva-york-2024\/#primaryimage\",\"url\":\"https:\/\/teresalaiz.com\/web\/wp-content\/uploads\/2024\/03\/Audicion-de-Piano-Cartel-scaled.jpg\",\"contentUrl\":\"https:\/\/teresalaiz.com\/web\/wp-content\/uploads\/2024\/03\/Audicion-de-Piano-Cartel-scaled.jpg\",\"width\":1811,\"height\":2560,\"caption\":\"Convocatoria Pianista\"},{\"@type\":\"BreadcrumbList\",\"@id\":\"https:\/\/teresalaiz.com\/web\/convocatoria-pianista-nueva-york-2024\/#breadcrumb\",\"itemListElement\":[{\"@type\":\"ListItem\",\"position\":1,\"name\":\"Portada\",\"item\":\"https:\/\/teresalaiz.com\/web\/\"},{\"@type\":\"ListItem\",\"position\":2,\"name\":\"Convocatoria Pianista &#8211; Nueva York 2024 &#8211;\"}]},{\"@type\":\"WebSite\",\"@id\":\"https:\/\/teresalaiz.com\/web\/#website\",\"url\":\"https:\/\/teresalaiz.com\/web\/\",\"name\":\"Teresa Laiz\",\"description\":\"Casta\u00f1uelas, Conciertos de Casta\u00f1uelas, Cursos de Casta\u00f1uelas, Festival Internacional de Casta\u00f1uelas, M\u00e9todo de Casta\u00f1uelas, Castanets, Castagnettes, Kastagnetten, \u30ab\u30b9\u30bf\u30cd\u30c3\u30c8\",\"potentialAction\":[{\"@type\":\"SearchAction\",\"target\":{\"@type\":\"EntryPoint\",\"urlTemplate\":\"https:\/\/teresalaiz.com\/web\/?s={search_term_string}\"},\"query-input\":\"required name=search_term_string\"}],\"inLanguage\":\"es\"}]}<\/script>\n<!-- \/ Yoast SEO plugin. -->","yoast_head_json":{"title":"Convocatoria Pianista - Nueva York 2024 - Teresa Laiz","description":"Conciertos en Nueva York: Carnegie Hall, etc. Convocatoria para Audici\u00f3n de Pianista acompa\u00f1ante de Casta\u00f1uelas de Concierto y Soprano.","robots":{"index":"index","follow":"follow","max-snippet":"max-snippet:-1","max-image-preview":"max-image-preview:large","max-video-preview":"max-video-preview:-1"},"canonical":"https:\/\/teresalaiz.com\/web\/convocatoria-pianista-nueva-york-2024\/","og_locale":"es_ES","og_type":"article","og_title":"Convocatoria Audici\u00f3n para Pianista acompa\u00f1ante de Casta\u00f1uelas de Concierto y Soprano.","og_description":"Conciertos en Nueva York: Carnegie Hall, Thalia Spanish Theatre, etc.","og_url":"https:\/\/teresalaiz.com\/web\/convocatoria-pianista-nueva-york-2024\/","og_site_name":"Teresa Laiz","article_modified_time":"2024-03-12T03:26:23+00:00","og_image":[{"width":1811,"height":2560,"url":"https:\/\/teresalaiz.com\/web\/wp-content\/uploads\/2024\/03\/Audicion-de-Piano-Cartel-scaled.jpg","type":"image\/jpeg"}],"twitter_card":"summary_large_image","twitter_misc":{"Tiempo de lectura":"1 minuto"},"schema":{"@context":"https:\/\/schema.org","@graph":[{"@type":"WebPage","@id":"https:\/\/teresalaiz.com\/web\/convocatoria-pianista-nueva-york-2024\/","url":"https:\/\/teresalaiz.com\/web\/convocatoria-pianista-nueva-york-2024\/","name":"Convocatoria Pianista - Nueva York 2024 - Teresa Laiz","isPartOf":{"@id":"https:\/\/teresalaiz.com\/web\/#website"},"primaryImageOfPage":{"@id":"https:\/\/teresalaiz.com\/web\/convocatoria-pianista-nueva-york-2024\/#primaryimage"},"image":{"@id":"https:\/\/teresalaiz.com\/web\/convocatoria-pianista-nueva-york-2024\/#primaryimage"},"thumbnailUrl":"https:\/\/teresalaiz.com\/web\/wp-content\/uploads\/2024\/03\/Audicion-de-Piano-Cartel-724x1024.jpg","datePublished":"2024-03-12T03:13:40+00:00","dateModified":"2024-03-12T03:26:23+00:00","description":"Conciertos en Nueva York: Carnegie Hall, etc. Convocatoria para Audici\u00f3n de Pianista acompa\u00f1ante de Casta\u00f1uelas de Concierto y Soprano.","breadcrumb":{"@id":"https:\/\/teresalaiz.com\/web\/convocatoria-pianista-nueva-york-2024\/#breadcrumb"},"inLanguage":"es","potentialAction":[{"@type":"ReadAction","target":["https:\/\/teresalaiz.com\/web\/convocatoria-pianista-nueva-york-2024\/"]}]},{"@type":"ImageObject","inLanguage":"es","@id":"https:\/\/teresalaiz.com\/web\/convocatoria-pianista-nueva-york-2024\/#primaryimage","url":"https:\/\/teresalaiz.com\/web\/wp-content\/uploads\/2024\/03\/Audicion-de-Piano-Cartel-scaled.jpg","contentUrl":"https:\/\/teresalaiz.com\/web\/wp-content\/uploads\/2024\/03\/Audicion-de-Piano-Cartel-scaled.jpg","width":1811,"height":2560,"caption":"Convocatoria Pianista"},{"@type":"BreadcrumbList","@id":"https:\/\/teresalaiz.com\/web\/convocatoria-pianista-nueva-york-2024\/#breadcrumb","itemListElement":[{"@type":"ListItem","position":1,"name":"Portada","item":"https:\/\/teresalaiz.com\/web\/"},{"@type":"ListItem","position":2,"name":"Convocatoria Pianista &#8211; Nueva York 2024 &#8211;"}]},{"@type":"WebSite","@id":"https:\/\/teresalaiz.com\/web\/#website","url":"https:\/\/teresalaiz.com\/web\/","name":"Teresa Laiz","description":"Casta\u00f1uelas, Conciertos de Casta\u00f1uelas, Cursos de Casta\u00f1uelas, Festival Internacional de Casta\u00f1uelas, M\u00e9todo de Casta\u00f1uelas, Castanets, Castagnettes, Kastagnetten, \u30ab\u30b9\u30bf\u30cd\u30c3\u30c8","potentialAction":[{"@type":"SearchAction","target":{"@type":"EntryPoint","urlTemplate":"https:\/\/teresalaiz.com\/web\/?s={search_term_string}"},"query-input":"required name=search_term_string"}],"inLanguage":"es"}]}},"jetpack_sharing_enabled":true,"jetpack_shortlink":"https:\/\/wp.me\/P702QQ-Yd","jetpack_likes_enabled":true,"_links":{"self":[{"href":"https:\/\/teresalaiz.com\/web\/wp-json\/wp\/v2\/pages\/3733"}],"collection":[{"href":"https:\/\/teresalaiz.com\/web\/wp-json\/wp\/v2\/pages"}],"about":[{"href":"https:\/\/teresalaiz.com\/web\/wp-json\/wp\/v2\/types\/page"}],"author":[{"embeddable":true,"href":"https:\/\/teresalaiz.com\/web\/wp-json\/wp\/v2\/users\/1"}],"replies":[{"embeddable":true,"href":"https:\/\/teresalaiz.com\/web\/wp-json\/wp\/v2\/comments?post=3733"}],"version-history":[{"count":0,"href":"https:\/\/teresalaiz.com\/web\/wp-json\/wp\/v2\/pages\/3733\/revisions"}],"wp:attachment":[{"href":"https:\/\/teresalaiz.com\/web\/wp-json\/wp\/v2\/media?parent=3733"}],"curies":[{"name":"wp","href":"https:\/\/api.w.org\/{rel}","templated":true}]}}