{"id":381,"date":"2015-12-10T00:46:39","date_gmt":"2015-12-10T00:46:39","guid":{"rendered":"https:\/\/teresalaiz.com\/web\/?page_id=381"},"modified":"2025-09-14T18:43:43","modified_gmt":"2025-09-14T18:43:43","slug":"escuela","status":"publish","type":"page","link":"https:\/\/teresalaiz.com\/web\/escuela\/","title":{"rendered":"Escuela"},"content":{"rendered":"<h2 style=\"text-align: center;\"><strong>Escuela de Casta\u00f1uelas Teresa Laiz<\/strong><\/h2>\n<p style=\"text-align: center;\">Clases Individuales y en grupo.<\/p>\n<p style=\"text-align: center;\">Todos los niveles desde Principiante a Profesional.<\/p>\n<p style=\"text-align: center;\">Clases presenciales, Clases online, Talleres, Master Class, Cursillos intensivos.<\/p>\n<p>&nbsp;<\/p>\n<h4 style=\"text-align: justify;\"><strong>Plan de Estudios y Titulaci\u00f3n<\/strong><\/h4>\n<p style=\"text-align: justify;\">El plan de estudios de la <em>Escuela de Casta\u00f1uelas Teresa Laiz<\/em> es de car\u00e1cter hol\u00edstico, en el que se ense\u00f1a a tocar las Casta\u00f1uelas como instrumento musical pero integrado en las diferentes disciplinas en las que se pueden utilizar.<\/p>\n<p style=\"text-align: justify;\">El objetivo de estos estudios es convertir al alumno en un profesional de las casta\u00f1uelas en cualquiera de las especialidades: casta\u00f1uelas de concierto,\u00a0 casta\u00f1uelas de acompa\u00f1amiento a la danza, casta\u00f1uelas de acompa\u00f1amiento al cante, como elemento teatral, audivisual, objeto de investigaci\u00f3n. No obstante, cualquiera puede realizarlos como mero entretenimiento o con objetivos menos pretenciosos.<\/p>\n<p style=\"text-align: justify;\">Los estudios est\u00e1n divididos en tres niveles: Elemental, Intermedio y Avanzado. La duraci\u00f3n es de un a\u00f1o acad\u00e9mico por nivel (10 meses de Octubre a Julio). Cada curso es progresivo y todos los alumnos deben comenzar por el Curso Elemental aunque podr\u00e1n avanzar m\u00e1s r\u00e1pidamente en funci\u00f3n de sus conocimientos, experiencia y dedicaci\u00f3n.<\/p>\n<p style=\"text-align: justify;\">Al finalizar cada nivel los alumnos obtendr\u00e1n un Certificado del Cid-Unesco, correspondiente a los Niveles I, II y III, tras haber cursado 150 horas de estudios cada a\u00f1o comprendidas entre clases y estudio personal.<\/p>\n<p style=\"text-align: justify;\">Despu\u00e9s de completar los estudios, el alumno podr\u00e1 examinarse para la obtenci\u00f3n de la Titulaci\u00f3n de la Escuela de Casta\u00f1uelas Teresa Laiz. Las convocatorias de examen ser\u00e1n en Diciembre y Junio, en Madrid. Los Titulados podr\u00e1n ense\u00f1ar y examinar a sus propios alumnos siguiendo las pautas del M\u00e9todo de la Escuela de Casta\u00f1uelas Teresa Laiz, adem\u00e1s de optar al nombramiento como Miembro del Consejo Internacional de la Danza Cid-Unesco.<\/p>\n<p>&nbsp;<\/p>\n<h4 style=\"text-align: justify;\"><strong>Metodolog\u00eda y Desarrollo del Curso<\/strong><\/h4>\n<p style=\"text-align: justify;\">Los cursos pueden ser Presenciales o 100% Online a distancia a trav\u00e9s de una plataforma virtual.<\/p>\n<p style=\"text-align: justify;\">Las clases presenciales son de dos horas de duraci\u00f3n una vez por semana. Se realiza un hora de T\u00e9cnica y otra de Repertorio.\u00a0 Estas clases son en grupo con un m\u00e1ximo de 20 alumnos por clase. El alumno tendr\u00e1 acceso al programa de cada curso, a las partituras y la m\u00fasica de las obras del repertorio.<\/p>\n<p style=\"text-align: justify;\">En la Escuela Online el alumno tendr\u00e1 acceso al programa de cada curso, autoevaluaciones, partituras, m\u00fasica, videos demostrativos y recibir\u00e1 una clase colectiva semanal de una hora por regla general y en algunas ocasiones de mayor duraci\u00f3n, que tendr\u00e1 lugar los domingos a las 18 h hora espa\u00f1ola. La clase quedar\u00e1 grabada con lo cual el alumno podr\u00e1 verla con posterioridad si no pudo conectarse en directo y volverla a ver tantas veces como desee.<\/p>\n<p>Tambi\u00e9n, se pueden realizar clases particulares, tanto presenciales como online, acordando con la profesora el d\u00eda y la hora de la clase.<\/p>\n<p style=\"text-align: justify;\">Se trabajar\u00e1 la t\u00e9cnica de la casta\u00f1uela a trav\u00e9s de ejercicios de colocaci\u00f3n, fuerza, coordinaci\u00f3n, destreza, ritmo, expresi\u00f3n e improvisaci\u00f3n de forma amena y divertida y a la vez con rigurosidad.\u00a0 Desde el comienzo se prestar\u00e1 especial atenci\u00f3n al aumento de la velocidad,\u00a0 a los matices, la expresi\u00f3n y la transmisi\u00f3n de emociones al p\u00fablico.<\/p>\n<p style=\"text-align: justify;\">Asimismo, el alumno se iniciar\u00e1 o perfeccionar\u00e1 su destreza en la lectura de partituras de casta\u00f1uelas de dificultad adecuada al nivel. En cada curso se estudiar\u00e1n 10 obras con partitura, una por mes, de diferentes estilos de m\u00fasica: cl\u00e1sica, espa\u00f1ola y popular. No es necesario saber solfeo de antemano. El alumno ir\u00e1 aprendiendo a leer las partituras de manera muy sencilla y progresiva a medida que vaya avanzando en los estudios.<\/p>\n<p>&nbsp;<\/p>\n<h4><strong>Cursos Regulares Presenciales<\/strong><\/h4>\n<p><em>Escuela Ma non troppo<\/em><br \/>\nC\/Domenico Scarlatti, n\u00ba 3<br \/>\n28003 Madrid &#8211; SPAIN<\/p>\n<p><em>Para m\u00e1s informaci\u00f3n:<\/em><br \/>\nTeresa Laiz<br \/>\nTf. (+34) 636 73 93 77<br \/>\ninfo@teresalaiz.com<br \/>\nwww.teresalaiz.com<\/p>\n<p>&nbsp;<\/p>\n<h4><strong>Cursos Online<\/strong><\/h4>\n<p>Visita la Escuela Online pulsando <a href=\"https:\/\/escuela.teresalaiz.com\/\" target=\"_blank\" rel=\"noopener noreferrer\">aqu\u00ed<\/a>.<\/p>\n<p><img loading=\"lazy\" decoding=\"async\" class=\"wp-image-916 size-medium aligncenter\" src=\"https:\/\/teresalaiz.com\/web\/wp-content\/uploads\/2017\/01\/CID2-300x300.png\" alt=\"Teresa Laiz UNESCO\" width=\"300\" height=\"300\" srcset=\"https:\/\/teresalaiz.com\/web\/wp-content\/uploads\/2017\/01\/CID2-300x300.png 300w, https:\/\/teresalaiz.com\/web\/wp-content\/uploads\/2017\/01\/CID2-150x150.png 150w, https:\/\/teresalaiz.com\/web\/wp-content\/uploads\/2017\/01\/CID2.png 420w\" sizes=\"(max-width: 300px) 100vw, 300px\" \/><\/p>\n<p style=\"text-align: center;\"><strong>Ms. Teresa Laiz Monsalve (Spain) [Cid-19869]<\/strong><\/p>\n<p style=\"text-align: center;\"><strong>Escuela de Casta\u00f1uelas Teresa Laiz (Spain) [Cid-19870]<\/strong><\/p>\n<p><span style=\"border-radius: 2px; text-indent: 20px; width: auto; padding: 0px 4px 0px 0px; text-align: center; font: bold 11px\/20px 'Helvetica Neue',Helvetica,sans-serif; color: #ffffff; background: #bd081c no-repeat scroll 3px 50{c33df344504e76e9b8c2d2d40490653b527477a3d546cc803e63fd4404a403e4} \/ 14px 14px; position: absolute; opacity: 1; z-index: 8675309; display: none; cursor: pointer;\">Guardar<\/span><\/p>\n<p><span style=\"border-radius: 2px; text-indent: 20px; width: auto; padding: 0px 4px 0px 0px; text-align: center; font: bold 11px\/20px 'Helvetica Neue',Helvetica,sans-serif; color: #ffffff; background: #bd081c no-repeat scroll 3px 50{c33df344504e76e9b8c2d2d40490653b527477a3d546cc803e63fd4404a403e4} \/ 14px 14px; position: absolute; opacity: 1; z-index: 8675309; display: none; cursor: pointer; top: 3313px; left: 368px;\">Guardar<\/span><\/p>\n<p><span style=\"border-radius: 2px; text-indent: 20px; width: auto; padding: 0px 4px 0px 0px; text-align: center; font: bold 11px\/20px 'Helvetica Neue',Helvetica,sans-serif; color: #ffffff; background: #bd081c no-repeat scroll 3px 50{c33df344504e76e9b8c2d2d40490653b527477a3d546cc803e63fd4404a403e4} \/ 14px 14px; position: absolute; opacity: 1; z-index: 8675309; display: none; cursor: pointer;\">Guardar<\/span><\/p>\n<p><span style=\"border-radius: 2px; text-indent: 20px; width: auto; padding: 0px 4px 0px 0px; text-align: center; font: bold 11px\/20px 'Helvetica Neue',Helvetica,sans-serif; color: #ffffff; background: #bd081c no-repeat scroll 3px 50{c33df344504e76e9b8c2d2d40490653b527477a3d546cc803e63fd4404a403e4} \/ 14px 14px; position: absolute; opacity: 1; z-index: 8675309; display: none; cursor: pointer; top: 3313px; left: 368px;\">Guardar<\/span><\/p>\n<p><span style=\"border-radius: 2px; text-indent: 20px; width: auto; padding: 0px 4px 0px 0px; text-align: center; font: bold 11px\/20px 'Helvetica Neue',Helvetica,sans-serif; color: #ffffff; background: #bd081c no-repeat scroll 3px 50{c33df344504e76e9b8c2d2d40490653b527477a3d546cc803e63fd4404a403e4} \/ 14px 14px; position: absolute; opacity: 1; z-index: 8675309; display: none; cursor: pointer; top: 3313px; left: 368px;\">Guardar<\/span><\/p>\n<p><span style=\"border-radius: 2px; text-indent: 20px; width: auto; padding: 0px 4px 0px 0px; text-align: center; font: bold 11px\/20px 'Helvetica Neue',Helvetica,sans-serif; color: #ffffff; background: #bd081c no-repeat scroll 3px 50{c33df344504e76e9b8c2d2d40490653b527477a3d546cc803e63fd4404a403e4} \/ 14px 14px; position: absolute; opacity: 1; z-index: 8675309; display: none; cursor: pointer; top: 3377px; left: 368px;\">Guardar<\/span><\/p>\n<p><span style=\"border-radius: 2px; text-indent: 20px; width: auto; padding: 0px 4px 0px 0px; text-align: center; font: bold 11px\/20px 'Helvetica Neue',Helvetica,sans-serif; color: #ffffff; background: #bd081c no-repeat scroll 3px 50{c33df344504e76e9b8c2d2d40490653b527477a3d546cc803e63fd4404a403e4} \/ 14px 14px; position: absolute; opacity: 1; z-index: 8675309; display: none; cursor: pointer;\">Guardar<\/span><\/p>\n","protected":false},"excerpt":{"rendered":"<p>Escuela de Casta\u00f1uelas Teresa Laiz Clases Individuales y en grupo. Todos los niveles desde Principiante a Profesional. Clases presenciales, Clases online, Talleres, Master Class, Cursillos intensivos. &nbsp; Plan de Estudios y Titulaci\u00f3n El plan de estudios de la Escuela de Casta\u00f1uelas Teresa Laiz es de car\u00e1cter hol\u00edstico, en el que se ense\u00f1a a tocar las Casta\u00f1uelas como instrumento musical pero integrado en las diferentes disciplinas en las que se pueden utilizar. El objetivo de estos estudios es convertir al alumno en un profesional de las casta\u00f1uelas en cualquiera de las especialidades: casta\u00f1uelas de concierto,\u00a0 casta\u00f1uelas de acompa\u00f1amiento a la danza, casta\u00f1uelas de acompa\u00f1amiento al cante, como elemento teatral, audivisual, objeto [&hellip;]<\/p>\n","protected":false},"author":1,"featured_media":385,"parent":0,"menu_order":0,"comment_status":"closed","ping_status":"closed","template":"templates\/full-width.php","meta":{"footnotes":""},"yoast_head":"<!-- This site is optimized with the Yoast SEO plugin v22.7 - https:\/\/yoast.com\/wordpress\/plugins\/seo\/ -->\n<title>Escuela - Teresa Laiz<\/title>\n<meta name=\"robots\" content=\"index, follow, max-snippet:-1, max-image-preview:large, max-video-preview:-1\" \/>\n<link rel=\"canonical\" href=\"https:\/\/teresalaiz.com\/web\/escuela\/\" \/>\n<meta property=\"og:locale\" content=\"es_ES\" \/>\n<meta property=\"og:type\" content=\"article\" \/>\n<meta property=\"og:title\" content=\"Escuela - Teresa Laiz\" \/>\n<meta property=\"og:description\" content=\"Escuela de Casta\u00f1uelas Teresa Laiz Clases Individuales y en grupo. Todos los niveles desde Principiante a Profesional. Clases presenciales, Clases online, Talleres, Master Class, Cursillos intensivos. &nbsp; Plan de Estudios y Titulaci\u00f3n El plan de estudios de la Escuela de Casta\u00f1uelas Teresa Laiz es de car\u00e1cter hol\u00edstico, en el que se ense\u00f1a a tocar las Casta\u00f1uelas como instrumento musical pero integrado en las diferentes disciplinas en las que se pueden utilizar. El objetivo de estos estudios es convertir al alumno en un profesional de las casta\u00f1uelas en cualquiera de las especialidades: casta\u00f1uelas de concierto,\u00a0 casta\u00f1uelas de acompa\u00f1amiento a la danza, casta\u00f1uelas de acompa\u00f1amiento al cante, como elemento teatral, audivisual, objeto [&hellip;]\" \/>\n<meta property=\"og:url\" content=\"https:\/\/teresalaiz.com\/web\/escuela\/\" \/>\n<meta property=\"og:site_name\" content=\"Teresa Laiz\" \/>\n<meta property=\"article:modified_time\" content=\"2025-09-14T18:43:43+00:00\" \/>\n<meta property=\"og:image\" content=\"https:\/\/teresalaiz.com\/web\/wp-content\/uploads\/2015\/12\/07b9e5d6236e7daffffd58117f256b52.jpg\" \/>\n\t<meta property=\"og:image:width\" content=\"280\" \/>\n\t<meta property=\"og:image:height\" content=\"420\" \/>\n\t<meta property=\"og:image:type\" content=\"image\/jpeg\" \/>\n<meta name=\"twitter:card\" content=\"summary_large_image\" \/>\n<meta name=\"twitter:label1\" content=\"Tiempo de lectura\" \/>\n\t<meta name=\"twitter:data1\" content=\"4 minutos\" \/>\n<script type=\"application\/ld+json\" class=\"yoast-schema-graph\">{\"@context\":\"https:\/\/schema.org\",\"@graph\":[{\"@type\":\"WebPage\",\"@id\":\"https:\/\/teresalaiz.com\/web\/escuela\/\",\"url\":\"https:\/\/teresalaiz.com\/web\/escuela\/\",\"name\":\"Escuela - Teresa Laiz\",\"isPartOf\":{\"@id\":\"https:\/\/teresalaiz.com\/web\/#website\"},\"primaryImageOfPage\":{\"@id\":\"https:\/\/teresalaiz.com\/web\/escuela\/#primaryimage\"},\"image\":{\"@id\":\"https:\/\/teresalaiz.com\/web\/escuela\/#primaryimage\"},\"thumbnailUrl\":\"https:\/\/teresalaiz.com\/web\/wp-content\/uploads\/2015\/12\/07b9e5d6236e7daffffd58117f256b52.jpg\",\"datePublished\":\"2015-12-10T00:46:39+00:00\",\"dateModified\":\"2025-09-14T18:43:43+00:00\",\"breadcrumb\":{\"@id\":\"https:\/\/teresalaiz.com\/web\/escuela\/#breadcrumb\"},\"inLanguage\":\"es\",\"potentialAction\":[{\"@type\":\"ReadAction\",\"target\":[\"https:\/\/teresalaiz.com\/web\/escuela\/\"]}]},{\"@type\":\"ImageObject\",\"inLanguage\":\"es\",\"@id\":\"https:\/\/teresalaiz.com\/web\/escuela\/#primaryimage\",\"url\":\"https:\/\/teresalaiz.com\/web\/wp-content\/uploads\/2015\/12\/07b9e5d6236e7daffffd58117f256b52.jpg\",\"contentUrl\":\"https:\/\/teresalaiz.com\/web\/wp-content\/uploads\/2015\/12\/07b9e5d6236e7daffffd58117f256b52.jpg\",\"width\":280,\"height\":420,\"caption\":\"Escuela Teresa Laiz clases de casta\u00f1uelas\"},{\"@type\":\"BreadcrumbList\",\"@id\":\"https:\/\/teresalaiz.com\/web\/escuela\/#breadcrumb\",\"itemListElement\":[{\"@type\":\"ListItem\",\"position\":1,\"name\":\"Portada\",\"item\":\"https:\/\/teresalaiz.com\/web\/\"},{\"@type\":\"ListItem\",\"position\":2,\"name\":\"Escuela\"}]},{\"@type\":\"WebSite\",\"@id\":\"https:\/\/teresalaiz.com\/web\/#website\",\"url\":\"https:\/\/teresalaiz.com\/web\/\",\"name\":\"Teresa Laiz\",\"description\":\"Casta\u00f1uelas, Conciertos de Casta\u00f1uelas, Cursos de Casta\u00f1uelas, Festival Internacional de Casta\u00f1uelas, M\u00e9todo de Casta\u00f1uelas, Castanets, Castagnettes, Kastagnetten, \u30ab\u30b9\u30bf\u30cd\u30c3\u30c8\",\"potentialAction\":[{\"@type\":\"SearchAction\",\"target\":{\"@type\":\"EntryPoint\",\"urlTemplate\":\"https:\/\/teresalaiz.com\/web\/?s={search_term_string}\"},\"query-input\":\"required name=search_term_string\"}],\"inLanguage\":\"es\"}]}<\/script>\n<!-- \/ Yoast SEO plugin. -->","yoast_head_json":{"title":"Escuela - Teresa Laiz","robots":{"index":"index","follow":"follow","max-snippet":"max-snippet:-1","max-image-preview":"max-image-preview:large","max-video-preview":"max-video-preview:-1"},"canonical":"https:\/\/teresalaiz.com\/web\/escuela\/","og_locale":"es_ES","og_type":"article","og_title":"Escuela - Teresa Laiz","og_description":"Escuela de Casta\u00f1uelas Teresa Laiz Clases Individuales y en grupo. Todos los niveles desde Principiante a Profesional. Clases presenciales, Clases online, Talleres, Master Class, Cursillos intensivos. &nbsp; Plan de Estudios y Titulaci\u00f3n El plan de estudios de la Escuela de Casta\u00f1uelas Teresa Laiz es de car\u00e1cter hol\u00edstico, en el que se ense\u00f1a a tocar las Casta\u00f1uelas como instrumento musical pero integrado en las diferentes disciplinas en las que se pueden utilizar. El objetivo de estos estudios es convertir al alumno en un profesional de las casta\u00f1uelas en cualquiera de las especialidades: casta\u00f1uelas de concierto,\u00a0 casta\u00f1uelas de acompa\u00f1amiento a la danza, casta\u00f1uelas de acompa\u00f1amiento al cante, como elemento teatral, audivisual, objeto [&hellip;]","og_url":"https:\/\/teresalaiz.com\/web\/escuela\/","og_site_name":"Teresa Laiz","article_modified_time":"2025-09-14T18:43:43+00:00","og_image":[{"width":280,"height":420,"url":"https:\/\/teresalaiz.com\/web\/wp-content\/uploads\/2015\/12\/07b9e5d6236e7daffffd58117f256b52.jpg","type":"image\/jpeg"}],"twitter_card":"summary_large_image","twitter_misc":{"Tiempo de lectura":"4 minutos"},"schema":{"@context":"https:\/\/schema.org","@graph":[{"@type":"WebPage","@id":"https:\/\/teresalaiz.com\/web\/escuela\/","url":"https:\/\/teresalaiz.com\/web\/escuela\/","name":"Escuela - Teresa Laiz","isPartOf":{"@id":"https:\/\/teresalaiz.com\/web\/#website"},"primaryImageOfPage":{"@id":"https:\/\/teresalaiz.com\/web\/escuela\/#primaryimage"},"image":{"@id":"https:\/\/teresalaiz.com\/web\/escuela\/#primaryimage"},"thumbnailUrl":"https:\/\/teresalaiz.com\/web\/wp-content\/uploads\/2015\/12\/07b9e5d6236e7daffffd58117f256b52.jpg","datePublished":"2015-12-10T00:46:39+00:00","dateModified":"2025-09-14T18:43:43+00:00","breadcrumb":{"@id":"https:\/\/teresalaiz.com\/web\/escuela\/#breadcrumb"},"inLanguage":"es","potentialAction":[{"@type":"ReadAction","target":["https:\/\/teresalaiz.com\/web\/escuela\/"]}]},{"@type":"ImageObject","inLanguage":"es","@id":"https:\/\/teresalaiz.com\/web\/escuela\/#primaryimage","url":"https:\/\/teresalaiz.com\/web\/wp-content\/uploads\/2015\/12\/07b9e5d6236e7daffffd58117f256b52.jpg","contentUrl":"https:\/\/teresalaiz.com\/web\/wp-content\/uploads\/2015\/12\/07b9e5d6236e7daffffd58117f256b52.jpg","width":280,"height":420,"caption":"Escuela Teresa Laiz clases de casta\u00f1uelas"},{"@type":"BreadcrumbList","@id":"https:\/\/teresalaiz.com\/web\/escuela\/#breadcrumb","itemListElement":[{"@type":"ListItem","position":1,"name":"Portada","item":"https:\/\/teresalaiz.com\/web\/"},{"@type":"ListItem","position":2,"name":"Escuela"}]},{"@type":"WebSite","@id":"https:\/\/teresalaiz.com\/web\/#website","url":"https:\/\/teresalaiz.com\/web\/","name":"Teresa Laiz","description":"Casta\u00f1uelas, Conciertos de Casta\u00f1uelas, Cursos de Casta\u00f1uelas, Festival Internacional de Casta\u00f1uelas, M\u00e9todo de Casta\u00f1uelas, Castanets, Castagnettes, Kastagnetten, \u30ab\u30b9\u30bf\u30cd\u30c3\u30c8","potentialAction":[{"@type":"SearchAction","target":{"@type":"EntryPoint","urlTemplate":"https:\/\/teresalaiz.com\/web\/?s={search_term_string}"},"query-input":"required name=search_term_string"}],"inLanguage":"es"}]}},"jetpack_sharing_enabled":true,"jetpack_shortlink":"https:\/\/wp.me\/P702QQ-69","jetpack_likes_enabled":true,"_links":{"self":[{"href":"https:\/\/teresalaiz.com\/web\/wp-json\/wp\/v2\/pages\/381"}],"collection":[{"href":"https:\/\/teresalaiz.com\/web\/wp-json\/wp\/v2\/pages"}],"about":[{"href":"https:\/\/teresalaiz.com\/web\/wp-json\/wp\/v2\/types\/page"}],"author":[{"embeddable":true,"href":"https:\/\/teresalaiz.com\/web\/wp-json\/wp\/v2\/users\/1"}],"replies":[{"embeddable":true,"href":"https:\/\/teresalaiz.com\/web\/wp-json\/wp\/v2\/comments?post=381"}],"version-history":[{"count":3,"href":"https:\/\/teresalaiz.com\/web\/wp-json\/wp\/v2\/pages\/381\/revisions"}],"predecessor-version":[{"id":4223,"href":"https:\/\/teresalaiz.com\/web\/wp-json\/wp\/v2\/pages\/381\/revisions\/4223"}],"wp:featuredmedia":[{"embeddable":true,"href":"https:\/\/teresalaiz.com\/web\/wp-json\/wp\/v2\/media\/385"}],"wp:attachment":[{"href":"https:\/\/teresalaiz.com\/web\/wp-json\/wp\/v2\/media?parent=381"}],"curies":[{"name":"wp","href":"https:\/\/api.w.org\/{rel}","templated":true}]}}