{"id":394,"date":"2015-12-11T19:21:26","date_gmt":"2015-12-11T19:21:26","guid":{"rendered":"https:\/\/teresalaiz.com\/web\/?page_id=394"},"modified":"2022-06-08T17:13:44","modified_gmt":"2022-06-08T17:13:44","slug":"online","status":"publish","type":"page","link":"https:\/\/teresalaiz.com\/web\/escuela\/online\/","title":{"rendered":"Escuela Online"},"content":{"rendered":"<p style=\"text-align: center;\"><a href=\"http:\/\/escuela.teresalaiz.com\"><img loading=\"lazy\" decoding=\"async\" class=\"size-full wp-image-1487 aligncenter\" src=\"https:\/\/teresalaiz.com\/web\/wp-content\/uploads\/2019\/10\/Escuela-Online-Teresa-Laiz.jpg\" alt=\"Escuela de Casta\u00f1uelas Online\" width=\"833\" height=\"420\" srcset=\"https:\/\/teresalaiz.com\/web\/wp-content\/uploads\/2019\/10\/Escuela-Online-Teresa-Laiz.jpg 833w, https:\/\/teresalaiz.com\/web\/wp-content\/uploads\/2019\/10\/Escuela-Online-Teresa-Laiz-300x151.jpg 300w, https:\/\/teresalaiz.com\/web\/wp-content\/uploads\/2019\/10\/Escuela-Online-Teresa-Laiz-768x387.jpg 768w\" sizes=\"(max-width: 833px) 100vw, 833px\" \/><\/a><\/p>\n<p style=\"text-align: center;\"><strong><span style=\"text-decoration: underline;\"><a href=\"http:\/\/escuela.teresalaiz.com\" target=\"_blank\" rel=\"noopener noreferrer\"><span style=\"font-size: 36pt;\">Entrar en la Escuela Online<\/span><\/a><\/span><\/strong><\/p>\n","protected":false},"excerpt":{"rendered":"<p>Entrar en la Escuela Online<\/p>\n","protected":false},"author":1,"featured_media":633,"parent":381,"menu_order":0,"comment_status":"closed","ping_status":"closed","template":"templates\/full-width.php","meta":{"footnotes":""},"yoast_head":"<!-- This site is optimized with the Yoast SEO plugin v22.7 - https:\/\/yoast.com\/wordpress\/plugins\/seo\/ -->\n<title>Escuela Online - Teresa Laiz<\/title>\n<meta name=\"robots\" content=\"index, follow, max-snippet:-1, max-image-preview:large, max-video-preview:-1\" \/>\n<link rel=\"canonical\" href=\"https:\/\/teresalaiz.com\/web\/escuela\/online\/\" \/>\n<meta property=\"og:locale\" content=\"es_ES\" \/>\n<meta property=\"og:type\" content=\"article\" \/>\n<meta property=\"og:title\" content=\"Escuela Online - Teresa Laiz\" \/>\n<meta property=\"og:description\" content=\"Entrar en la Escuela Online\" \/>\n<meta property=\"og:url\" content=\"https:\/\/teresalaiz.com\/web\/escuela\/online\/\" \/>\n<meta property=\"og:site_name\" content=\"Teresa Laiz\" \/>\n<meta property=\"article:modified_time\" content=\"2022-06-08T17:13:44+00:00\" \/>\n<meta property=\"og:image\" content=\"https:\/\/teresalaiz.com\/web\/wp-content\/uploads\/2015\/12\/cc0791eb044fbc7a36aa17fa1caa5195.jpg\" \/>\n\t<meta property=\"og:image:width\" content=\"420\" \/>\n\t<meta property=\"og:image:height\" content=\"420\" \/>\n\t<meta property=\"og:image:type\" content=\"image\/jpeg\" \/>\n<meta name=\"twitter:card\" content=\"summary_large_image\" \/>\n<meta name=\"twitter:label1\" content=\"Tiempo de lectura\" \/>\n\t<meta name=\"twitter:data1\" content=\"1 minuto\" \/>\n<script type=\"application\/ld+json\" class=\"yoast-schema-graph\">{\"@context\":\"https:\/\/schema.org\",\"@graph\":[{\"@type\":\"WebPage\",\"@id\":\"https:\/\/teresalaiz.com\/web\/escuela\/online\/\",\"url\":\"https:\/\/teresalaiz.com\/web\/escuela\/online\/\",\"name\":\"Escuela Online - Teresa Laiz\",\"isPartOf\":{\"@id\":\"https:\/\/teresalaiz.com\/web\/#website\"},\"primaryImageOfPage\":{\"@id\":\"https:\/\/teresalaiz.com\/web\/escuela\/online\/#primaryimage\"},\"image\":{\"@id\":\"https:\/\/teresalaiz.com\/web\/escuela\/online\/#primaryimage\"},\"thumbnailUrl\":\"https:\/\/teresalaiz.com\/web\/wp-content\/uploads\/2015\/12\/cc0791eb044fbc7a36aa17fa1caa5195.jpg\",\"datePublished\":\"2015-12-11T19:21:26+00:00\",\"dateModified\":\"2022-06-08T17:13:44+00:00\",\"breadcrumb\":{\"@id\":\"https:\/\/teresalaiz.com\/web\/escuela\/online\/#breadcrumb\"},\"inLanguage\":\"es\",\"potentialAction\":[{\"@type\":\"ReadAction\",\"target\":[\"https:\/\/teresalaiz.com\/web\/escuela\/online\/\"]}]},{\"@type\":\"ImageObject\",\"inLanguage\":\"es\",\"@id\":\"https:\/\/teresalaiz.com\/web\/escuela\/online\/#primaryimage\",\"url\":\"https:\/\/teresalaiz.com\/web\/wp-content\/uploads\/2015\/12\/cc0791eb044fbc7a36aa17fa1caa5195.jpg\",\"contentUrl\":\"https:\/\/teresalaiz.com\/web\/wp-content\/uploads\/2015\/12\/cc0791eb044fbc7a36aa17fa1caa5195.jpg\",\"width\":420,\"height\":420,\"caption\":\"Clases de casta\u00f1uelas online m\u00e9todo Teresa Laiz\"},{\"@type\":\"BreadcrumbList\",\"@id\":\"https:\/\/teresalaiz.com\/web\/escuela\/online\/#breadcrumb\",\"itemListElement\":[{\"@type\":\"ListItem\",\"position\":1,\"name\":\"Portada\",\"item\":\"https:\/\/teresalaiz.com\/web\/\"},{\"@type\":\"ListItem\",\"position\":2,\"name\":\"Escuela\",\"item\":\"https:\/\/teresalaiz.com\/web\/escuela\/\"},{\"@type\":\"ListItem\",\"position\":3,\"name\":\"Escuela Online\"}]},{\"@type\":\"WebSite\",\"@id\":\"https:\/\/teresalaiz.com\/web\/#website\",\"url\":\"https:\/\/teresalaiz.com\/web\/\",\"name\":\"Teresa Laiz\",\"description\":\"Casta\u00f1uelas, Conciertos de Casta\u00f1uelas, Cursos de Casta\u00f1uelas, Festival Internacional de Casta\u00f1uelas, M\u00e9todo de Casta\u00f1uelas, Castanets, Castagnettes, Kastagnetten, \u30ab\u30b9\u30bf\u30cd\u30c3\u30c8\",\"potentialAction\":[{\"@type\":\"SearchAction\",\"target\":{\"@type\":\"EntryPoint\",\"urlTemplate\":\"https:\/\/teresalaiz.com\/web\/?s={search_term_string}\"},\"query-input\":\"required name=search_term_string\"}],\"inLanguage\":\"es\"}]}<\/script>\n<!-- \/ Yoast SEO plugin. -->","yoast_head_json":{"title":"Escuela Online - Teresa Laiz","robots":{"index":"index","follow":"follow","max-snippet":"max-snippet:-1","max-image-preview":"max-image-preview:large","max-video-preview":"max-video-preview:-1"},"canonical":"https:\/\/teresalaiz.com\/web\/escuela\/online\/","og_locale":"es_ES","og_type":"article","og_title":"Escuela Online - Teresa Laiz","og_description":"Entrar en la Escuela Online","og_url":"https:\/\/teresalaiz.com\/web\/escuela\/online\/","og_site_name":"Teresa Laiz","article_modified_time":"2022-06-08T17:13:44+00:00","og_image":[{"width":420,"height":420,"url":"https:\/\/teresalaiz.com\/web\/wp-content\/uploads\/2015\/12\/cc0791eb044fbc7a36aa17fa1caa5195.jpg","type":"image\/jpeg"}],"twitter_card":"summary_large_image","twitter_misc":{"Tiempo de lectura":"1 minuto"},"schema":{"@context":"https:\/\/schema.org","@graph":[{"@type":"WebPage","@id":"https:\/\/teresalaiz.com\/web\/escuela\/online\/","url":"https:\/\/teresalaiz.com\/web\/escuela\/online\/","name":"Escuela Online - Teresa Laiz","isPartOf":{"@id":"https:\/\/teresalaiz.com\/web\/#website"},"primaryImageOfPage":{"@id":"https:\/\/teresalaiz.com\/web\/escuela\/online\/#primaryimage"},"image":{"@id":"https:\/\/teresalaiz.com\/web\/escuela\/online\/#primaryimage"},"thumbnailUrl":"https:\/\/teresalaiz.com\/web\/wp-content\/uploads\/2015\/12\/cc0791eb044fbc7a36aa17fa1caa5195.jpg","datePublished":"2015-12-11T19:21:26+00:00","dateModified":"2022-06-08T17:13:44+00:00","breadcrumb":{"@id":"https:\/\/teresalaiz.com\/web\/escuela\/online\/#breadcrumb"},"inLanguage":"es","potentialAction":[{"@type":"ReadAction","target":["https:\/\/teresalaiz.com\/web\/escuela\/online\/"]}]},{"@type":"ImageObject","inLanguage":"es","@id":"https:\/\/teresalaiz.com\/web\/escuela\/online\/#primaryimage","url":"https:\/\/teresalaiz.com\/web\/wp-content\/uploads\/2015\/12\/cc0791eb044fbc7a36aa17fa1caa5195.jpg","contentUrl":"https:\/\/teresalaiz.com\/web\/wp-content\/uploads\/2015\/12\/cc0791eb044fbc7a36aa17fa1caa5195.jpg","width":420,"height":420,"caption":"Clases de casta\u00f1uelas online m\u00e9todo Teresa Laiz"},{"@type":"BreadcrumbList","@id":"https:\/\/teresalaiz.com\/web\/escuela\/online\/#breadcrumb","itemListElement":[{"@type":"ListItem","position":1,"name":"Portada","item":"https:\/\/teresalaiz.com\/web\/"},{"@type":"ListItem","position":2,"name":"Escuela","item":"https:\/\/teresalaiz.com\/web\/escuela\/"},{"@type":"ListItem","position":3,"name":"Escuela Online"}]},{"@type":"WebSite","@id":"https:\/\/teresalaiz.com\/web\/#website","url":"https:\/\/teresalaiz.com\/web\/","name":"Teresa Laiz","description":"Casta\u00f1uelas, Conciertos de Casta\u00f1uelas, Cursos de Casta\u00f1uelas, Festival Internacional de Casta\u00f1uelas, M\u00e9todo de Casta\u00f1uelas, Castanets, Castagnettes, Kastagnetten, \u30ab\u30b9\u30bf\u30cd\u30c3\u30c8","potentialAction":[{"@type":"SearchAction","target":{"@type":"EntryPoint","urlTemplate":"https:\/\/teresalaiz.com\/web\/?s={search_term_string}"},"query-input":"required name=search_term_string"}],"inLanguage":"es"}]}},"jetpack_sharing_enabled":true,"jetpack_shortlink":"https:\/\/wp.me\/P702QQ-6m","jetpack_likes_enabled":true,"_links":{"self":[{"href":"https:\/\/teresalaiz.com\/web\/wp-json\/wp\/v2\/pages\/394"}],"collection":[{"href":"https:\/\/teresalaiz.com\/web\/wp-json\/wp\/v2\/pages"}],"about":[{"href":"https:\/\/teresalaiz.com\/web\/wp-json\/wp\/v2\/types\/page"}],"author":[{"embeddable":true,"href":"https:\/\/teresalaiz.com\/web\/wp-json\/wp\/v2\/users\/1"}],"replies":[{"embeddable":true,"href":"https:\/\/teresalaiz.com\/web\/wp-json\/wp\/v2\/comments?post=394"}],"version-history":[{"count":0,"href":"https:\/\/teresalaiz.com\/web\/wp-json\/wp\/v2\/pages\/394\/revisions"}],"up":[{"embeddable":true,"href":"https:\/\/teresalaiz.com\/web\/wp-json\/wp\/v2\/pages\/381"}],"wp:featuredmedia":[{"embeddable":true,"href":"https:\/\/teresalaiz.com\/web\/wp-json\/wp\/v2\/media\/633"}],"wp:attachment":[{"href":"https:\/\/teresalaiz.com\/web\/wp-json\/wp\/v2\/media?parent=394"}],"curies":[{"name":"wp","href":"https:\/\/api.w.org\/{rel}","templated":true}]}}