{"id":43,"date":"2015-11-30T19:54:27","date_gmt":"2015-11-30T19:54:27","guid":{"rendered":"https:\/\/teresalaiz.com\/web\/?page_id=43"},"modified":"2025-01-04T21:10:41","modified_gmt":"2025-01-04T21:10:41","slug":"teresa-laiz-concertista-de-castanuelas","status":"publish","type":"page","link":"https:\/\/teresalaiz.com\/web\/","title":{"rendered":"Home"},"content":{"rendered":"<p><img loading=\"lazy\" decoding=\"async\" class=\"alignnone size-full wp-image-4047\" src=\"https:\/\/teresalaiz.com\/web\/wp-content\/uploads\/2025\/01\/Teresa-Laiz-Landing-page-2025-2Mb-scaled.jpg\" alt=\"Home Teresa Laiz website\" width=\"2560\" height=\"849\" srcset=\"https:\/\/teresalaiz.com\/web\/wp-content\/uploads\/2025\/01\/Teresa-Laiz-Landing-page-2025-2Mb-scaled.jpg 2560w, https:\/\/teresalaiz.com\/web\/wp-content\/uploads\/2025\/01\/Teresa-Laiz-Landing-page-2025-2Mb-300x99.jpg 300w, https:\/\/teresalaiz.com\/web\/wp-content\/uploads\/2025\/01\/Teresa-Laiz-Landing-page-2025-2Mb-1024x340.jpg 1024w, https:\/\/teresalaiz.com\/web\/wp-content\/uploads\/2025\/01\/Teresa-Laiz-Landing-page-2025-2Mb-768x255.jpg 768w, https:\/\/teresalaiz.com\/web\/wp-content\/uploads\/2025\/01\/Teresa-Laiz-Landing-page-2025-2Mb-1536x509.jpg 1536w, https:\/\/teresalaiz.com\/web\/wp-content\/uploads\/2025\/01\/Teresa-Laiz-Landing-page-2025-2Mb-2048x679.jpg 2048w\" sizes=\"(max-width: 2560px) 100vw, 2560px\" \/><\/p>\n","protected":false},"excerpt":{"rendered":"","protected":false},"author":1,"featured_media":0,"parent":0,"menu_order":0,"comment_status":"closed","ping_status":"closed","template":"","meta":{"footnotes":""},"yoast_head":"<!-- This site is optimized with the Yoast SEO plugin v22.7 - https:\/\/yoast.com\/wordpress\/plugins\/seo\/ -->\n<title>Home - Teresa Laiz<\/title>\n<meta name=\"description\" content=\"Teresa Laiz, Concertista de Casta\u00f1uelas, Castanets Soloist, Escuela de Casta\u00f1uelas Online\" \/>\n<meta name=\"robots\" content=\"index, follow, max-snippet:-1, max-image-preview:large, max-video-preview:-1\" \/>\n<link rel=\"canonical\" href=\"https:\/\/teresalaiz.com\/web\/\" \/>\n<meta property=\"og:locale\" content=\"es_ES\" \/>\n<meta property=\"og:type\" content=\"article\" \/>\n<meta property=\"og:title\" content=\"Teresa Laiz - Concertista de Casta\u00f1uelas\" \/>\n<meta property=\"og:description\" content=\"Solista de Casta\u00f1uelas\/Escuela de Casta\u00f1uelas &quot;Teresa Laiz&quot;\" \/>\n<meta property=\"og:url\" content=\"https:\/\/teresalaiz.com\/web\/\" \/>\n<meta property=\"og:site_name\" content=\"Teresa Laiz\" \/>\n<meta property=\"article:modified_time\" content=\"2025-01-04T21:10:41+00:00\" \/>\n<meta property=\"og:image\" content=\"https:\/\/teresalaiz.com\/web\/wp-content\/uploads\/2015\/12\/Teresa-Laiz.jpg\" \/>\n\t<meta property=\"og:image:width\" content=\"629\" \/>\n\t<meta property=\"og:image:height\" content=\"420\" \/>\n\t<meta property=\"og:image:type\" content=\"image\/jpeg\" \/>\n<meta name=\"twitter:card\" content=\"summary_large_image\" \/>\n<meta name=\"twitter:title\" content=\"Concertista de Casta\u00f1uelas\" \/>\n<meta name=\"twitter:description\" content=\"Solistas de Casta\u00f1uelas\/Escuela de Casta\u00f1uelas &quot;Teresa Laiz&quot;\" \/>\n<meta name=\"twitter:image\" content=\"https:\/\/teresalaiz.com\/web\/wp-content\/uploads\/2022\/11\/Teresa_Laiz-Concertista-Castanuelas-pequena-scaled.jpg\" \/>\n<meta name=\"twitter:label1\" content=\"Tiempo de lectura\" \/>\n\t<meta name=\"twitter:data1\" content=\"1 minuto\" \/>\n<script type=\"application\/ld+json\" class=\"yoast-schema-graph\">{\"@context\":\"https:\/\/schema.org\",\"@graph\":[{\"@type\":\"WebPage\",\"@id\":\"https:\/\/teresalaiz.com\/web\/\",\"url\":\"https:\/\/teresalaiz.com\/web\/\",\"name\":\"Home - Teresa Laiz\",\"isPartOf\":{\"@id\":\"https:\/\/teresalaiz.com\/web\/#website\"},\"primaryImageOfPage\":{\"@id\":\"https:\/\/teresalaiz.com\/web\/#primaryimage\"},\"image\":{\"@id\":\"https:\/\/teresalaiz.com\/web\/#primaryimage\"},\"thumbnailUrl\":\"https:\/\/teresalaiz.com\/web\/wp-content\/uploads\/2025\/01\/Teresa-Laiz-Landing-page-2025-2Mb-scaled.jpg\",\"datePublished\":\"2015-11-30T19:54:27+00:00\",\"dateModified\":\"2025-01-04T21:10:41+00:00\",\"description\":\"Teresa Laiz, Concertista de Casta\u00f1uelas, Castanets Soloist, Escuela de Casta\u00f1uelas Online\",\"breadcrumb\":{\"@id\":\"https:\/\/teresalaiz.com\/web\/#breadcrumb\"},\"inLanguage\":\"es\",\"potentialAction\":[{\"@type\":\"ReadAction\",\"target\":[\"https:\/\/teresalaiz.com\/web\/\"]}]},{\"@type\":\"ImageObject\",\"inLanguage\":\"es\",\"@id\":\"https:\/\/teresalaiz.com\/web\/#primaryimage\",\"url\":\"https:\/\/teresalaiz.com\/web\/wp-content\/uploads\/2025\/01\/Teresa-Laiz-Landing-page-2025-2Mb-scaled.jpg\",\"contentUrl\":\"https:\/\/teresalaiz.com\/web\/wp-content\/uploads\/2025\/01\/Teresa-Laiz-Landing-page-2025-2Mb-scaled.jpg\",\"width\":2560,\"height\":849,\"caption\":\"Home Teresa Laiz website\"},{\"@type\":\"BreadcrumbList\",\"@id\":\"https:\/\/teresalaiz.com\/web\/#breadcrumb\",\"itemListElement\":[{\"@type\":\"ListItem\",\"position\":1,\"name\":\"Portada\",\"item\":\"https:\/\/teresalaiz.com\/web\/\"},{\"@type\":\"ListItem\",\"position\":2,\"name\":\"Home\"}]},{\"@type\":\"WebSite\",\"@id\":\"https:\/\/teresalaiz.com\/web\/#website\",\"url\":\"https:\/\/teresalaiz.com\/web\/\",\"name\":\"Teresa Laiz\",\"description\":\"Casta\u00f1uelas, Conciertos de Casta\u00f1uelas, Cursos de Casta\u00f1uelas, Festival Internacional de Casta\u00f1uelas, M\u00e9todo de Casta\u00f1uelas, Castanets, Castagnettes, Kastagnetten, \u30ab\u30b9\u30bf\u30cd\u30c3\u30c8\",\"potentialAction\":[{\"@type\":\"SearchAction\",\"target\":{\"@type\":\"EntryPoint\",\"urlTemplate\":\"https:\/\/teresalaiz.com\/web\/?s={search_term_string}\"},\"query-input\":\"required name=search_term_string\"}],\"inLanguage\":\"es\"}]}<\/script>\n<!-- \/ Yoast SEO plugin. -->","yoast_head_json":{"title":"Home - Teresa Laiz","description":"Teresa Laiz, Concertista de Casta\u00f1uelas, Castanets Soloist, Escuela de Casta\u00f1uelas Online","robots":{"index":"index","follow":"follow","max-snippet":"max-snippet:-1","max-image-preview":"max-image-preview:large","max-video-preview":"max-video-preview:-1"},"canonical":"https:\/\/teresalaiz.com\/web\/","og_locale":"es_ES","og_type":"article","og_title":"Teresa Laiz - Concertista de Casta\u00f1uelas","og_description":"Solista de Casta\u00f1uelas\/Escuela de Casta\u00f1uelas \"Teresa Laiz\"","og_url":"https:\/\/teresalaiz.com\/web\/","og_site_name":"Teresa Laiz","article_modified_time":"2025-01-04T21:10:41+00:00","og_image":[{"width":629,"height":420,"url":"https:\/\/teresalaiz.com\/web\/wp-content\/uploads\/2015\/12\/Teresa-Laiz.jpg","type":"image\/jpeg"}],"twitter_card":"summary_large_image","twitter_title":"Concertista de Casta\u00f1uelas","twitter_description":"Solistas de Casta\u00f1uelas\/Escuela de Casta\u00f1uelas \"Teresa Laiz\"","twitter_image":"https:\/\/teresalaiz.com\/web\/wp-content\/uploads\/2022\/11\/Teresa_Laiz-Concertista-Castanuelas-pequena-scaled.jpg","twitter_misc":{"Tiempo de lectura":"1 minuto"},"schema":{"@context":"https:\/\/schema.org","@graph":[{"@type":"WebPage","@id":"https:\/\/teresalaiz.com\/web\/","url":"https:\/\/teresalaiz.com\/web\/","name":"Home - Teresa Laiz","isPartOf":{"@id":"https:\/\/teresalaiz.com\/web\/#website"},"primaryImageOfPage":{"@id":"https:\/\/teresalaiz.com\/web\/#primaryimage"},"image":{"@id":"https:\/\/teresalaiz.com\/web\/#primaryimage"},"thumbnailUrl":"https:\/\/teresalaiz.com\/web\/wp-content\/uploads\/2025\/01\/Teresa-Laiz-Landing-page-2025-2Mb-scaled.jpg","datePublished":"2015-11-30T19:54:27+00:00","dateModified":"2025-01-04T21:10:41+00:00","description":"Teresa Laiz, Concertista de Casta\u00f1uelas, Castanets Soloist, Escuela de Casta\u00f1uelas Online","breadcrumb":{"@id":"https:\/\/teresalaiz.com\/web\/#breadcrumb"},"inLanguage":"es","potentialAction":[{"@type":"ReadAction","target":["https:\/\/teresalaiz.com\/web\/"]}]},{"@type":"ImageObject","inLanguage":"es","@id":"https:\/\/teresalaiz.com\/web\/#primaryimage","url":"https:\/\/teresalaiz.com\/web\/wp-content\/uploads\/2025\/01\/Teresa-Laiz-Landing-page-2025-2Mb-scaled.jpg","contentUrl":"https:\/\/teresalaiz.com\/web\/wp-content\/uploads\/2025\/01\/Teresa-Laiz-Landing-page-2025-2Mb-scaled.jpg","width":2560,"height":849,"caption":"Home Teresa Laiz website"},{"@type":"BreadcrumbList","@id":"https:\/\/teresalaiz.com\/web\/#breadcrumb","itemListElement":[{"@type":"ListItem","position":1,"name":"Portada","item":"https:\/\/teresalaiz.com\/web\/"},{"@type":"ListItem","position":2,"name":"Home"}]},{"@type":"WebSite","@id":"https:\/\/teresalaiz.com\/web\/#website","url":"https:\/\/teresalaiz.com\/web\/","name":"Teresa Laiz","description":"Casta\u00f1uelas, Conciertos de Casta\u00f1uelas, Cursos de Casta\u00f1uelas, Festival Internacional de Casta\u00f1uelas, M\u00e9todo de Casta\u00f1uelas, Castanets, Castagnettes, Kastagnetten, \u30ab\u30b9\u30bf\u30cd\u30c3\u30c8","potentialAction":[{"@type":"SearchAction","target":{"@type":"EntryPoint","urlTemplate":"https:\/\/teresalaiz.com\/web\/?s={search_term_string}"},"query-input":"required name=search_term_string"}],"inLanguage":"es"}]}},"jetpack_sharing_enabled":true,"jetpack_shortlink":"https:\/\/wp.me\/P702QQ-H","jetpack_likes_enabled":true,"_links":{"self":[{"href":"https:\/\/teresalaiz.com\/web\/wp-json\/wp\/v2\/pages\/43"}],"collection":[{"href":"https:\/\/teresalaiz.com\/web\/wp-json\/wp\/v2\/pages"}],"about":[{"href":"https:\/\/teresalaiz.com\/web\/wp-json\/wp\/v2\/types\/page"}],"author":[{"embeddable":true,"href":"https:\/\/teresalaiz.com\/web\/wp-json\/wp\/v2\/users\/1"}],"replies":[{"embeddable":true,"href":"https:\/\/teresalaiz.com\/web\/wp-json\/wp\/v2\/comments?post=43"}],"version-history":[{"count":2,"href":"https:\/\/teresalaiz.com\/web\/wp-json\/wp\/v2\/pages\/43\/revisions"}],"predecessor-version":[{"id":4049,"href":"https:\/\/teresalaiz.com\/web\/wp-json\/wp\/v2\/pages\/43\/revisions\/4049"}],"wp:attachment":[{"href":"https:\/\/teresalaiz.com\/web\/wp-json\/wp\/v2\/media?parent=43"}],"curies":[{"name":"wp","href":"https:\/\/api.w.org\/{rel}","templated":true}]}}