{"id":50,"date":"2015-11-30T21:04:23","date_gmt":"2015-11-30T21:04:23","guid":{"rendered":"https:\/\/teresalaiz.com\/web\/?page_id=50"},"modified":"2025-09-16T18:49:44","modified_gmt":"2025-09-16T18:49:44","slug":"biografia","status":"publish","type":"page","link":"https:\/\/teresalaiz.com\/web\/biografia\/","title":{"rendered":"Biograf\u00eda"},"content":{"rendered":"<p><img loading=\"lazy\" decoding=\"async\" class=\"wp-image-216 alignleft\" src=\"https:\/\/teresalaiz.com\/web\/wp-content\/uploads\/2015\/12\/47c897375bbe248d6feda10cf29e54a2-243x300.jpg\" alt=\"Teresa Laiz - Biograf\u00eda\" width=\"215\" height=\"265\" srcset=\"https:\/\/teresalaiz.com\/web\/wp-content\/uploads\/2015\/12\/47c897375bbe248d6feda10cf29e54a2-243x300.jpg 243w, https:\/\/teresalaiz.com\/web\/wp-content\/uploads\/2015\/12\/47c897375bbe248d6feda10cf29e54a2.jpg 613w\" sizes=\"(max-width: 215px) 100vw, 215px\" \/><strong><em>Bailarina, Profesora, Compositora y Concertista de Casta\u00f1uelas.<\/em><\/strong><br \/>\n<strong><em>Directora\/Fundadora del Festival Internacional de Casta\u00f1uelas.<br \/>\nDirectora\/Fundadora del Concurso Internacional de Casta\u00f1uelas \u00abTeresa Laiz\u00bb.<\/em><\/strong><\/p>\n<p style=\"line-height: 150%;\"><strong><em>Miembro del Consejo Internacional de la Danza CID &#8211; UNESCO.<\/em><\/strong><br \/>\n<strong><em>Estudios de Direcci\u00f3n de Orquesta y Banda.<\/em><\/strong><\/p>\n<p style=\"text-align: justify; line-height: 150%;\"><strong><em>Licenciada en Filolog\u00eda Inglesa. Cursos de Doctorado en Ling\u00fc\u00edstica.<\/em><\/strong><br \/>\n<strong><em>M\u00e1ster en Direcci\u00f3n de Personal (ICADE).<\/em><\/strong><\/p>\n<p style=\"text-align: justify;\">Nacida en Madrid (1966), comenz\u00f3 a tocar las casta\u00f1uelas hace m\u00e1s de 30 a\u00f1os por su <strong>formaci\u00f3n en Danza Espa\u00f1ola<\/strong>. Estudi\u00f3 de la mano de grandes maestros como V\u00edctor Ullate, Ana Mercedes, Rafael de C\u00f3rdoba, Candela Soto, La Tani, El Farruquito, Juan Carlos L\u00e9rida, Bel\u00e9n Maya. Su experiencia profesional se centr\u00f3 fundamentalmente en el Baile Espa\u00f1ol y el Flamenco hasta el 2003. Despu\u00e9s, realiz\u00f3 diversos espect\u00e1culos sobre Lorca fusionando el teatro, la m\u00fasica, la danza y las casta\u00f1uelas.<\/p>\n<p style=\"text-align: justify;\">En el 2005, conoci\u00f3 al Maestro Jos\u00e9 de Udaeta, quien le hizo descubrir el apasionado mundo de las Casta\u00f1uelas de Concierto y con quien posteriormente comparti\u00f3 escenario en varias ocasiones. Teresa Laiz comenz\u00f3 su carrera como <strong>solista de casta\u00f1uelas<\/strong> en el 2006 componiendo sus propias partituras de Casta\u00f1uelas y ofreciendo conciertos con un repertorio cl\u00e1sico, espa\u00f1ol y popular, donde se destaca la pasi\u00f3n y el virtuosismo.<\/p>\n<p style=\"text-align: justify;\">Posee una amplia experiencia en el mundo de la ense\u00f1anza, siendo <strong>profesora<\/strong> de Ballet Cl\u00e1sico, Danza Espa\u00f1ola, Danza Creativa, Bailes de Sal\u00f3n, Flamenco y Casta\u00f1uelas desde 1987 en diferentes centros y en su propia escuela. Ha sido profesora de Casta\u00f1uelas de Concierto y T\u00e9cnica de Danza con Casta\u00f1uelas en el prestigioso Centro de Arte Flamenco y Danza Espa\u00f1ola \u00abAmor de Dios\u00bb de Madrid. Actualmente, imparte clases en la Escuela de Artes Esc\u00e9nicas <em>Ma non troppo<\/em> de Madrid.<\/p>\n<p style=\"text-align: justify;\">Ha realizado <strong>actuaciones<\/strong> en radio, cadenas de tv (Rai Tv, Canal Nord Catalunya Televisi\u00f3, TV Costa Brava, Canal 4 Mancha Centro, Castilla y Le\u00f3n TV -CyL, TVE2, Telecinco, TVE1, Telemadrid, Cuatro TV, Telebari, Antenna Sud &#8211; Canale 13), salas y teatros en Madrid, \u00c1vila, Barcelona, Salamanca, Valladolid, Albacete, Zamora, Girona, Huelva, M\u00e1laga, Calatayud, Palencia, Sevilla, Murcia, Guadalajara, Toledo, Cuenca, Italia, Francia, Viena, E.E.U.U.; en festivales como el Festival Internacional de la Porta Ferrada de Sant Feliu de Gu\u00edxols (en varias ocasiones), Festival des Articul\u00e9s en Le Cheylard (Francia), Festival Internacional de Casta\u00f1uelas, Festival Catalunya Contra el C\u00e1ncer; acompa\u00f1ada de diferentes formaciones musicales desde en solitario, d\u00fao (piano &amp; casta\u00f1uelas\/guitarra &amp; casta\u00f1uelas), cuarteto de cuerdas, banda municipal de m\u00fasica u orquesta sinf\u00f3nica. Sus trabajos m\u00e1s recientes en 2022 incluyen conciertos en prestigiosos enclaves y escenarios como son: el Palacio de Liria, el Auditorio Nacional, la Plaza Mayor de Madrid, la Sala Dorada del Musikverein de Viena o el Carnegie Hall de Nueva York.<\/p>\n<p style=\"text-align: justify;\"><strong>Ha compartido escenario<\/strong> con artistas reconocidos como Montserrat Mart\u00edn Caball\u00e9, Luis Santana (Bar\u00edtono), Marika Spadafino (Soprano), Carmen Sol\u00eds (Soprano), Nancy Fabiola Herrera (Mezzosoprano), Aquiles Machado (Tenor), S\u00edlvia P\u00e9rez Cruz (Cantante), Clara Montes (Cantante), Jos\u00e9 de Udaeta (Concertista de Casta\u00f1uelas), Antonio Reyes (Guitarrista), Adri\u00e1n Galia (Bailaor), Sergio Bernal (Bailar\u00edn).<\/p>\n<p style=\"text-align: justify;\">Ha sido doblemente <strong>galardonada<\/strong> en el Concurso Internacional de M\u00fasica \u201cProgressive musicians\u201d siendo ganadora (Winner Prize) en la categor\u00eda de Solista y de Ensemble, lo que le permiti\u00f3 tocar en el Carnegie Hall de Nueva York (2022 y 2023). Obtiene junto a la soprano Marta Casas el Primer Premio en la Fanny Mendelssohn International Competition en la categor\u00eda Profesional de M\u00fasica de C\u00e1mara (10 Marzo 2024).<\/p>\n<p style=\"text-align: justify;\"><strong>Discograf\u00eda<\/strong> como concertista solista de casta\u00f1uelas, \u201cRepicando el Alma\u201d (2007). Colabora en otras grabaciones discogr\u00e1ficas con cantantes como Santi Vendrell en \u201cParlem-ne\u201d 2008 (Tema 2: \u00abEl temps de les cireres\u00bb) Editorial L\u2019Indi Music; con el d\u00fao \u201cEls que canten\u201d -Pere Bah\u00ed y Pep Rodr\u00edguez- en \u201cCanciones del comer y del beber\u201d 2010; con la cantante estadounidense La Firu en el tema \u201cBellas Promesas\u201d (2022) y en el \u00e1lbum completo a d\u00fao \u201cSentimientos a Capella\u201d (2025), disponible en todas las plataformas digitales.<\/p>\n<p style=\"text-align: justify;\">Participaci\u00f3n en la <strong>Banda Sonora<\/strong>\u00a0 de la pel\u00edcula <em>The Man Who Killed Don Quixote<\/em> (\u00abEl hombre que mat\u00f3 a Don Quijote\u00bb) de Roque Ba\u00f1os, dirigida por Terry Gilliam 2018 (Temas: Release the Prisioners, A Marvellous Day of Adventures).<\/p>\n<p style=\"text-align: justify;\"><strong>Publicaciones<\/strong>: <em>M\u00e9todo de Casta\u00f1uelas Teresa Laiz<\/em>, Vol. 1 (de venta en Amazon.com)<\/p>\n<p style=\"text-align: justify;\">Asimismo, ha finalizado los <strong>estudios de direcci\u00f3n de orquesta<\/strong> en la Escuela de Direcci\u00f3n de Orquesta y Banda del Maestro Navarro Lara.<\/p>\n<p style=\"text-align: justify;\">Funda y dirige la <strong>Orquesta O.I.R.<\/strong> (Orquesta de Instrumentos Raros), as\u00ed como el <em>Coro de Casta\u00f1uelas de Madrid.<\/em><\/p>\n<p style=\"text-align: justify;\">Fund\u00f3 el <strong><em>Festival Internacional de Casta\u00f1uelas<\/em><\/strong> en 2009, primer y \u00fanico festival en el mundo dedicado en exclusiva a las casta\u00f1uelas en todas sus facetas, donde se interpretan diferentes estilos de m\u00fasica y danza: cl\u00e1sica, espa\u00f1ola, flamenco, danza barroca, bolera, jotas, folklore, jazz, oriental, popular de todos los pa\u00edses y n\u00fameros c\u00f3micos teatralizados. As\u00ed mimo, funda la <strong><em>Escuela de Casta\u00f1uelas Online<\/em><\/strong> en 2019 y el<em>\u00a0<strong>Concurso Internacional de Casta\u00f1uelas \u201cTeresa Laiz\u201d<\/strong><\/em>, en febrero de 2023.<\/p>\n<p style=\"text-align: justify;\">Teresa Laiz en sus <strong>conciertos<\/strong> desvela un aspecto cultural espa\u00f1ol muy arraigado a la vez que desconocido, pues las casta\u00f1uelas no act\u00faan como mero acompa\u00f1amiento sino como instrumento solista, con partituras escritas por la propia concertista, interpretando tanto m\u00fasica cl\u00e1sica (R\u00e9bel, Vivaldi, Bach, Scarlatti, Haydn, Boccherini, Mozart, Beethoven, Rossini, Strauss\u2026), espa\u00f1ola (Bizet, Chueca, Gim\u00e9nez, Alb\u00e9niz, Granados, Larregla, Vives, Falla, Soutullo\u2026), catalana -sardanas, habaneras, tradicional catalana (E. Morera, Els Groullers, Els Montgrins \u2026), jazz, flamenco, pop o popular de diferentes regiones espa\u00f1olas y de otros pa\u00edses.<\/p>\n<p style=\"text-align: justify;\"><strong>En estos momentos<\/strong>, se encuentra en plena actividad con su Escuela Online de Casta\u00f1uelas, imparte masterclass y cursos presenciales por todo el mundo, realiza nuevas composiciones de partituras de casta\u00f1uelas y ofrece conciertos en diferentes formaciones musicales.<\/p>\n<p><img loading=\"lazy\" decoding=\"async\" class=\"aligncenter wp-image-916 size-medium\" src=\"https:\/\/teresalaiz.com\/web\/wp-content\/uploads\/2017\/01\/CID2-300x300.png\" alt=\"Teresa Laiz UNESCO\" width=\"300\" height=\"300\" srcset=\"https:\/\/teresalaiz.com\/web\/wp-content\/uploads\/2017\/01\/CID2-300x300.png 300w, https:\/\/teresalaiz.com\/web\/wp-content\/uploads\/2017\/01\/CID2-150x150.png 150w, https:\/\/teresalaiz.com\/web\/wp-content\/uploads\/2017\/01\/CID2.png 420w\" sizes=\"(max-width: 300px) 100vw, 300px\" \/><\/p>\n<p style=\"text-align: center;\"><strong>Ms. Teresa Laiz Monsalve (Spain) [Cid-19869]<\/strong><\/p>\n<p style=\"text-align: center;\"><strong>Escuela de Casta\u00f1uelas Teresa Laiz (Spain) [Cid-19870]<\/strong><\/p>\n<p><span style=\"border-radius: 2px; text-indent: 20px; width: auto; padding: 0px 4px 0px 0px; text-align: center; font: bold 11px\/20px 'Helvetica Neue',Helvetica,sans-serif; color: #ffffff; background: #bd081c no-repeat scroll 3px 50{c33df344504e76e9b8c2d2d40490653b527477a3d546cc803e63fd4404a403e4} \/ 14px 14px; position: absolute; opacity: 0.85; z-index: 8675309; display: none; cursor: pointer; top: 29px; left: 20px;\">Guardar<\/span><\/p>\n<p><span style=\"border-radius: 2px; text-indent: 20px; width: auto; padding: 0px 4px 0px 0px; text-align: center; font: bold 11px\/20px 'Helvetica Neue',Helvetica,sans-serif; color: #ffffff; background: #bd081c no-repeat scroll 3px 50{c33df344504e76e9b8c2d2d40490653b527477a3d546cc803e63fd4404a403e4} \/ 14px 14px; position: absolute; opacity: 1; z-index: 8675309; display: none; cursor: pointer; top: 29px; left: 20px;\">Guardar<\/span><\/p>\n<p><span style=\"border-radius: 2px; text-indent: 20px; width: auto; padding: 0px 4px 0px 0px; text-align: center; font: bold 11px\/20px 'Helvetica Neue',Helvetica,sans-serif; color: #ffffff; background: #bd081c no-repeat scroll 3px 50{c33df344504e76e9b8c2d2d40490653b527477a3d546cc803e63fd4404a403e4} \/ 14px 14px; position: absolute; opacity: 1; z-index: 8675309; display: none; cursor: pointer; top: 29px; left: 20px;\">Guardar<\/span><\/p>\n<p><span style=\"border-radius: 2px; text-indent: 20px; width: auto; padding: 0px 4px 0px 0px; text-align: center; font: bold 11px\/20px 'Helvetica Neue',Helvetica,sans-serif; color: #ffffff; background: #bd081c no-repeat scroll 3px 50{c33df344504e76e9b8c2d2d40490653b527477a3d546cc803e63fd4404a403e4} \/ 14px 14px; position: absolute; opacity: 1; z-index: 8675309; display: none; cursor: pointer; top: 29px; left: 20px;\">Guardar<\/span><\/p>\n<p><span style=\"border-radius: 2px; text-indent: 20px; width: auto; padding: 0px 4px 0px 0px; text-align: center; font: bold 11px\/20px 'Helvetica Neue',Helvetica,sans-serif; color: #ffffff; background: #bd081c no-repeat scroll 3px 50{c33df344504e76e9b8c2d2d40490653b527477a3d546cc803e63fd4404a403e4} \/ 14px 14px; position: absolute; opacity: 1; z-index: 8675309; display: none; cursor: pointer; top: 29px; left: 20px;\">Guardar<\/span><\/p>\n<p><span style=\"border-radius: 2px; text-indent: 20px; width: auto; padding: 0px 4px 0px 0px; text-align: center; font: bold 11px\/20px 'Helvetica Neue',Helvetica,sans-serif; color: #ffffff; background: #bd081c no-repeat scroll 3px 50{c33df344504e76e9b8c2d2d40490653b527477a3d546cc803e63fd4404a403e4} \/ 14px 14px; position: absolute; opacity: 1; z-index: 8675309; display: none; cursor: pointer; top: 29px; left: 20px;\">Guardar<\/span><\/p>\n<p><span style=\"border-radius: 2px; text-indent: 20px; width: auto; padding: 0px 4px 0px 0px; text-align: center; font: bold 11px\/20px 'Helvetica Neue',Helvetica,sans-serif; color: #ffffff; background: #bd081c no-repeat scroll 3px 50{c33df344504e76e9b8c2d2d40490653b527477a3d546cc803e63fd4404a403e4} \/ 14px 14px; position: absolute; opacity: 1; z-index: 8675309; display: none; cursor: pointer; top: 29px; left: 20px;\">Guardar<\/span><\/p>\n<p><span style=\"border-radius: 2px; text-indent: 20px; width: auto; padding: 0px 4px 0px 0px; text-align: center; font: bold 11px\/20px 'Helvetica Neue',Helvetica,sans-serif; color: #ffffff; background: #bd081c no-repeat scroll 3px 50{c33df344504e76e9b8c2d2d40490653b527477a3d546cc803e63fd4404a403e4} \/ 14px 14px; position: absolute; opacity: 1; z-index: 8675309; display: none; cursor: pointer; top: 29px; left: 20px;\">Guardar<\/span><\/p>\n<p><span style=\"border-radius: 2px; text-indent: 20px; width: auto; padding: 0px 4px 0px 0px; text-align: center; font: bold 11px\/20px 'Helvetica Neue',Helvetica,sans-serif; color: #ffffff; background: #bd081c no-repeat scroll 3px 50{c33df344504e76e9b8c2d2d40490653b527477a3d546cc803e63fd4404a403e4} \/ 14px 14px; position: absolute; opacity: 1; z-index: 8675309; display: none; cursor: pointer;\">Guardar<\/span><\/p>\n<p><span style=\"border-radius: 2px; text-indent: 20px; width: auto; padding: 0px 4px 0px 0px; text-align: center; font: bold 11px\/20px 'Helvetica Neue',Helvetica,sans-serif; color: #ffffff; background: #bd081c no-repeat scroll 3px 50{c33df344504e76e9b8c2d2d40490653b527477a3d546cc803e63fd4404a403e4} \/ 14px 14px; position: absolute; opacity: 1; z-index: 8675309; display: none; cursor: pointer; top: 29px; left: 20px;\">Guardar<\/span><\/p>\n<p><span style=\"border-radius: 2px; text-indent: 20px; width: auto; padding: 0px 4px 0px 0px; text-align: center; font: bold 11px\/20px 'Helvetica Neue',Helvetica,sans-serif; color: #ffffff; background: #bd081c no-repeat scroll 3px 50{c33df344504e76e9b8c2d2d40490653b527477a3d546cc803e63fd4404a403e4} \/ 14px 14px; position: absolute; opacity: 1; z-index: 8675309; display: none; cursor: pointer; top: 29px; left: 20px;\">Guardar<\/span><\/p>\n<p><span style=\"border-radius: 2px; text-indent: 20px; width: auto; padding: 0px 4px 0px 0px; text-align: center; font: bold 11px\/20px 'Helvetica Neue',Helvetica,sans-serif; color: #ffffff; background: #bd081c no-repeat scroll 3px 50{c33df344504e76e9b8c2d2d40490653b527477a3d546cc803e63fd4404a403e4} \/ 14px 14px; position: absolute; opacity: 1; z-index: 8675309; display: none; cursor: pointer; top: 1862px; left: 368px;\">Guardar<\/span><\/p>\n<p><span style=\"border-radius: 2px; text-indent: 20px; width: auto; padding: 0px 4px 0px 0px; text-align: center; font: bold 11px\/20px 'Helvetica Neue',Helvetica,sans-serif; color: #ffffff; background: #bd081c no-repeat scroll 3px 50{c33df344504e76e9b8c2d2d40490653b527477a3d546cc803e63fd4404a403e4} \/ 14px 14px; position: absolute; opacity: 1; z-index: 8675309; display: none; cursor: pointer;\">Guardar<\/span><\/p>\n<p><span style=\"border-radius: 2px; text-indent: 20px; width: auto; padding: 0px 4px 0px 0px; text-align: center; font: bold 11px\/20px 'Helvetica Neue',Helvetica,sans-serif; color: #ffffff; background: #bd081c no-repeat scroll 3px 50{c33df344504e76e9b8c2d2d40490653b527477a3d546cc803e63fd4404a403e4} \/ 14px 14px; position: absolute; opacity: 1; z-index: 8675309; display: none; cursor: pointer;\">Guardar<\/span><\/p>\n<p><span style=\"border-radius: 2px; text-indent: 20px; width: auto; padding: 0px 4px 0px 0px; text-align: center; font: bold 11px\/20px 'Helvetica Neue',Helvetica,sans-serif; color: #ffffff; background: #bd081c no-repeat scroll 3px 50{c33df344504e76e9b8c2d2d40490653b527477a3d546cc803e63fd4404a403e4} \/ 14px 14px; position: absolute; opacity: 1; z-index: 8675309; display: none; cursor: pointer; top: 29px; left: 20px;\">Guardar<\/span><\/p>\n<p><span style=\"border-radius: 2px; text-indent: 20px; width: auto; padding: 0px 4px 0px 0px; text-align: center; font: bold 11px\/20px 'Helvetica Neue',Helvetica,sans-serif; color: #ffffff; background: #bd081c no-repeat scroll 3px 50{c33df344504e76e9b8c2d2d40490653b527477a3d546cc803e63fd4404a403e4} \/ 14px 14px; position: absolute; opacity: 1; z-index: 8675309; display: none; cursor: pointer; top: 1926px; left: 368px;\">Guardar<\/span><\/p>\n","protected":false},"excerpt":{"rendered":"<p>Bailarina, Profesora, Compositora y Concertista de Casta\u00f1uelas. Directora\/Fundadora del Festival Internacional de Casta\u00f1uelas. Directora\/Fundadora del Concurso Internacional de Casta\u00f1uelas \u00abTeresa Laiz\u00bb. Miembro del Consejo Internacional de la Danza CID &#8211; UNESCO. Estudios de Direcci\u00f3n de Orquesta y Banda. Licenciada en Filolog\u00eda Inglesa. Cursos de Doctorado en Ling\u00fc\u00edstica. M\u00e1ster en Direcci\u00f3n de Personal (ICADE). Nacida en Madrid (1966), comenz\u00f3 a tocar las casta\u00f1uelas hace m\u00e1s de 30 a\u00f1os por su formaci\u00f3n en Danza Espa\u00f1ola. Estudi\u00f3 de la mano de grandes maestros como V\u00edctor Ullate, Ana Mercedes, Rafael de C\u00f3rdoba, Candela Soto, La Tani, El Farruquito, Juan Carlos L\u00e9rida, Bel\u00e9n Maya. Su experiencia profesional se centr\u00f3 fundamentalmente en el Baile Espa\u00f1ol y [&hellip;]<\/p>\n","protected":false},"author":1,"featured_media":0,"parent":0,"menu_order":0,"comment_status":"closed","ping_status":"closed","template":"templates\/full-width.php","meta":{"footnotes":""},"yoast_head":"<!-- This site is optimized with the Yoast SEO plugin v22.7 - https:\/\/yoast.com\/wordpress\/plugins\/seo\/ -->\n<title>Biograf\u00eda - Teresa Laiz<\/title>\n<meta name=\"description\" content=\"Biograf\u00eda de Teresa Laiz, Concertista y Maestra de Casta\u00f1uelas. Escuela de Casta\u00f1uelas Online Teresa Laiz, miembro del CID-UNESCO.\" \/>\n<meta name=\"robots\" content=\"index, follow, max-snippet:-1, max-image-preview:large, max-video-preview:-1\" \/>\n<link rel=\"canonical\" href=\"https:\/\/teresalaiz.com\/web\/biografia\/\" \/>\n<meta property=\"og:locale\" content=\"es_ES\" \/>\n<meta property=\"og:type\" content=\"article\" \/>\n<meta property=\"og:title\" content=\"Biograf\u00eda - Teresa Laiz\" \/>\n<meta property=\"og:description\" content=\"Biograf\u00eda de Teresa Laiz, Concertista y Maestra de Casta\u00f1uelas. Escuela de Casta\u00f1uelas Online Teresa Laiz, miembro del CID-UNESCO.\" \/>\n<meta property=\"og:url\" content=\"https:\/\/teresalaiz.com\/web\/biografia\/\" \/>\n<meta property=\"og:site_name\" content=\"Teresa Laiz\" \/>\n<meta property=\"article:modified_time\" content=\"2025-09-16T18:49:44+00:00\" \/>\n<meta property=\"og:image\" content=\"https:\/\/teresalaiz.com\/web\/wp-content\/uploads\/2015\/12\/47c897375bbe248d6feda10cf29e54a2-243x300.jpg\" \/>\n<meta name=\"twitter:card\" content=\"summary_large_image\" \/>\n<meta name=\"twitter:label1\" content=\"Tiempo de lectura\" \/>\n\t<meta name=\"twitter:data1\" content=\"5 minutos\" \/>\n<script type=\"application\/ld+json\" class=\"yoast-schema-graph\">{\"@context\":\"https:\/\/schema.org\",\"@graph\":[{\"@type\":\"WebPage\",\"@id\":\"https:\/\/teresalaiz.com\/web\/biografia\/\",\"url\":\"https:\/\/teresalaiz.com\/web\/biografia\/\",\"name\":\"Biograf\u00eda - Teresa Laiz\",\"isPartOf\":{\"@id\":\"https:\/\/teresalaiz.com\/web\/#website\"},\"primaryImageOfPage\":{\"@id\":\"https:\/\/teresalaiz.com\/web\/biografia\/#primaryimage\"},\"image\":{\"@id\":\"https:\/\/teresalaiz.com\/web\/biografia\/#primaryimage\"},\"thumbnailUrl\":\"https:\/\/teresalaiz.com\/web\/wp-content\/uploads\/2015\/12\/47c897375bbe248d6feda10cf29e54a2-243x300.jpg\",\"datePublished\":\"2015-11-30T21:04:23+00:00\",\"dateModified\":\"2025-09-16T18:49:44+00:00\",\"description\":\"Biograf\u00eda de Teresa Laiz, Concertista y Maestra de Casta\u00f1uelas. Escuela de Casta\u00f1uelas Online Teresa Laiz, miembro del CID-UNESCO.\",\"breadcrumb\":{\"@id\":\"https:\/\/teresalaiz.com\/web\/biografia\/#breadcrumb\"},\"inLanguage\":\"es\",\"potentialAction\":[{\"@type\":\"ReadAction\",\"target\":[\"https:\/\/teresalaiz.com\/web\/biografia\/\"]}]},{\"@type\":\"ImageObject\",\"inLanguage\":\"es\",\"@id\":\"https:\/\/teresalaiz.com\/web\/biografia\/#primaryimage\",\"url\":\"https:\/\/teresalaiz.com\/web\/wp-content\/uploads\/2015\/12\/47c897375bbe248d6feda10cf29e54a2.jpg\",\"contentUrl\":\"https:\/\/teresalaiz.com\/web\/wp-content\/uploads\/2015\/12\/47c897375bbe248d6feda10cf29e54a2.jpg\",\"width\":613,\"height\":757,\"caption\":\"Teresa Laiz - Biograf\u00eda\"},{\"@type\":\"BreadcrumbList\",\"@id\":\"https:\/\/teresalaiz.com\/web\/biografia\/#breadcrumb\",\"itemListElement\":[{\"@type\":\"ListItem\",\"position\":1,\"name\":\"Portada\",\"item\":\"https:\/\/teresalaiz.com\/web\/\"},{\"@type\":\"ListItem\",\"position\":2,\"name\":\"Biograf\u00eda\"}]},{\"@type\":\"WebSite\",\"@id\":\"https:\/\/teresalaiz.com\/web\/#website\",\"url\":\"https:\/\/teresalaiz.com\/web\/\",\"name\":\"Teresa Laiz\",\"description\":\"Casta\u00f1uelas, Conciertos de Casta\u00f1uelas, Cursos de Casta\u00f1uelas, Festival Internacional de Casta\u00f1uelas, M\u00e9todo de Casta\u00f1uelas, Castanets, Castagnettes, Kastagnetten, \u30ab\u30b9\u30bf\u30cd\u30c3\u30c8\",\"potentialAction\":[{\"@type\":\"SearchAction\",\"target\":{\"@type\":\"EntryPoint\",\"urlTemplate\":\"https:\/\/teresalaiz.com\/web\/?s={search_term_string}\"},\"query-input\":\"required name=search_term_string\"}],\"inLanguage\":\"es\"}]}<\/script>\n<!-- \/ Yoast SEO plugin. -->","yoast_head_json":{"title":"Biograf\u00eda - Teresa Laiz","description":"Biograf\u00eda de Teresa Laiz, Concertista y Maestra de Casta\u00f1uelas. Escuela de Casta\u00f1uelas Online Teresa Laiz, miembro del CID-UNESCO.","robots":{"index":"index","follow":"follow","max-snippet":"max-snippet:-1","max-image-preview":"max-image-preview:large","max-video-preview":"max-video-preview:-1"},"canonical":"https:\/\/teresalaiz.com\/web\/biografia\/","og_locale":"es_ES","og_type":"article","og_title":"Biograf\u00eda - Teresa Laiz","og_description":"Biograf\u00eda de Teresa Laiz, Concertista y Maestra de Casta\u00f1uelas. Escuela de Casta\u00f1uelas Online Teresa Laiz, miembro del CID-UNESCO.","og_url":"https:\/\/teresalaiz.com\/web\/biografia\/","og_site_name":"Teresa Laiz","article_modified_time":"2025-09-16T18:49:44+00:00","og_image":[{"url":"https:\/\/teresalaiz.com\/web\/wp-content\/uploads\/2015\/12\/47c897375bbe248d6feda10cf29e54a2-243x300.jpg"}],"twitter_card":"summary_large_image","twitter_misc":{"Tiempo de lectura":"5 minutos"},"schema":{"@context":"https:\/\/schema.org","@graph":[{"@type":"WebPage","@id":"https:\/\/teresalaiz.com\/web\/biografia\/","url":"https:\/\/teresalaiz.com\/web\/biografia\/","name":"Biograf\u00eda - Teresa Laiz","isPartOf":{"@id":"https:\/\/teresalaiz.com\/web\/#website"},"primaryImageOfPage":{"@id":"https:\/\/teresalaiz.com\/web\/biografia\/#primaryimage"},"image":{"@id":"https:\/\/teresalaiz.com\/web\/biografia\/#primaryimage"},"thumbnailUrl":"https:\/\/teresalaiz.com\/web\/wp-content\/uploads\/2015\/12\/47c897375bbe248d6feda10cf29e54a2-243x300.jpg","datePublished":"2015-11-30T21:04:23+00:00","dateModified":"2025-09-16T18:49:44+00:00","description":"Biograf\u00eda de Teresa Laiz, Concertista y Maestra de Casta\u00f1uelas. Escuela de Casta\u00f1uelas Online Teresa Laiz, miembro del CID-UNESCO.","breadcrumb":{"@id":"https:\/\/teresalaiz.com\/web\/biografia\/#breadcrumb"},"inLanguage":"es","potentialAction":[{"@type":"ReadAction","target":["https:\/\/teresalaiz.com\/web\/biografia\/"]}]},{"@type":"ImageObject","inLanguage":"es","@id":"https:\/\/teresalaiz.com\/web\/biografia\/#primaryimage","url":"https:\/\/teresalaiz.com\/web\/wp-content\/uploads\/2015\/12\/47c897375bbe248d6feda10cf29e54a2.jpg","contentUrl":"https:\/\/teresalaiz.com\/web\/wp-content\/uploads\/2015\/12\/47c897375bbe248d6feda10cf29e54a2.jpg","width":613,"height":757,"caption":"Teresa Laiz - Biograf\u00eda"},{"@type":"BreadcrumbList","@id":"https:\/\/teresalaiz.com\/web\/biografia\/#breadcrumb","itemListElement":[{"@type":"ListItem","position":1,"name":"Portada","item":"https:\/\/teresalaiz.com\/web\/"},{"@type":"ListItem","position":2,"name":"Biograf\u00eda"}]},{"@type":"WebSite","@id":"https:\/\/teresalaiz.com\/web\/#website","url":"https:\/\/teresalaiz.com\/web\/","name":"Teresa Laiz","description":"Casta\u00f1uelas, Conciertos de Casta\u00f1uelas, Cursos de Casta\u00f1uelas, Festival Internacional de Casta\u00f1uelas, M\u00e9todo de Casta\u00f1uelas, Castanets, Castagnettes, Kastagnetten, \u30ab\u30b9\u30bf\u30cd\u30c3\u30c8","potentialAction":[{"@type":"SearchAction","target":{"@type":"EntryPoint","urlTemplate":"https:\/\/teresalaiz.com\/web\/?s={search_term_string}"},"query-input":"required name=search_term_string"}],"inLanguage":"es"}]}},"jetpack_sharing_enabled":true,"jetpack_shortlink":"https:\/\/wp.me\/P702QQ-O","jetpack_likes_enabled":true,"_links":{"self":[{"href":"https:\/\/teresalaiz.com\/web\/wp-json\/wp\/v2\/pages\/50"}],"collection":[{"href":"https:\/\/teresalaiz.com\/web\/wp-json\/wp\/v2\/pages"}],"about":[{"href":"https:\/\/teresalaiz.com\/web\/wp-json\/wp\/v2\/types\/page"}],"author":[{"embeddable":true,"href":"https:\/\/teresalaiz.com\/web\/wp-json\/wp\/v2\/users\/1"}],"replies":[{"embeddable":true,"href":"https:\/\/teresalaiz.com\/web\/wp-json\/wp\/v2\/comments?post=50"}],"version-history":[{"count":4,"href":"https:\/\/teresalaiz.com\/web\/wp-json\/wp\/v2\/pages\/50\/revisions"}],"predecessor-version":[{"id":4250,"href":"https:\/\/teresalaiz.com\/web\/wp-json\/wp\/v2\/pages\/50\/revisions\/4250"}],"wp:attachment":[{"href":"https:\/\/teresalaiz.com\/web\/wp-json\/wp\/v2\/media?parent=50"}],"curies":[{"name":"wp","href":"https:\/\/api.w.org\/{rel}","templated":true}]}}