{"id":861,"date":"2016-09-22T17:50:53","date_gmt":"2016-09-22T17:50:53","guid":{"rendered":"https:\/\/teresalaiz.com\/web\/?page_id=861"},"modified":"2025-05-26T21:07:54","modified_gmt":"2025-05-26T21:07:54","slug":"castanuelas-madrid","status":"publish","type":"page","link":"https:\/\/teresalaiz.com\/web\/escuela\/castanuelas-madrid\/","title":{"rendered":"Escuela de Casta\u00f1uelas Teresa Laiz &#8211; Presencial (Madrid)"},"content":{"rendered":"<h2 style=\"text-align: center;\"><img loading=\"lazy\" decoding=\"async\" class=\"alignnone size-full wp-image-4182\" src=\"https:\/\/teresalaiz.com\/web\/wp-content\/uploads\/2025\/05\/Ma-non-Troppo-2025-2026.jpg\" alt=\"\" width=\"1240\" height=\"1748\" srcset=\"https:\/\/teresalaiz.com\/web\/wp-content\/uploads\/2025\/05\/Ma-non-Troppo-2025-2026.jpg 1240w, https:\/\/teresalaiz.com\/web\/wp-content\/uploads\/2025\/05\/Ma-non-Troppo-2025-2026-213x300.jpg 213w, https:\/\/teresalaiz.com\/web\/wp-content\/uploads\/2025\/05\/Ma-non-Troppo-2025-2026-726x1024.jpg 726w, https:\/\/teresalaiz.com\/web\/wp-content\/uploads\/2025\/05\/Ma-non-Troppo-2025-2026-768x1083.jpg 768w, https:\/\/teresalaiz.com\/web\/wp-content\/uploads\/2025\/05\/Ma-non-Troppo-2025-2026-1090x1536.jpg 1090w\" sizes=\"(max-width: 1240px) 100vw, 1240px\" \/><\/h2>\n<h2 style=\"text-align: center;\">Curso &#8211; 2025\/2026 &#8211;<\/h2>\n<h5><\/h5>\n<h5 style=\"text-align: center;\"><strong><u>Casta\u00f1uelas &#8211; T\u00e9cnica y repertorio<br \/>\n<\/u><\/strong><\/h5>\n<p style=\"text-align: center;\"><em>Se otorgan <a href=\"https:\/\/teresalaiz.com\/web\/escuela\/\">certificados por el CID-UNESCO<\/a><\/em><\/p>\n<p style=\"text-align: justify;\">Los cursos en grupo est\u00e1n dirigidos a alumnos que quieran aprender a tocar las casta\u00f1uelas con una t\u00e9cnica depurada o limpiar su t\u00e9cnica, ganar velocidad, aprender a leer partituras de casta\u00f1uelas, profundizar en el estudio de las casta\u00f1uelas de concierto como instrumento solista, interpretando m\u00fasica de todos los estilos.<\/p>\n<p style=\"text-align: justify;\">Tambi\u00e9n, muy recomendados para bailarines de danza espa\u00f1ola y flamenco que pretendan dar un paso m\u00e1s all\u00e1 con las casta\u00f1uelas, bien para conocer toques nuevos, mejorar su t\u00e9cnica y aplicarla posteriormente al baile o para orientarse como concertista de casta\u00f1uelas. Las casta\u00f1uelas pueden ser un instrumento de concierto o una herramienta para el cante y el baile capaz de enriquecerlo.<\/p>\n<p style=\"text-align: justify;\">Se trabajar\u00e1 la t\u00e9cnica de la casta\u00f1uela a trav\u00e9s de ejercicios de colocaci\u00f3n, fuerza, coordinaci\u00f3n, destreza, ritmo, expresi\u00f3n e improvisaci\u00f3n de forma amena y divertida y a la vez con rigurosidad. Asimismo, el alumno\u00a0se iniciar\u00e1 o perfeccionar\u00e1 en \u00a0la lectura e interpretaci\u00f3n de partituras de casta\u00f1uelas capaz de acompa\u00f1ar todo tipo de m\u00fasica (cl\u00e1sica, moderna, espa\u00f1ola, flamenco, jazz, tango, chotis, catalana, popular de diferentes pa\u00edses, etc.).<\/p>\n<p style=\"text-align: justify;\">El alumno aprender\u00e1\u00a0diversas obras musicales cuyo n\u00famero depender\u00e1 del ritmo de aprendizaje de los alumnos. El curso incluye las partituras y la m\u00fasica.<\/p>\n<p style=\"text-align: justify;\">No es necesario ning\u00fan conocimiento previo de solfeo.<\/p>\n<p style=\"text-align: justify;\">Los alumnos pueden traer sus propias casta\u00f1uelas o adquirirlas en la escuela bajo petici\u00f3n previa a la profesora.<\/p>\n<p>&nbsp;<\/p>\n<h5 style=\"text-align: center;\"><span style=\"text-decoration: underline;\"><strong>t\u00e9cnica de danza con casta\u00f1uelas<\/strong><\/span><\/h5>\n<p><strong>Nivel Elemental\/Intermedio<\/strong><\/p>\n<p style=\"text-align: justify;\">Este curso est\u00e1 dirigido a alumnos que ya bailen algo de flamenco, sevillanas y\/o danza espa\u00f1ola y que sean capaces de hacer la carretilla con las casta\u00f1uelas. Se tratar\u00e1 de limpiar la t\u00e9cnica de las casta\u00f1uelas y ense\u00f1ar nuevos toques. As\u00ed mismo se trabajar\u00e1 la t\u00e9cnica de brazos, cuerpo, pies y giros con casta\u00f1uelas. Se aprender\u00e1n pasos de diferentes disciplinas acompa\u00f1ados de las Casta\u00f1uelas. Adem\u00e1s, se montar\u00e1 una coreograf\u00eda de Danza Espa\u00f1ola, Popular o Flamenco con Casta\u00f1uelas, seg\u00fan el inter\u00e9s de los alumnos.<\/p>\n<p>&nbsp;<\/p>\n<h5 style=\"text-align: center;\"><strong><u>Sevillanas\/fandangos con Casta\u00f1uelas<\/u><\/strong><\/h5>\n<p><strong>Nivel Inicial\/Elemental<\/strong><\/p>\n<p style=\"text-align: justify;\">Este curso est\u00e1 dirigido a alumnos principiantes que deseen comenzar a dar sus primeros pasos con casta\u00f1uelas. Se ense\u00f1ar\u00e1 t\u00e9cnica de baile y pasos b\u00e1sicos de flamenco y danza espa\u00f1ola. A su vez, se explicar\u00e1n los fundamentos t\u00e9cnicos de una buena colocaci\u00f3n y ejecuci\u00f3n de las casta\u00f1uelas. Todo ello, con el fin de aunar los pasos con toques b\u00e1sicos de casta\u00f1uelas. Se aprender\u00e1n las Sevillanas con Casta\u00f1uelas.<\/p>\n<p style=\"text-align: justify;\"><strong>Nivel Intermedio\/Avanzado<\/strong><\/p>\n<p style=\"text-align: justify;\">Este curso est\u00e1 dirigido a alumnos que ya bailen flamenco, sevillanas y\/o danza espa\u00f1ola y que sean capaces de hacer la carretilla con las casta\u00f1uelas. Se tratar\u00e1 de limpiar la t\u00e9cnica de las casta\u00f1uelas y ense\u00f1ar nuevos toques. As\u00ed mismo se trabajar\u00e1 la t\u00e9cnica de brazos, cuerpo, pies y giros con casta\u00f1uelas. Se aprender\u00e1n las Sevillanas con Casta\u00f1uelas. Adem\u00e1s, se montar\u00e1 una coreograf\u00eda de Fandangos con Casta\u00f1uelas.<\/p>\n<p>&nbsp;<\/p>\n<h5 style=\"text-align: center;\"><strong><u>Casta\u00f1uelas de Concierto en el Flamenco<\/u><\/strong><u>\u00a0 <\/u><\/h5>\n<p style=\"text-align: center;\"><em>Descubre c\u00f3mo las Casta\u00f1uelas de Concierto son capaces de enriquecer el Flamenco.<\/em><\/p>\n<p style=\"text-align: center;\"><em>Las Casta\u00f1uelas &#8211; instrumento de concierto y herramienta para el cante y el baile.<\/em><\/p>\n<p style=\"text-align: center;\"><em>Todos los niveles.<\/em><\/p>\n<p style=\"text-align: justify;\">Tanto para alumnos principiantes, que quieran introducirse en las casta\u00f1uelas a trav\u00e9s del flamenco, como para alumnos que ya tocan el instrumento y quieran dar un paso m\u00e1s all\u00e1, a trav\u00e9s del dominio de una t\u00e9cnica m\u00e1s elevada, una calidad de matices m\u00e1s amplia y la lectura de partituras.<\/p>\n<p style=\"text-align: justify;\">Durante el curso se trabajar\u00e1 la t\u00e9cnica de la casta\u00f1uela aplicada al flamenco exclusivamente. Se estudiar\u00e1n los ritmos de los diferentes palos, partituras s\u00f3lo de flamenco y se har\u00e1 gran incapi\u00e9 en la improvisaci\u00f3n.<\/p>\n<p style=\"text-align: justify;\">Los cursos de Casta\u00f1uelas de Concierto no son excluyentes sino complementarios, se pueden hacer los dos cursos a la vez si se quiere.<\/p>\n<h5 style=\"text-align: center;\"><strong><u>Clases Particulares<\/u><\/strong><\/h5>\n<p>Se realizar\u00e1 la clase individual a medida del alumno en cuanto a nivel y objetivos. Se convendr\u00e1 fecha y horario directamente con la profesora.<\/p>\n<h5 style=\"text-align: center;\"><strong><u>Masterclass<\/u><\/strong><\/h5>\n<p style=\"text-align: justify;\">La Masterclass, con una duraci\u00f3n de entre una y cuatro horas, est\u00e1 indicada para alumnos de nivel intermedio y avanzado, que quieran dar un salto en su aprendizaje, bien porque se vean estancados en general o porque tengan alg\u00fan problema t\u00e9cnico. Se realizar\u00e1 un diagn\u00f3stico para detectar vicios, malas posturas, mal sonido, posibles obst\u00e1culos que le impiden avanzar, conseguir gran velocidad y buen sonido con una t\u00e9cnica depurada. Se explicar\u00e1n las claves y se realizar\u00e1n ejercicios para solventar dichos problemas. Se ense\u00f1ar\u00e1n nuevos toques, se trabajar\u00e1 la improvisaci\u00f3n, la puesta en escena y cualquier otra cuesti\u00f3n que el alumno desee tratar. Dependiendo de la duraci\u00f3n de la Masterclass, se ense\u00f1ar\u00e1 a leer y tocar una partitura para casta\u00f1uelas adecuada a su nivel.<\/p>\n<p>Tambi\u00e9n, puede estar indicada para profesores que quieran conocer las bases para una buena t\u00e9cnica, ejercicios, aprender a leer partituras, etc. para poder ense\u00f1ar a sus alumnos de manera m\u00e1s eficaz.<\/p>\n<h5 style=\"text-align: center;\"><strong><u>Cursos intensivos<br \/>\n<\/u><\/strong><\/h5>\n<p style=\"text-align: justify;\">Se ofrecer\u00e1n cursillos intensivos en grupo en Julio, Agosto y Septiembre y tambi\u00e9n a lo largo del curso acad\u00e9mico, de diferentes niveles y duraci\u00f3n. Es posible si se desea realizar un cursillo intensivo de 6 horas individual, acordando fecha y horario entre el alumno y la profesora. Se trabajar\u00e1 t\u00e9cnica y al menos una obra con partitura.<\/p>\n<h5 style=\"text-align: center;\"><strong><u>Clases Sueltas<\/u><\/strong><\/h5>\n<p>Se podr\u00e1 asistir a cualquiera de las clases en grupo y pagar las clases sueltas. Es conveniente preguntar cu\u00e1l ser\u00eda el grupo m\u00e1s adecuado a su nivel.<\/p>\n<h5 style=\"text-align: center;\"><strong><u>Coro de Casta\u00f1uelas<\/u><\/strong><\/h5>\n<p style=\"text-align: center;\">Los alumnos podr\u00e1n formar parte del Coro de Casta\u00f1uelas de Madrid.<\/p>\n<h5 style=\"text-align: center;\"><strong><u>Cheque Regalo<br \/>\n<\/u><\/strong><\/h5>\n<p style=\"text-align: center;\">Regala una Clase de Casta\u00f1uelas o Masterclass de hasta 4 horas a un amigo o familiar.<br \/>\nNo encontrar\u00e1s otro regalo m\u00e1s original y especial.<\/p>\n<p><img loading=\"lazy\" decoding=\"async\" class=\"wp-image-1429 aligncenter\" src=\"https:\/\/teresalaiz.com\/web\/wp-content\/uploads\/2019\/09\/Cheque-Regalo-2.jpg\" alt=\"Cheque Regalo Clase Casta\u00f1uelas\" width=\"377\" height=\"162\" \/><\/p>\n<p>&nbsp;<\/p>\n<p style=\"text-align: center;\"><strong>HORARIOS y PRECIOS de T\u00c9CNICA Y REPERTORIO<\/strong><\/p>\n<ul>\n<li style=\"text-align: center;\"><a href=\"https:\/\/escuela.teresalaiz.com\/\" target=\"_blank\" rel=\"noopener noreferrer\">Ver Cursos de la Escuela de Casta\u00f1uelas Online<\/a><\/li>\n<\/ul>\n<p><strong>D\u00d3NDE<\/strong><\/p>\n<p>Escuela Ma non troppo<br \/>\nC\/Domenico Scarlatti, n\u00ba 3<br \/>\n28003 Madrid &#8211; SPAIN<\/p>\n<p>&nbsp;<\/p>\n<p><strong>CONTACTAR<\/strong><\/p>\n<p>Para cualquier consulta pulsa <a href=\"https:\/\/teresalaiz.com\/web\/contactar\/\">aqu\u00ed<\/a>.<\/p>\n<p>Teresa Laiz<br \/>\nTf. (+34) 636 73 93 77<br \/>\ninfo@teresalaiz.com<br \/>\nwww.teresalaiz.com<\/p>\n","protected":false},"excerpt":{"rendered":"<p>Curso &#8211; 2025\/2026 &#8211; Casta\u00f1uelas &#8211; T\u00e9cnica y repertorio Se otorgan certificados por el CID-UNESCO Los cursos en grupo est\u00e1n dirigidos a alumnos que quieran aprender a tocar las casta\u00f1uelas con una t\u00e9cnica depurada o limpiar su t\u00e9cnica, ganar velocidad, aprender a leer partituras de casta\u00f1uelas, profundizar en el estudio de las casta\u00f1uelas de concierto como instrumento solista, interpretando m\u00fasica de todos los estilos. Tambi\u00e9n, muy recomendados para bailarines de danza espa\u00f1ola y flamenco que pretendan dar un paso m\u00e1s all\u00e1 con las casta\u00f1uelas, bien para conocer toques nuevos, mejorar su t\u00e9cnica y aplicarla posteriormente al baile o para orientarse como concertista de casta\u00f1uelas. Las casta\u00f1uelas pueden ser un instrumento [&hellip;]<\/p>\n","protected":false},"author":1,"featured_media":0,"parent":381,"menu_order":0,"comment_status":"closed","ping_status":"closed","template":"templates\/full-width.php","meta":{"footnotes":""},"yoast_head":"<!-- This site is optimized with the Yoast SEO plugin v22.7 - https:\/\/yoast.com\/wordpress\/plugins\/seo\/ -->\n<title>Escuela de Casta\u00f1uelas Teresa Laiz - Presencial (Madrid) - Teresa Laiz<\/title>\n<meta name=\"description\" content=\"Cursos de Casta\u00f1uelas de Concierto, Escuela de Casta\u00f1uelas Teresa Laiz, en Madrid.\" \/>\n<meta name=\"robots\" content=\"index, follow, max-snippet:-1, max-image-preview:large, max-video-preview:-1\" \/>\n<link rel=\"canonical\" href=\"https:\/\/teresalaiz.com\/web\/escuela\/castanuelas-madrid\/\" \/>\n<meta property=\"og:locale\" content=\"es_ES\" \/>\n<meta property=\"og:type\" content=\"article\" \/>\n<meta property=\"og:title\" content=\"Clases de Casta\u00f1uelas en Madrid\" \/>\n<meta property=\"og:description\" content=\"Escuela de Casta\u00f1uelas Teresa Laiz\" \/>\n<meta property=\"og:url\" content=\"https:\/\/teresalaiz.com\/web\/escuela\/castanuelas-madrid\/\" \/>\n<meta property=\"og:site_name\" content=\"Teresa Laiz\" \/>\n<meta property=\"article:modified_time\" content=\"2025-05-26T21:07:54+00:00\" \/>\n<meta property=\"og:image\" content=\"https:\/\/teresalaiz.com\/web\/wp-content\/uploads\/2025\/05\/Ma-non-Troppo-2025-2026.jpg\" \/>\n\t<meta property=\"og:image:width\" content=\"1240\" \/>\n\t<meta property=\"og:image:height\" content=\"1748\" \/>\n\t<meta property=\"og:image:type\" content=\"image\/jpeg\" \/>\n<meta name=\"twitter:card\" content=\"summary_large_image\" \/>\n<meta name=\"twitter:title\" content=\"Clases de Casta\u00f1uelas en Madrid\" \/>\n<meta name=\"twitter:description\" content=\"Escuela de Casta\u00f1uelas Teresa Laiz\" \/>\n<meta name=\"twitter:image\" content=\"https:\/\/teresalaiz.com\/web\/wp-content\/uploads\/2025\/05\/Ma-non-Troppo-2025-2026.jpg\" \/>\n<meta name=\"twitter:label1\" content=\"Tiempo de lectura\" \/>\n\t<meta name=\"twitter:data1\" content=\"5 minutos\" \/>\n<script type=\"application\/ld+json\" class=\"yoast-schema-graph\">{\"@context\":\"https:\/\/schema.org\",\"@graph\":[{\"@type\":\"WebPage\",\"@id\":\"https:\/\/teresalaiz.com\/web\/escuela\/castanuelas-madrid\/\",\"url\":\"https:\/\/teresalaiz.com\/web\/escuela\/castanuelas-madrid\/\",\"name\":\"Escuela de Casta\u00f1uelas Teresa Laiz - Presencial (Madrid) - Teresa Laiz\",\"isPartOf\":{\"@id\":\"https:\/\/teresalaiz.com\/web\/#website\"},\"primaryImageOfPage\":{\"@id\":\"https:\/\/teresalaiz.com\/web\/escuela\/castanuelas-madrid\/#primaryimage\"},\"image\":{\"@id\":\"https:\/\/teresalaiz.com\/web\/escuela\/castanuelas-madrid\/#primaryimage\"},\"thumbnailUrl\":\"https:\/\/teresalaiz.com\/web\/wp-content\/uploads\/2025\/05\/Ma-non-Troppo-2025-2026.jpg\",\"datePublished\":\"2016-09-22T17:50:53+00:00\",\"dateModified\":\"2025-05-26T21:07:54+00:00\",\"description\":\"Cursos de Casta\u00f1uelas de Concierto, Escuela de Casta\u00f1uelas Teresa Laiz, en Madrid.\",\"breadcrumb\":{\"@id\":\"https:\/\/teresalaiz.com\/web\/escuela\/castanuelas-madrid\/#breadcrumb\"},\"inLanguage\":\"es\",\"potentialAction\":[{\"@type\":\"ReadAction\",\"target\":[\"https:\/\/teresalaiz.com\/web\/escuela\/castanuelas-madrid\/\"]}]},{\"@type\":\"ImageObject\",\"inLanguage\":\"es\",\"@id\":\"https:\/\/teresalaiz.com\/web\/escuela\/castanuelas-madrid\/#primaryimage\",\"url\":\"https:\/\/teresalaiz.com\/web\/wp-content\/uploads\/2025\/05\/Ma-non-Troppo-2025-2026.jpg\",\"contentUrl\":\"https:\/\/teresalaiz.com\/web\/wp-content\/uploads\/2025\/05\/Ma-non-Troppo-2025-2026.jpg\",\"width\":1240,\"height\":1748},{\"@type\":\"BreadcrumbList\",\"@id\":\"https:\/\/teresalaiz.com\/web\/escuela\/castanuelas-madrid\/#breadcrumb\",\"itemListElement\":[{\"@type\":\"ListItem\",\"position\":1,\"name\":\"Portada\",\"item\":\"https:\/\/teresalaiz.com\/web\/\"},{\"@type\":\"ListItem\",\"position\":2,\"name\":\"Escuela\",\"item\":\"https:\/\/teresalaiz.com\/web\/escuela\/\"},{\"@type\":\"ListItem\",\"position\":3,\"name\":\"Escuela de Casta\u00f1uelas Teresa Laiz &#8211; Presencial (Madrid)\"}]},{\"@type\":\"WebSite\",\"@id\":\"https:\/\/teresalaiz.com\/web\/#website\",\"url\":\"https:\/\/teresalaiz.com\/web\/\",\"name\":\"Teresa Laiz\",\"description\":\"Casta\u00f1uelas, Conciertos de Casta\u00f1uelas, Cursos de Casta\u00f1uelas, Festival Internacional de Casta\u00f1uelas, M\u00e9todo de Casta\u00f1uelas, Castanets, Castagnettes, Kastagnetten, \u30ab\u30b9\u30bf\u30cd\u30c3\u30c8\",\"potentialAction\":[{\"@type\":\"SearchAction\",\"target\":{\"@type\":\"EntryPoint\",\"urlTemplate\":\"https:\/\/teresalaiz.com\/web\/?s={search_term_string}\"},\"query-input\":\"required name=search_term_string\"}],\"inLanguage\":\"es\"}]}<\/script>\n<!-- \/ Yoast SEO plugin. -->","yoast_head_json":{"title":"Escuela de Casta\u00f1uelas Teresa Laiz - Presencial (Madrid) - Teresa Laiz","description":"Cursos de Casta\u00f1uelas de Concierto, Escuela de Casta\u00f1uelas Teresa Laiz, en Madrid.","robots":{"index":"index","follow":"follow","max-snippet":"max-snippet:-1","max-image-preview":"max-image-preview:large","max-video-preview":"max-video-preview:-1"},"canonical":"https:\/\/teresalaiz.com\/web\/escuela\/castanuelas-madrid\/","og_locale":"es_ES","og_type":"article","og_title":"Clases de Casta\u00f1uelas en Madrid","og_description":"Escuela de Casta\u00f1uelas Teresa Laiz","og_url":"https:\/\/teresalaiz.com\/web\/escuela\/castanuelas-madrid\/","og_site_name":"Teresa Laiz","article_modified_time":"2025-05-26T21:07:54+00:00","og_image":[{"width":1240,"height":1748,"url":"https:\/\/teresalaiz.com\/web\/wp-content\/uploads\/2025\/05\/Ma-non-Troppo-2025-2026.jpg","type":"image\/jpeg"}],"twitter_card":"summary_large_image","twitter_title":"Clases de Casta\u00f1uelas en Madrid","twitter_description":"Escuela de Casta\u00f1uelas Teresa Laiz","twitter_image":"https:\/\/teresalaiz.com\/web\/wp-content\/uploads\/2025\/05\/Ma-non-Troppo-2025-2026.jpg","twitter_misc":{"Tiempo de lectura":"5 minutos"},"schema":{"@context":"https:\/\/schema.org","@graph":[{"@type":"WebPage","@id":"https:\/\/teresalaiz.com\/web\/escuela\/castanuelas-madrid\/","url":"https:\/\/teresalaiz.com\/web\/escuela\/castanuelas-madrid\/","name":"Escuela de Casta\u00f1uelas Teresa Laiz - Presencial (Madrid) - Teresa Laiz","isPartOf":{"@id":"https:\/\/teresalaiz.com\/web\/#website"},"primaryImageOfPage":{"@id":"https:\/\/teresalaiz.com\/web\/escuela\/castanuelas-madrid\/#primaryimage"},"image":{"@id":"https:\/\/teresalaiz.com\/web\/escuela\/castanuelas-madrid\/#primaryimage"},"thumbnailUrl":"https:\/\/teresalaiz.com\/web\/wp-content\/uploads\/2025\/05\/Ma-non-Troppo-2025-2026.jpg","datePublished":"2016-09-22T17:50:53+00:00","dateModified":"2025-05-26T21:07:54+00:00","description":"Cursos de Casta\u00f1uelas de Concierto, Escuela de Casta\u00f1uelas Teresa Laiz, en Madrid.","breadcrumb":{"@id":"https:\/\/teresalaiz.com\/web\/escuela\/castanuelas-madrid\/#breadcrumb"},"inLanguage":"es","potentialAction":[{"@type":"ReadAction","target":["https:\/\/teresalaiz.com\/web\/escuela\/castanuelas-madrid\/"]}]},{"@type":"ImageObject","inLanguage":"es","@id":"https:\/\/teresalaiz.com\/web\/escuela\/castanuelas-madrid\/#primaryimage","url":"https:\/\/teresalaiz.com\/web\/wp-content\/uploads\/2025\/05\/Ma-non-Troppo-2025-2026.jpg","contentUrl":"https:\/\/teresalaiz.com\/web\/wp-content\/uploads\/2025\/05\/Ma-non-Troppo-2025-2026.jpg","width":1240,"height":1748},{"@type":"BreadcrumbList","@id":"https:\/\/teresalaiz.com\/web\/escuela\/castanuelas-madrid\/#breadcrumb","itemListElement":[{"@type":"ListItem","position":1,"name":"Portada","item":"https:\/\/teresalaiz.com\/web\/"},{"@type":"ListItem","position":2,"name":"Escuela","item":"https:\/\/teresalaiz.com\/web\/escuela\/"},{"@type":"ListItem","position":3,"name":"Escuela de Casta\u00f1uelas Teresa Laiz &#8211; Presencial (Madrid)"}]},{"@type":"WebSite","@id":"https:\/\/teresalaiz.com\/web\/#website","url":"https:\/\/teresalaiz.com\/web\/","name":"Teresa Laiz","description":"Casta\u00f1uelas, Conciertos de Casta\u00f1uelas, Cursos de Casta\u00f1uelas, Festival Internacional de Casta\u00f1uelas, M\u00e9todo de Casta\u00f1uelas, Castanets, Castagnettes, Kastagnetten, \u30ab\u30b9\u30bf\u30cd\u30c3\u30c8","potentialAction":[{"@type":"SearchAction","target":{"@type":"EntryPoint","urlTemplate":"https:\/\/teresalaiz.com\/web\/?s={search_term_string}"},"query-input":"required name=search_term_string"}],"inLanguage":"es"}]}},"jetpack_sharing_enabled":true,"jetpack_shortlink":"https:\/\/wp.me\/P702QQ-dT","jetpack_likes_enabled":true,"_links":{"self":[{"href":"https:\/\/teresalaiz.com\/web\/wp-json\/wp\/v2\/pages\/861"}],"collection":[{"href":"https:\/\/teresalaiz.com\/web\/wp-json\/wp\/v2\/pages"}],"about":[{"href":"https:\/\/teresalaiz.com\/web\/wp-json\/wp\/v2\/types\/page"}],"author":[{"embeddable":true,"href":"https:\/\/teresalaiz.com\/web\/wp-json\/wp\/v2\/users\/1"}],"replies":[{"embeddable":true,"href":"https:\/\/teresalaiz.com\/web\/wp-json\/wp\/v2\/comments?post=861"}],"version-history":[{"count":3,"href":"https:\/\/teresalaiz.com\/web\/wp-json\/wp\/v2\/pages\/861\/revisions"}],"predecessor-version":[{"id":4184,"href":"https:\/\/teresalaiz.com\/web\/wp-json\/wp\/v2\/pages\/861\/revisions\/4184"}],"up":[{"embeddable":true,"href":"https:\/\/teresalaiz.com\/web\/wp-json\/wp\/v2\/pages\/381"}],"wp:attachment":[{"href":"https:\/\/teresalaiz.com\/web\/wp-json\/wp\/v2\/media?parent=861"}],"curies":[{"name":"wp","href":"https:\/\/api.w.org\/{rel}","templated":true}]}}